{"id":54594,"date":"2024-03-02T14:00:38","date_gmt":"2024-03-02T13:00:38","guid":{"rendered":"https:\/\/www.m-stickers.com\/?post_type=product&#038;p=54594"},"modified":"2025-02-25T16:36:33","modified_gmt":"2025-02-25T15:36:33","slug":"kit-de-decoracao-sobre-a-luz-ron-light-bee-exa","status":"publish","type":"product","link":"https:\/\/www.m-stickers.com\/pt\/produit\/kit-deco-sur-ron-light-bee-exa\/","title":{"rendered":"Kit de decora\u00e7\u00e3o SUR-RON LIGHT-BEE \u2013 Exa"},"content":{"rendered":"<h1>Kit de decora\u00e7\u00e3o SUR-RON LIGHT-BEE \u2013 Exa:<\/h1>\n<p>Nosso kit de decora\u00e7\u00e3o completo para SUR-RON LIGHT-BEE a partir de 2021 inclui adesivos para:<\/p>\n<ul>\n<li>Frame<\/li>\n<li>Bateria<\/li>\n<li>Placa de farol<\/li>\n<li>O para-lama dianteiro e todas as pe\u00e7as adicionais (em alguns modelos)<\/li>\n<\/ul>\n<p>O kit inclui 29 adesivos!<\/p>\n<p>Stickers espessos para uma aplica\u00e7\u00e3o mais f\u00e1cil e durabilidade prolongada, protegendo os pain\u00e9is de choques e lascas.<\/p>\n<p>Autocolantes com cola monom\u00e9rica 100% que garante ader\u00eancia permanente, bem como resist\u00eancia a respingos de \u00e1gua e aos raios UV. Adesivos termoform\u00e1veis para melhor cobertura dos carenagens. Nossos Vinis de alta qualidade s\u00e3o projetados e fabricados na Fran\u00e7a.<\/p>\n<hr \/>\n<h2>Kit de decora\u00e7\u00e3o SUR-RON LIGHT-BEE \u2013 Como instal\u00e1-lo?<\/h2>\n<p>Nos kits decorativos SUR-RON LIGHT-BEE s\u00e3o simples de aplicar. Independentemente do tamanho ou da superf\u00edcie da carenagem, o processo \u00e9 o mesmo. Abaixo, voc\u00ea encontrar\u00e1 um tutorial para ajud\u00e1-lo a aplicar corretamente seu kit de adesivos Suzuki. <span style=\"color: #ff0000;\">Antes de mais nada, aqui est\u00e3o as precau\u00e7\u00f5es a tomar:<\/span><\/p>\n<ul>\n<li>Verifique se as suas carenagens est\u00e3o perfeitamente lisas.<\/li>\n<li>Limpar bem e desengraxar os carenagens com \u00e1gua e sab\u00e3o\/\u00e1lcool. <span style=\"color: #ff0000;\">N\u00e3o usar WD40 ou outros produtos \u00e0 base de silicone.\u00a0<\/span>Os pl\u00e1sticos devem estar perfeitamente limpos.<\/li>\n<li>Se os adesivos n\u00e3o forem colados imediatamente, guarde-os em local seco e protegido do sol.<\/li>\n<li>\u00a0No momento da aplica\u00e7\u00e3o, escolha uma pe\u00e7a com temperatura m\u00ednima de 15\u00b0C, protegida do vento e da poeira. Tamb\u00e9m \u00e9 poss\u00edvel aquecer as carenagens antes de aplicar os adesivos para garantir uma boa fixa\u00e7\u00e3o dos mesmos. Uma temperatura muito baixa n\u00e3o permitir\u00e1 uma ades\u00e3o ideal dos adesivos.<\/li>\n<li>Adicione nosso <a href=\"https:\/\/www.m-stickers.com\/pt\/product\/placas-de-revestimento\/\">Placa de queijo raclette autoadesiva<\/a> ao seu pedido para n\u00e3o perder a aplica\u00e7\u00e3o dos seus autocolantes de aro da moto.<\/li>\n<li>Ap\u00f3s a aplica\u00e7\u00e3o, evite o contato com o frio e a umidade para garantir uma boa fixa\u00e7\u00e3o dos adesivos.<\/li>\n<\/ul>\n<p><a href=\"https:\/\/www.m-stickers.com\/pt\/tutorial-de-instalacao-do-kit-de-decoracao-de-carenagens\/\"><strong>TUTORIAIS completo para instalar seu Kit de decora\u00e7\u00e3o surron: <img decoding=\"async\" class=\"alignnone wp-image-6382\" src=\"https:\/\/www.m-stickers.com\/wp-content\/uploads\/2021\/01\/bouton-tuto-300x74.png\" alt=\"\" width=\"150\" height=\"37\" srcset=\"https:\/\/www.m-stickers.com\/wp-content\/uploads\/2021\/01\/bouton-tuto-300x74.png 300w, https:\/\/www.m-stickers.com\/wp-content\/uploads\/2021\/01\/bouton-tuto.png 413w\" sizes=\"(max-width: 150px) 100vw, 150px\" \/><\/strong><\/a><\/p>\n<h4>V\u00eddeo tutorial completo de instala\u00e7\u00e3o do kit de decora\u00e7\u00e3o:<\/h4>\n<p><iframe title=\"Player de v\u00eddeo do YouTube\" src=\"https:\/\/www.youtube.com\/embed\/Qwdx5urMfbY\" width=\"560\" height=\"315\" frameborder=\"0\" allowfullscreen=\"allowfullscreen\"><\/iframe><\/p>\n<hr \/>\n<h2>\u00c9 poss\u00edvel personalizar meu kit de decora\u00e7\u00e3o de motocross SUR-RON LIGHT-BEE?<\/h2>\n<p>Personalize seu kit decorativo como voc\u00ea imaginou e adicione logotipos ou texto personalizado preenchendo este formul\u00e1rio aqui: <strong><a href=\"https:\/\/www.m-stickers.com\/pt\/product\/a-sua-mota-nao-esta-referenciada-no-kit-de-decoracao\/\">PERSONALIZE O SEU KIT DECORATIVO<\/a><\/strong> ! Para uma personaliza\u00e7\u00e3o completa, adicione autocolantes de jantes \u00e0 sua SUR-RON LIGHT-BEE aqui: <a href=\"https:\/\/www.m-stickers.com\/pt\/configurador\/configurar\/19690\/\"><strong>Autocolantes para rodas<\/strong><\/a><\/p>\n<p>&nbsp;<\/p>\n<hr \/>\n<h2>Kit de decora\u00e7\u00e3o LIGHT-BEE, quais as cores poss\u00edveis?<\/h2>\n<p>Nossos kits decorativos para motos de cross est\u00e3o dispon\u00edveis por padr\u00e3o nas seguintes cores: Vermelho \/ Azul \/ Branco \/ Preto \/ Amarelo. Voc\u00ea tamb\u00e9m pode escolher a cor que deseja com nossa op\u00e7\u00e3o de cor espec\u00edfica ou acessando nosso configurador!<\/p>\n<hr \/>\n<h4>Tem alguma quest\u00e3o sobre o kit decorativo da carenagem? Tem um pedido de personaliza\u00e7\u00e3o? N\u00e3o hesite em contactar-nos atrav\u00e9s da p\u00e1gina de contacto: <a href=\"https:\/\/www.m-stickers.com\/pt\/contato\/\"><img decoding=\"async\" class=\"alignnone wp-image-6381\" src=\"https:\/\/www.m-stickers.com\/wp-content\/uploads\/2021\/01\/bouton-contact-300x74.png\" alt=\"\" width=\"150\" height=\"37\" srcset=\"https:\/\/www.m-stickers.com\/wp-content\/uploads\/2021\/01\/bouton-contact-300x74.png 300w, https:\/\/www.m-stickers.com\/wp-content\/uploads\/2021\/01\/bouton-contact.png 413w\" sizes=\"(max-width: 150px) 100vw, 150px\" \/><\/a><\/h4>\n<p>&nbsp;<\/p>","protected":false},"excerpt":{"rendered":"<h1>Kit de decora\u00e7\u00e3o SUR-RON LIGHT-BEE \u2013 Exa:<\/h1>\n<p>Nosso kit de decora\u00e7\u00e3o completo para SUR-RON LIGHT-BEE a partir de 2021 inclui adesivos para:<\/p>\n<ul>\n<li>Frame<\/li>\n<li>Bateria<\/li>\n<li>Placa de farol<\/li>\n<li>O para-lama dianteiro e todas as pe\u00e7as adicionais (em alguns modelos)<\/li>\n<\/ul>\n<p>O kit inclui 29 adesivos!<\/p>\n<h2><\/h2>","protected":false},"featured_media":54613,"comment_status":"open","ping_status":"closed","template":"","meta":[],"product_brand":[],"product_cat":[156,1235,1236],"product_tag":[1240,1241,1238,1239,1237],"class_list":{"0":"post-54594","1":"product","2":"type-product","3":"status-publish","4":"has-post-thumbnail","6":"product_cat-kit-deco","7":"product_cat-kit-deco-sur-ron","8":"product_cat-kit-deco-sur-ron-light-bee","9":"product_tag-light-bee","10":"product_tag-lightbee","11":"product_tag-sur-ron","12":"product_tag-sur-ron-light-bee","13":"product_tag-surron","14":"product_shipping_class-standard","16":"entry","17":"has-media","19":"first","20":"instock","21":"taxable","22":"shipping-taxable","23":"purchasable","24":"product-type-variable","25":"has-default-attributes","26":"col","27":"span_1_of_5","28":"owp-content-center","29":"item-entry","30":"owp-thumbs-layout-horizontal","31":"owp-btn-big","32":"owp-tabs-layout-horizontal","33":"has-no-thumbnails"},"ase":null,"_links":{"self":[{"href":"https:\/\/www.m-stickers.com\/pt\/wp-json\/wp\/v2\/product\/54594","targetHints":{"allow":["GET"]}}],"collection":[{"href":"https:\/\/www.m-stickers.com\/pt\/wp-json\/wp\/v2\/product"}],"about":[{"href":"https:\/\/www.m-stickers.com\/pt\/wp-json\/wp\/v2\/types\/product"}],"replies":[{"embeddable":true,"href":"https:\/\/www.m-stickers.com\/pt\/wp-json\/wp\/v2\/comments?post=54594"}],"wp:featuredmedia":[{"embeddable":true,"href":"https:\/\/www.m-stickers.com\/pt\/wp-json\/wp\/v2\/media\/54613"}],"wp:attachment":[{"href":"https:\/\/www.m-stickers.com\/pt\/wp-json\/wp\/v2\/media?parent=54594"}],"wp:term":[{"taxonomy":"product_brand","embeddable":true,"href":"https:\/\/www.m-stickers.com\/pt\/wp-json\/wp\/v2\/product_brand?post=54594"},{"taxonomy":"product_cat","embeddable":true,"href":"https:\/\/www.m-stickers.com\/pt\/wp-json\/wp\/v2\/product_cat?post=54594"},{"taxonomy":"product_tag","embeddable":true,"href":"https:\/\/www.m-stickers.com\/pt\/wp-json\/wp\/v2\/product_tag?post=54594"}],"curies":[{"name":"Pneu","href":"https:\/\/api.w.org\/{rel}","templated":true}]}}