{"id":56073,"date":"2024-05-30T17:27:02","date_gmt":"2024-05-30T15:27:02","guid":{"rendered":"https:\/\/www.m-stickers.com\/?post_type=product&#038;p=56073"},"modified":"2026-02-12T20:09:09","modified_gmt":"2026-02-12T19:09:09","slug":"decais-originais-suzuki-hayabusa","status":"publish","type":"product","link":"https:\/\/www.m-stickers.com\/pt\/produit\/stickers-dorigine-suzuki-hayabusa\/","title":{"rendered":"Stickers originais \u2013 Suzuki Hayabusa"},"content":{"rendered":"<h2>Decais originais - Suzuki Hayabusa<\/h2>\n<p>Decais originais para Honda Suzuki Hayabusa personaliza\u00e7\u00e3o. O nosso kit inclui:<\/p>\n<ul>\n<li>2 Decais Hayabusa para as carenagens esquerda e direita<\/li>\n<li>2 Decais Suzuki para o dep\u00f3sito<\/li>\n<li>2 Decais Hayabusa para a carenagem traseira*<\/li>\n<li>Qualidade profissional com durabilidade permanente<\/li>\n<\/ul>\n<p>De acordo com a op\u00e7\u00e3o selecionada<\/p>\n<p>Decais com cola monom\u00e9rica, com durabilidade permanente e resist\u00eancia a respingos de \u00e1gua e aos raios UV.<br \/>\nNossos Vinis de alta qualidade s\u00e3o projetados e fabricados na Fran\u00e7a.<\/p>\n<hr \/>\n<h3>Decais originais \u2013 Suzuki Hayabusa \u2013 como aplic\u00e1-los?<\/h3>\n<p>O kit de autocolantes original da Hayabusa \u00e9 f\u00e1cil de aplicar nos carenagens originais da moto, o processo \u00e9 o mesmo. Abaixo, encontrar\u00e1 um tutorial para o ajudar a aplicar corretamente o seu kit de autocolantes original. <span style=\"color: #ff0000;\">Antes de mais nada, aqui est\u00e3o as precau\u00e7\u00f5es a tomar:<\/span><\/p>\n<ul>\n<li>Verifique se a superf\u00edcie est\u00e1 perfeitamente lisa.<\/li>\n<li>Limpe e desengordure bem as carenagens com o nosso produto <a href=\"https:\/\/www.m-stickers.com\/pt\/product-category\/limpador-de-roda\/\">Limpador de adesivos<\/a> ou com \u00e1gua e sab\u00e3o. <span style=\"color: #ff0000;\">N\u00e3o usar WD40 ou outros produtos \u00e0 base de silicone.\u00a0<\/span>A superf\u00edcie deve estar perfeitamente limpa.<\/li>\n<li>N\u00e3o manipular os adesivos pelo lado adesivo.<\/li>\n<li>Se os adesivos n\u00e3o forem colados imediatamente, guarde-os em local seco e protegido do sol.<\/li>\n<li>\u00a0Para a aplica\u00e7\u00e3o, escolha uma pe\u00e7a com temperatura m\u00ednima de 15\u00b0C, protegida do vento e da poeira. Tamb\u00e9m \u00e9 poss\u00edvel aquecer a superf\u00edcie antes de aplicar as decalcomanias para garantir uma boa fixa\u00e7\u00e3o dos adesivos. Uma temperatura muito fria n\u00e3o permitir\u00e1 uma ades\u00e3o ideal das decalcomanias.<\/li>\n<li>Adicione nosso <a href=\"https:\/\/www.m-stickers.com\/pt\/product\/placas-de-revestimento\/\">Placa de queijo raclette autoadesiva<\/a> com o seu pedido para n\u00e3o perder a instala\u00e7\u00e3o dos seus autocolantes originais<\/li>\n<li>Ap\u00f3s a aplica\u00e7\u00e3o, evite o contato com frio e umidade para garantir uma boa fixa\u00e7\u00e3o dos adesivos.<\/li>\n<\/ul>\n<hr \/>\n<h2>\u00c9 poss\u00edvel personalizar os meus adesivos originais da Suzuki Hayabusa?<\/h2>\n<p>O nosso produto b\u00e1sico inclui apenas os 2 logos Haybusa presentes nos carenagens direito e esquerdo da moto. \u00c9 poss\u00edvel selecionar as op\u00e7\u00f5es 2 e\/ou 3 para adicionar os pequenos adesivos Suzuki e Hayabusa presentes no dep\u00f3sito e na carenagem traseira.<\/p>\n<p>Personalize seus decalques gra\u00e7as aos nossos efeitos! Oferecemos para seu kit original os efeitos: Hologr\u00e1fico \/ Fotoluminescente \/ Refletivo \/ Fluorescente \/ Brilhante \/ Fosco. <strong>-&gt; <a href=\"https:\/\/www.m-stickers.com\/pt\/nossos-adesivos\/\">Venha aqui para saber mais sobre nossos adesivos!<\/a><\/strong><\/p>\n<hr \/>\n<h3>Kit decorativo Honda Hayabusa, quais as cores poss\u00edveis?<\/h3>\n<p>Nossos kits originais de moto est\u00e3o dispon\u00edveis por padr\u00e3o nas seguintes cores: Branco \/ Preto \/ Vermelho \/ Laranja \/ Amarelo \/ Verde \/ Ciano \/ Azul \/ Rosa. Voc\u00ea tamb\u00e9m pode escolher a cor que deseja com nossa op\u00e7\u00e3o de cor espec\u00edfica ou acessando nosso configurador!<\/p>\n<hr \/>\n<h4>Tem alguma quest\u00e3o sobre os nossos kits decorativos originais? Um pedido de personaliza\u00e7\u00e3o? N\u00e3o hesite em contactar-nos atrav\u00e9s da p\u00e1gina de contacto: <a href=\"https:\/\/www.m-stickers.com\/pt\/contato\/\"><img decoding=\"async\" class=\"alignnone wp-image-6381\" src=\"https:\/\/www.m-stickers.com\/wp-content\/uploads\/2021\/01\/bouton-contact-300x74.png\" alt=\"\" width=\"150\" height=\"37\" srcset=\"https:\/\/www.m-stickers.com\/wp-content\/uploads\/2021\/01\/bouton-contact-300x74.png 300w, https:\/\/www.m-stickers.com\/wp-content\/uploads\/2021\/01\/bouton-contact.png 413w\" sizes=\"(max-width: 150px) 100vw, 150px\" \/><\/a><\/h4>","protected":false},"excerpt":{"rendered":"<h2>Decais originais - Hayabusa<\/h2>\n<p>Decais originais para Honda Suzuki Hayabusa personaliza\u00e7\u00e3o. O nosso kit inclui:<\/p>\n<ul>\n<li>2 Decais Hayabusa para as carenagens esquerda e direita<\/li>\n<li>2 Decais Suzuki para o dep\u00f3sito<\/li>\n<li>2 Decais Hayabusa para a carenagem traseira*<\/li>\n<\/ul>\n<p>De acordo com a op\u00e7\u00e3o selecionada<\/p>\n<p><span style=\"color: #ff0000;\"><strong>O kit inclui: 2 adesivos do logotipo Hayabusa para carenagens.<\/strong><\/span><\/p>\n<p>\u00c9 poss\u00edvel adicionar adesivos Suzuki e Hayabusa para o dep\u00f3sito e carenagem traseira, nas op\u00e7\u00f5es 1 e\/ou 2. As cores e acabamentos s\u00e3o \u00e0 escolha.<\/p>","protected":false},"featured_media":56083,"comment_status":"open","ping_status":"closed","template":"","meta":[],"product_brand":[],"product_cat":[558,15,1247],"product_tag":[1137,1250,1254,1059,1251,1252,1253],"class_list":{"0":"post-56073","1":"product","2":"type-product","3":"status-publish","4":"has-post-thumbnail","6":"product_cat-kit-deco-suzuki","7":"product_cat-kits-stickers-jantes-moto-complet","8":"product_cat-stickers-origine-hayabusa","9":"product_tag-hayabusa","10":"product_tag-sticker-dorigine","11":"product_tag-sticker-hayabusa","12":"product_tag-stickers-dorigine","13":"product_tag-stickers-dorigine-hayabusa","14":"product_tag-stickers-hayabusa","15":"product_tag-suzuki-hayabusa","16":"product_shipping_class-standard","18":"entry","19":"has-media","21":"first","22":"instock","23":"taxable","24":"shipping-taxable","25":"purchasable","26":"product-type-variable","27":"has-default-attributes","28":"col","29":"span_1_of_5","30":"owp-content-center","31":"item-entry","32":"owp-thumbs-layout-horizontal","33":"owp-btn-big","34":"owp-tabs-layout-horizontal","35":"has-no-thumbnails"},"ase":null,"_links":{"self":[{"href":"https:\/\/www.m-stickers.com\/pt\/wp-json\/wp\/v2\/product\/56073","targetHints":{"allow":["GET"]}}],"collection":[{"href":"https:\/\/www.m-stickers.com\/pt\/wp-json\/wp\/v2\/product"}],"about":[{"href":"https:\/\/www.m-stickers.com\/pt\/wp-json\/wp\/v2\/types\/product"}],"replies":[{"embeddable":true,"href":"https:\/\/www.m-stickers.com\/pt\/wp-json\/wp\/v2\/comments?post=56073"}],"wp:featuredmedia":[{"embeddable":true,"href":"https:\/\/www.m-stickers.com\/pt\/wp-json\/wp\/v2\/media\/56083"}],"wp:attachment":[{"href":"https:\/\/www.m-stickers.com\/pt\/wp-json\/wp\/v2\/media?parent=56073"}],"wp:term":[{"taxonomy":"product_brand","embeddable":true,"href":"https:\/\/www.m-stickers.com\/pt\/wp-json\/wp\/v2\/product_brand?post=56073"},{"taxonomy":"product_cat","embeddable":true,"href":"https:\/\/www.m-stickers.com\/pt\/wp-json\/wp\/v2\/product_cat?post=56073"},{"taxonomy":"product_tag","embeddable":true,"href":"https:\/\/www.m-stickers.com\/pt\/wp-json\/wp\/v2\/product_tag?post=56073"}],"curies":[{"name":"Pneu","href":"https:\/\/api.w.org\/{rel}","templated":true}]}}