{"id":56816,"date":"2024-06-25T16:08:33","date_gmt":"2024-06-25T14:08:33","guid":{"rendered":"https:\/\/www.m-stickers.com\/?post_type=product&#038;p=56816"},"modified":"2025-02-25T16:36:50","modified_gmt":"2025-02-25T15:36:50","slug":"jantes-kawasaki-ninja-650","status":"publish","type":"product","link":"https:\/\/www.m-stickers.com\/pt\/produit\/liseret-kawasaki-ninja-650\/","title":{"rendered":"Jantes - Kawasaki - Ninja 650"},"content":{"rendered":"<h2>Jantes - Kawasaki - Ninja 650 <span style=\"color: #ff0000;\">(Desestoque)<\/span> :<\/h2>\n<p><strong>Faixa de aro (pacote de 10 faixas) \u2013 FUNDO PRETO.<\/strong><\/p>\n<p>Jantes de moto com frisos - Kawasaki - Ninja 650<\/p>\n<ul>\n<li>10 frisos Kawasaki \u2013 Ninja 650<\/li>\n<li>Adapta-se a todas as jantes<\/li>\n<li>Fundo preto<\/li>\n<\/ul>\n<p>Autocolantes com cola monom\u00e9rica de 100\u03bc, que proporciona uma fixa\u00e7\u00e3o permanente, bem como resist\u00eancia a jatos d'\u00e1gua e aos raios UV.<br \/>\nNossos Vinis de alta qualidade s\u00e3o projetados e fabricados na Fran\u00e7a.<\/p>\n<hr \/>\n<h3>Decais Moto - Como aplicar?<\/h3>\n<p>Nossas Faixas para Jantes de Moto s\u00e3o f\u00e1ceis de aplicar, independentemente do tamanho ou da superf\u00edcie, o processo permanece o mesmo. Abaixo, voc\u00ea encontrar\u00e1 um tutorial para ajud\u00e1-lo a aplicar corretamente seu adesivo de moto. . <span style=\"color: #ff0000;\">Antes de mais nada, aqui est\u00e3o as precau\u00e7\u00f5es a tomar:<\/span><\/p>\n<ul>\n<li>Verifique se a superf\u00edcie est\u00e1 perfeitamente lisa.<\/li>\n<li>Limpe bem e desengordure a superf\u00edcie com o nosso produto. <a href=\"https:\/\/www.m-stickers.com\/pt\/product\/limpador-de-rodas-de-moto-adesivos-especiais-100ml\/\"><span style=\"color: #ff0000;\"><strong>Limpador de para-lamas para adesivos.<\/strong><\/span><\/a>. Ou com \u00e1gua e sab\u00e3o (Pode n\u00e3o ser suficiente para remover todos os res\u00edduos de gordura). Ou \u00e1lcool. <span style=\"color: #ff0000;\">N\u00e3o usar WD40 ou outros produtos \u00e0 base de silicone. <\/span>A superf\u00edcie deve estar perfeitamente limpa.<\/li>\n<li>N\u00e3o manipular os adesivos pelo lado adesivo.<\/li>\n<li>Se os adesivos n\u00e3o forem colados imediatamente, guarde-os em local seco e protegido do sol.<\/li>\n<li>Para a aplica\u00e7\u00e3o, escolha uma pe\u00e7a com temperatura m\u00ednima de 15\u00b0C, protegida do vento e da poeira. Tamb\u00e9m \u00e9 poss\u00edvel aquecer a superf\u00edcie antes de aplicar as decalcomanias para garantir uma boa fixa\u00e7\u00e3o dos adesivos. Uma temperatura muito fria n\u00e3o permitir\u00e1 uma ades\u00e3o ideal das decalcomanias.<\/li>\n<li>Adicione nosso <a href=\"https:\/\/www.m-stickers.com\/pt\/product\/placas-de-revestimento\/\">Placa de queijo raclette autoadesiva<\/a> ao seu pedido para n\u00e3o perder a aplica\u00e7\u00e3o dos seus autocolantes de aro de roda de moto<\/li>\n<li>Ap\u00f3s a aplica\u00e7\u00e3o, evite o contato com o frio e a umidade para garantir uma boa fixa\u00e7\u00e3o dos adesivos.<\/li>\n<\/ul>\n<p><strong><a href=\"https:\/\/www.m-stickers.com\/pt\/tutorial-como-colocar-adesivos-de-rodas-de-moto\/\">Guia completo para aplicar adesivos de moto <\/a><a href=\"https:\/\/www.m-stickers.com\/pt\/tutorial-como-colocar-adesivos-de-rodas-de-moto\/\"><img decoding=\"async\" class=\"alignnone wp-image-6382\" src=\"https:\/\/www.m-stickers.com\/wp-content\/uploads\/2021\/01\/bouton-tuto-300x74.png\" alt=\"\" width=\"150\" height=\"37\" srcset=\"https:\/\/www.m-stickers.com\/wp-content\/uploads\/2021\/01\/bouton-tuto-300x74.png 300w, https:\/\/www.m-stickers.com\/wp-content\/uploads\/2021\/01\/bouton-tuto.png 413w\" sizes=\"(max-width: 150px) 100vw, 150px\" \/><\/a><\/strong><\/p>\n<h4>V\u00eddeo tutorial completo de instala\u00e7\u00e3o do kit de decora\u00e7\u00e3o de rodas:<\/h4>\n<p><iframe title=\"Player de v\u00eddeo do YouTube\" src=\"https:\/\/www.youtube.com\/embed\/1AJhkFaZIsk\" width=\"1120\" height=\"630\" frameborder=\"0\" allowfullscreen=\"allowfullscreen\" data-mce-fragment=\"1\"><\/iframe><\/p>\n<hr \/>\n<h2>\u00c9 poss\u00edvel personalizar as faixas dos meus pneus\/jantes?<\/h2>\n<ul>\n<li>Personalize suas faixas de roda de moto com nossos efeitos! Oferecemos para seu kit decorativo de jante os efeitos: Holographic \/ Fotoluminescente \/ Retrorrefletor \/ Fluorescente \/ Brilhante \/ Fosco \/ Refor\u00e7ado \/ Dourado \/ Prateado. <strong>-&gt; <a href=\"https:\/\/www.m-stickers.com\/pt\/nossos-adesivos\/\">Venha aqui para saber mais sobre nossos adesivos! <\/a><\/strong><\/li>\n<li>Voc\u00ea tamb\u00e9m pode personalizar seu kit de aros decorativos com uma ampla sele\u00e7\u00e3o de designs com nosso<strong> <a href=\"https:\/\/www.m-stickers.com\/pt\/categorie-configurator\/\">Configurador instant\u00e2neo<\/a><a href=\"https:\/\/www.m-stickers.com\/pt\/categorie-configurator\/\"><img decoding=\"async\" class=\"alignnone wp-image-6380\" src=\"https:\/\/www.m-stickers.com\/wp-content\/uploads\/2021\/01\/bouton-configurator-3-300x74.png\" alt=\"\" width=\"150\" height=\"37\" srcset=\"https:\/\/www.m-stickers.com\/wp-content\/uploads\/2021\/01\/bouton-configurator-3-300x74.png 300w, https:\/\/www.m-stickers.com\/wp-content\/uploads\/2021\/01\/bouton-configurator-3.png 413w\" sizes=\"(max-width: 150px) 100vw, 150px\" \/><\/a><\/strong><\/li>\n<\/ul>\n<hr \/>\n<h3>Feito de roda de moto, quais as cores poss\u00edveis?<\/h3>\n<ul>\n<li>Nossas faixas decorativas de jante para moto est\u00e3o dispon\u00edveis por padr\u00e3o nas seguintes cores: Branco \/ Preto \/ Vermelho \/ Laranja \/ Amarelo \/ Verde \/ Ciano \/ Azul \/ Rosa. Voc\u00ea tamb\u00e9m pode escolher a cor que deseja com nossa op\u00e7\u00e3o de cor espec\u00edfica ou acessando nosso configurador<\/li>\n<li>Encontro <a href=\"https:\/\/www.m-stickers.com\/pt\/nuancier-de-adesivos\/\">aqui<\/a> Para encontrar todas as nossas op\u00e7\u00f5es de cor com<a href=\"https:\/\/www.m-stickers.com\/pt\/nuancier-de-adesivos\/\"><strong> O cat\u00e1logo de adesivos M-Stickers.<\/strong><\/a><\/li>\n<\/ul>\n<hr \/>\n<h4>Tem alguma d\u00favida sobre faixas para aros de moto? Precisa de um servi\u00e7o de personaliza\u00e7\u00e3o? N\u00e3o hesite em nos contatar atrav\u00e9s da p\u00e1gina de contato: <a href=\"https:\/\/www.m-stickers.com\/pt\/contato\/\"><img decoding=\"async\" class=\"alignnone wp-image-6381\" src=\"https:\/\/www.m-stickers.com\/wp-content\/uploads\/2021\/01\/bouton-contact-300x74.png\" alt=\"\" width=\"150\" height=\"37\" srcset=\"https:\/\/www.m-stickers.com\/wp-content\/uploads\/2021\/01\/bouton-contact-300x74.png 300w, https:\/\/www.m-stickers.com\/wp-content\/uploads\/2021\/01\/bouton-contact.png 413w\" sizes=\"(max-width: 150px) 100vw, 150px\" \/><\/a><\/h4>\n<p><span style=\"color: #999999;\"><strong>Palavras-chave:<\/strong> Faixas de jantes, Faixas de rodas, kit de faixas para motos, faixa de roda, kit de decora\u00e7\u00e3o para motos, decalques de rodas, personaliza\u00e7\u00e3o de motos, vinis de alta qualidade, guia de aplica\u00e7\u00e3o de adesivos, personaliza\u00e7\u00e3o de rodas, efeitos de decalques, cores personalizadas.<\/span><\/p>","protected":false},"excerpt":{"rendered":"<h2>Jantes e frisos para motocicletinha - Kawasaki - Ninja 650<\/p>\n<p><\/h2>\n<ul>\n<li>Pacote de 10 frisos<\/li>\n<li>Qualquer tipo de aro (Pretos)<\/li>\n<\/ul>","protected":false},"featured_media":56814,"comment_status":"open","ping_status":"closed","template":"","meta":[],"product_brand":[],"product_cat":[1282,114],"product_tag":[931,204,406,1283,1284,1290,1289,551,1291,933,932,1266,138,1280,1267],"class_list":{"0":"post-56816","1":"product","2":"type-product","3":"status-publish","4":"has-post-thumbnail","6":"product_cat-liseret-kawasaki","7":"product_cat-stickers","8":"product_tag-destockage","9":"product_tag-kawasaki","10":"product_tag-liseret-jante","11":"product_tag-liseret-jante-kawasaki","12":"product_tag-liseret-kawasaki","13":"product_tag-liseret-ninja-650","14":"product_tag-liseret-ninja650","15":"product_tag-ninja-650","16":"product_tag-ninja650","17":"product_tag-promo","18":"product_tag-promotion","19":"product_tag-sticker","20":"product_tag-stickers","21":"product_tag-stickers-kawasaki","22":"product_tag-stickers-unite","23":"product_shipping_class-standard","25":"entry","26":"has-media","28":"first","29":"instock","30":"taxable","31":"shipping-taxable","32":"purchasable","33":"product-type-variable","34":"has-default-attributes","35":"col","36":"span_1_of_5","37":"owp-content-center","38":"item-entry","39":"owp-thumbs-layout-horizontal","40":"owp-btn-big","41":"owp-tabs-layout-horizontal","42":"has-no-thumbnails"},"ase":null,"_links":{"self":[{"href":"https:\/\/www.m-stickers.com\/pt\/wp-json\/wp\/v2\/product\/56816","targetHints":{"allow":["GET"]}}],"collection":[{"href":"https:\/\/www.m-stickers.com\/pt\/wp-json\/wp\/v2\/product"}],"about":[{"href":"https:\/\/www.m-stickers.com\/pt\/wp-json\/wp\/v2\/types\/product"}],"replies":[{"embeddable":true,"href":"https:\/\/www.m-stickers.com\/pt\/wp-json\/wp\/v2\/comments?post=56816"}],"wp:featuredmedia":[{"embeddable":true,"href":"https:\/\/www.m-stickers.com\/pt\/wp-json\/wp\/v2\/media\/56814"}],"wp:attachment":[{"href":"https:\/\/www.m-stickers.com\/pt\/wp-json\/wp\/v2\/media?parent=56816"}],"wp:term":[{"taxonomy":"product_brand","embeddable":true,"href":"https:\/\/www.m-stickers.com\/pt\/wp-json\/wp\/v2\/product_brand?post=56816"},{"taxonomy":"product_cat","embeddable":true,"href":"https:\/\/www.m-stickers.com\/pt\/wp-json\/wp\/v2\/product_cat?post=56816"},{"taxonomy":"product_tag","embeddable":true,"href":"https:\/\/www.m-stickers.com\/pt\/wp-json\/wp\/v2\/product_tag?post=56816"}],"curies":[{"name":"Pneu","href":"https:\/\/api.w.org\/{rel}","templated":true}]}}