{"id":57440,"date":"2024-07-15T17:01:18","date_gmt":"2024-07-15T15:01:18","guid":{"rendered":"https:\/\/www.m-stickers.com\/?post_type=product&#038;p=57440"},"modified":"2026-02-17T17:34:56","modified_gmt":"2026-02-17T16:34:56","slug":"etiquetas-de-capacete-de-moto-smile-em-liquidacao","status":"publish","type":"product","link":"https:\/\/www.m-stickers.com\/pt\/produit\/stickers-casque-moto-smile-destockage\/","title":{"rendered":"Stickers para capacete de moto \u2013 Sorriso (Fechamento de Estoque)"},"content":{"rendered":"<h2>Stickers para capacete de moto Smile<span style=\"color: #ff0000;\">Apuramento<\/span>) :<\/h2>\n<p>Nosso kit de adesivos para capacete de moto Smile inclui:<\/p>\n<ul>\n<li>1 adesivo grande Sorriso de 10cm de altura por 57cm de largura<\/li>\n<li>Etiquetas de alta qualidade de impress\u00e3o e alta resist\u00eancia*<\/li>\n<\/ul>\n<p>Autocolantes com cola monom\u00e9rica 100%, que proporciona uma fixa\u00e7\u00e3o permanente e resist\u00eancia a respingos de \u00e1gua e aos raios UV.<br \/>\nNossos Vinis de alta qualidade s\u00e3o projetados e fabricados na Fran\u00e7a.<\/p>\n<hr \/>\n<h3>Estampas para capacete de moto Smile \u2013 Como coloc\u00e1-las?<\/h3>\n<p>Nossos adesivos para capacete de motocicleta s\u00e3o universais e f\u00e1ceis de aplicar. Independentemente do tamanho ou superf\u00edcie do capacete, o processo permanece o mesmo. Abaixo, voc\u00ea encontrar\u00e1 um tutorial para ajud\u00e1-lo a aplicar corretamente seus adesivos de capacete de moto Smile. . <span style=\"color: #ff0000;\">Antes de mais nada, aqui est\u00e3o as precau\u00e7\u00f5es a tomar:<\/span><\/p>\n<ul>\n<li>Verifique se a superf\u00edcie do capacete est\u00e1 perfeitamente lisa.<\/li>\n<li>Limpar bem e desengraxar o capacete com \u00e1gua e sab\u00e3o\/\u00e1lcool. <span style=\"color: #ff0000;\">N\u00e3o usar WD40 ou outros produtos \u00e0 base de silicone.\u00a0<\/span>O capacete deve estar perfeitamente limpo.<\/li>\n<li>N\u00e3o manipular os adesivos pelo lado adesivo.<\/li>\n<li>Se os adesivos n\u00e3o forem colados imediatamente, guarde-os em local seco e protegido do sol.<\/li>\n<li>\u00a0Para a aplica\u00e7\u00e3o, escolha uma pe\u00e7a com temperatura m\u00ednima de 15\u00b0C, protegida do vento e da poeira. Tamb\u00e9m \u00e9 poss\u00edvel aquecer a superf\u00edcie antes de aplicar as decalcomanias para garantir uma boa fixa\u00e7\u00e3o dos adesivos. Uma temperatura muito fria n\u00e3o permitir\u00e1 uma ades\u00e3o ideal das decalcomanias.<\/li>\n<li>Adicione nosso <a href=\"https:\/\/www.m-stickers.com\/pt\/product\/placas-de-revestimento\/\">Placa de queijo raclette autoadesiva<\/a> ao seu pedido para n\u00e3o perder a aplica\u00e7\u00e3o dos seus autocolantes de aro de roda de moto<\/li>\n<li>Ap\u00f3s a aplica\u00e7\u00e3o, evite o contato com frio e umidade para garantir uma boa fixa\u00e7\u00e3o dos adesivos.<\/li>\n<\/ul>\n<p><strong>TUTORIAIS completo para colar adesivos de capacete de moto: <img decoding=\"async\" class=\"alignnone wp-image-6382\" src=\"https:\/\/www.m-stickers.com\/wp-content\/uploads\/2021\/01\/bouton-tuto-300x74.png\" alt=\"\" width=\"150\" height=\"37\" srcset=\"https:\/\/www.m-stickers.com\/wp-content\/uploads\/2021\/01\/bouton-tuto-300x74.png 300w, https:\/\/www.m-stickers.com\/wp-content\/uploads\/2021\/01\/bouton-tuto.png 413w\" sizes=\"(max-width: 150px) 100vw, 150px\" \/><\/strong><\/p>\n<h4>V\u00eddeo tutorial completo de instala\u00e7\u00e3o do kit de decora\u00e7\u00e3o de capacete de moto:<\/h4>\n<p>&nbsp;<\/p>\n<hr \/>\n<h2>\u00c9 poss\u00edvel personalizar seus **decalques** para capacete de moto?<\/h2>\n<p>\u00c9 totalmente poss\u00edvel personalizar seus adesivos de capacete de motocicleta com nossos efeitos! Recomendamos nossos adesivos Retrorrefletivos que, al\u00e9m de um visual incr\u00edvel, garantem prote\u00e7\u00e3o extra para motociclistas que andam \u00e0 noite. Descubra tamb\u00e9m nossos outros efeitos de adesivos para capacete de motocicleta: Hologr\u00e1fico \/ Fotoluminescente \/ Fluorescente \/ Brilhante \/ Fosco. <strong>-&gt; <a href=\"https:\/\/www.m-stickers.com\/pt\/nossos-adesivos\/\">Venha aqui para saber mais sobre nossos adesivos!<\/a><\/strong><\/p>\n<p>Voc\u00ea tamb\u00e9m pode criar e personalizar seus pr\u00f3prios **adesivos** de capacete de motocicleta diretamente em nosso site <a href=\"https:\/\/sticker-personnalise.fr\/\"><span style=\"color: #ff0000;\"><strong>Pessoa Personalizada<\/strong><\/span><\/a> ! <strong><a href=\"https:\/\/www.m-stickers.com\/pt\/configurador\/configurar\/34367\/\">\u00a0<\/a><a href=\"https:\/\/sticker-personnalise.fr\/\"><img decoding=\"async\" class=\"alignnone wp-image-6380\" src=\"https:\/\/www.m-stickers.com\/wp-content\/uploads\/2021\/01\/bouton-configurator-3-300x74.png\" alt=\"\" width=\"150\" height=\"37\" srcset=\"https:\/\/www.m-stickers.com\/wp-content\/uploads\/2021\/01\/bouton-configurator-3-300x74.png 300w, https:\/\/www.m-stickers.com\/wp-content\/uploads\/2021\/01\/bouton-configurator-3.png 413w\" sizes=\"(max-width: 150px) 100vw, 150px\" \/><\/a><\/strong><\/p>\n<hr \/>\n<h3>Kit de decora\u00e7\u00e3o para capacete de moto, quais as cores poss\u00edveis?<\/h3>\n<p>Nossos kits decorativos para capacetes de moto est\u00e3o dispon\u00edveis por padr\u00e3o nas seguintes cores: Branco \/ Preto \/ Vermelho \/ Laranja \/ Amarelo \/ Verde \/ Ciano \/ Azul \/ Rosa. Voc\u00ea tamb\u00e9m pode escolher a cor desejada com nossa op\u00e7\u00e3o de cor espec\u00edfica ou acessando nosso configurador!<\/p>\n<hr \/>\n<h4>Tem uma pergunta sobre nossos adesivos para capacete de moto? Uma solicita\u00e7\u00e3o de personaliza\u00e7\u00e3o? N\u00e3o hesite em nos contatar atrav\u00e9s da p\u00e1gina de contato: <a href=\"https:\/\/www.m-stickers.com\/pt\/contato\/\"><img decoding=\"async\" class=\"alignnone wp-image-6381\" src=\"https:\/\/www.m-stickers.com\/wp-content\/uploads\/2021\/01\/bouton-contact-300x74.png\" alt=\"\" width=\"150\" height=\"37\" srcset=\"https:\/\/www.m-stickers.com\/wp-content\/uploads\/2021\/01\/bouton-contact-300x74.png 300w, https:\/\/www.m-stickers.com\/wp-content\/uploads\/2021\/01\/bouton-contact.png 413w\" sizes=\"(max-width: 150px) 100vw, 150px\" \/><\/a><\/h4>","protected":false},"excerpt":{"rendered":"<h2>Stickers para capacete de moto Smile:<\/h2>\n<p>Nosso kit de adesivos para capacete de moto inclui:<\/p>\n<ul>\n<li>1 adesivo grande Sorriso de 10cm de altura por 57cm de largura<\/li>\n<li>Etiquetas de alta qualidade de impress\u00e3o e alta resist\u00eancia*<\/li>\n<\/ul>\n<h3><strong><a href=\"https:\/\/sticker-personnalise.fr\/\">Personalize seus autocolantes de capacete de moto diretamente aqui! <\/a><a href=\"https:\/\/sticker-personnalise.fr\/\"><img decoding=\"async\" class=\"alignnone wp-image-6380\" src=\"https:\/\/www.m-stickers.com\/wp-content\/uploads\/2021\/01\/bouton-configurator-3-300x74.png\" alt=\"\" width=\"150\" height=\"37\" srcset=\"https:\/\/www.m-stickers.com\/wp-content\/uploads\/2021\/01\/bouton-configurator-3-300x74.png 300w, https:\/\/www.m-stickers.com\/wp-content\/uploads\/2021\/01\/bouton-configurator-3.png 413w\" sizes=\"(max-width: 150px) 100vw, 150px\" \/><\/a><\/strong><\/h3>","protected":false},"featured_media":36136,"comment_status":"open","ping_status":"closed","template":"","meta":[],"product_brand":[],"product_cat":[929,968],"product_tag":[765,762,827,763,761,764],"class_list":{"0":"post-57440","1":"product","2":"type-product","3":"status-publish","4":"has-post-thumbnail","6":"product_cat-destockage","7":"product_cat-stickers-casque","8":"product_tag-autocollant-casque-moto","9":"product_tag-casque-moto","10":"product_tag-smile","11":"product_tag-sticker-casque-moto","12":"product_tag-stickers-casque-moto","13":"product_tag-stickers-pour-casque-moto","14":"product_shipping_class-standard","16":"entry","17":"has-media","19":"first","20":"instock","21":"sale","22":"taxable","23":"shipping-taxable","24":"purchasable","25":"product-type-variable","26":"has-default-attributes","27":"col","28":"span_1_of_5","29":"owp-content-center","30":"item-entry","31":"owp-thumbs-layout-horizontal","32":"owp-btn-big","33":"owp-tabs-layout-horizontal"},"ase":null,"_links":{"self":[{"href":"https:\/\/www.m-stickers.com\/pt\/wp-json\/wp\/v2\/product\/57440","targetHints":{"allow":["GET"]}}],"collection":[{"href":"https:\/\/www.m-stickers.com\/pt\/wp-json\/wp\/v2\/product"}],"about":[{"href":"https:\/\/www.m-stickers.com\/pt\/wp-json\/wp\/v2\/types\/product"}],"replies":[{"embeddable":true,"href":"https:\/\/www.m-stickers.com\/pt\/wp-json\/wp\/v2\/comments?post=57440"}],"wp:featuredmedia":[{"embeddable":true,"href":"https:\/\/www.m-stickers.com\/pt\/wp-json\/wp\/v2\/media\/36136"}],"wp:attachment":[{"href":"https:\/\/www.m-stickers.com\/pt\/wp-json\/wp\/v2\/media?parent=57440"}],"wp:term":[{"taxonomy":"product_brand","embeddable":true,"href":"https:\/\/www.m-stickers.com\/pt\/wp-json\/wp\/v2\/product_brand?post=57440"},{"taxonomy":"product_cat","embeddable":true,"href":"https:\/\/www.m-stickers.com\/pt\/wp-json\/wp\/v2\/product_cat?post=57440"},{"taxonomy":"product_tag","embeddable":true,"href":"https:\/\/www.m-stickers.com\/pt\/wp-json\/wp\/v2\/product_tag?post=57440"}],"curies":[{"name":"Pneu","href":"https:\/\/api.w.org\/{rel}","templated":true}]}}