{"id":57494,"date":"2024-07-16T16:43:12","date_gmt":"2024-07-16T14:43:12","guid":{"rendered":"https:\/\/www.m-stickers.com\/?post_type=product&#038;p=57494"},"modified":"2025-06-11T10:34:02","modified_gmt":"2025-06-11T08:34:02","slug":"kit-decoracao-honda-cb-750-hornet","status":"publish","type":"product","link":"https:\/\/www.m-stickers.com\/pt\/produit\/kit-deco-honda-cb-750-hornet\/","title":{"rendered":"Kit de decora\u00e7\u00e3o - Honda CB 750 Hornet - Stinger"},"content":{"rendered":"<h2>Decora\u00e7\u00e3o de carenagens \u2013 Honda CB 750 Hornet:<\/h2>\n<p>Adicione um toque de personaliza\u00e7\u00e3o \u00e0 sua moto com sutileza gra\u00e7as aos nossos gr\u00e1ficos de carenagem para Honda CB 750 Hornet<br \/>\nNosso kit inclui:<\/p>\n<ul>\n<li>2 Stickers para os lados do seu tanque<\/li>\n<li>2 Adesivos para a tampa do reservat\u00f3rio<\/li>\n<li>2 Adesivos para os lados da placa do farol<\/li>\n<li>Qualidade profissional com postura permanente*<\/li>\n<\/ul>\n<p>Autocolantes com cola monom\u00e9rica de 100 microns que proporciona uma fixa\u00e7\u00e3o permanente, bem como resist\u00eancia a projec\u00e7\u00f5es de \u00e1gua e aos raios UV.<br \/>\nNossos Vinis de alta qualidade s\u00e3o projetados e fabricados na Fran\u00e7a.<\/p>\n<hr \/>\n<h3>Stickers originais \u2013 Honda CB 750 Hornet \u2013 como coloc\u00e1-los?<\/h3>\n<p>O kit de adesivos originais da Honda Hornet CB750 \u00e9 f\u00e1cil de instalar. Independentemente do tamanho ou da superf\u00edcie a ser adesivada, o processo permanece o mesmo. Abaixo, voc\u00ea encontrar\u00e1 um tutorial para ajud\u00e1-lo a instalar corretamente seu kit de adesivos originais. <span style=\"color: #ff0000;\">Antes de mais nada, aqui est\u00e3o as precau\u00e7\u00f5es a tomar:<\/span><\/p>\n<p>&nbsp;<\/p>\n<ul>\n<li>Limpe bem, desengraxe a moto com \u00e1gua e sab\u00e3o\/\u00e1lcool. <span style=\"color: #ff0000;\">N\u00e3o usar WD40 ou outros produtos \u00e0 base de silicone.<\/span><\/li>\n<li>N\u00e3o manipular os adesivos pelo lado adesivo.<\/li>\n<li>Se os adesivos n\u00e3o forem colados imediatamente, guarde-os em local seco e protegido do sol.<\/li>\n<li>\u00a0No momento da aplica\u00e7\u00e3o, escolha uma pe\u00e7a com temperatura de, no m\u00ednimo, 15\u00b0C, protegida do vento e do p\u00f3. Tamb\u00e9m \u00e9 poss\u00edvel aquecer a pe\u00e7a antes de aplicar os adesivos para garantir uma boa fixa\u00e7\u00e3o dos mesmos. Uma temperatura muito fria n\u00e3o permitir\u00e1 uma ades\u00e3o ideal dos adesivos.<\/li>\n<li>Adicione nosso <a href=\"https:\/\/www.m-stickers.com\/pt\/product\/placas-de-revestimento\/\">Placas de revestimento <\/a>ao seu pedido para n\u00e3o perder a aplica\u00e7\u00e3o dos seus autocolantes de aro de roda de moto<\/li>\n<li>Ap\u00f3s a aplica\u00e7\u00e3o, evite o contato com frio e umidade para garantir uma boa fixa\u00e7\u00e3o dos adesivos.<\/li>\n<\/ul>\n<hr \/>\n<h2>\u00c9 poss\u00edvel personalizar meus adesivos originais - Decora\u00e7\u00e3o de carenagem - Honda CB 750 Hornet?<\/h2>\n<p>Personalize os seus autocolantes com os nossos efeitos! Oferecemos os seguintes efeitos para o seu kit de autocolantes original: Hologr\u00e1fico \/ Foto luminescente \/ Retro-refletor \/ Fluorescente \/ Brilhante \/ Mate. <strong>-&gt; <a href=\"https:\/\/www.m-stickers.com\/pt\/nossos-adesivos\/\">Venha aqui para saber mais sobre nossos adesivos!<\/a><\/strong><\/p>\n<hr \/>\n<h3>Kit decora\u00e7\u00e3o Honda Hornet, quais cores poss\u00edveis?<\/h3>\n<p>Nossos adesivos est\u00e3o dispon\u00edveis por padr\u00e3o nas seguintes cores: Branco \/ Preto \/ Vermelho \/ Laranja \/ Amarelo \/ Verde \/ Ciano \/ Azul \/ Rosa. Voc\u00ea tamb\u00e9m pode escolher a cor que deseja com nossa op\u00e7\u00e3o de cor espec\u00edfica ou acessando nosso configurador!<\/p>\n<hr \/>\n<h4>Tem alguma pergunta sobre nossos kits decorativos? Uma solicita\u00e7\u00e3o de personaliza\u00e7\u00e3o? N\u00e3o hesite em nos contatar atrav\u00e9s da p\u00e1gina de contato: <a href=\"https:\/\/www.m-stickers.com\/pt\/contato\/\"><img decoding=\"async\" class=\"alignnone wp-image-6381\" src=\"https:\/\/www.m-stickers.com\/wp-content\/uploads\/2021\/01\/bouton-contact-300x74.png\" alt=\"\" width=\"150\" height=\"37\" srcset=\"https:\/\/www.m-stickers.com\/wp-content\/uploads\/2021\/01\/bouton-contact-300x74.png 300w, https:\/\/www.m-stickers.com\/wp-content\/uploads\/2021\/01\/bouton-contact.png 413w\" sizes=\"(max-width: 150px) 100vw, 150px\" \/><\/a><\/h4>","protected":false},"excerpt":{"rendered":"<h2>Decora\u00e7\u00e3o de carenagens \u2013 Honda CB 750 Hornet:<\/h2>\n<p>Nosso Kit de decora\u00e7\u00e3o \u2013 Honda CB 750 Hornet inclui:<\/p>\n<ul>\n<li>2 Stickers para os lados do seu tanque<\/li>\n<li>2 Adesivos para a tampa do reservat\u00f3rio<\/li>\n<li>2 Adesivos para os lados da placa do farol<\/li>\n<\/ul>\n<p>&nbsp;<\/p>","protected":false},"featured_media":57510,"comment_status":"open","ping_status":"closed","template":"","meta":[],"product_brand":[],"product_cat":[156,1248,1339],"product_tag":[992,991,139,1058,370,251,1337],"class_list":{"0":"post-57494","1":"product","2":"type-product","3":"status-publish","4":"has-post-thumbnail","6":"product_cat-kit-deco","7":"product_cat-kit-deco-honda","8":"product_cat-stickers-carenages","9":"product_tag-cb-750","10":"product_tag-cb750","11":"product_tag-honda","12":"product_tag-honda-hornet-750","13":"product_tag-hornet","14":"product_tag-kit-deco","15":"product_tag-kit-deco-hornet","16":"product_shipping_class-standard","18":"entry","19":"has-media","21":"first","22":"instock","23":"sale","24":"taxable","25":"shipping-taxable","26":"purchasable","27":"product-type-variable","28":"has-default-attributes","29":"col","30":"span_1_of_5","31":"owp-content-center","32":"item-entry","33":"owp-thumbs-layout-horizontal","34":"owp-btn-big","35":"owp-tabs-layout-horizontal"},"ase":null,"_links":{"self":[{"href":"https:\/\/www.m-stickers.com\/pt\/wp-json\/wp\/v2\/product\/57494","targetHints":{"allow":["GET"]}}],"collection":[{"href":"https:\/\/www.m-stickers.com\/pt\/wp-json\/wp\/v2\/product"}],"about":[{"href":"https:\/\/www.m-stickers.com\/pt\/wp-json\/wp\/v2\/types\/product"}],"replies":[{"embeddable":true,"href":"https:\/\/www.m-stickers.com\/pt\/wp-json\/wp\/v2\/comments?post=57494"}],"wp:featuredmedia":[{"embeddable":true,"href":"https:\/\/www.m-stickers.com\/pt\/wp-json\/wp\/v2\/media\/57510"}],"wp:attachment":[{"href":"https:\/\/www.m-stickers.com\/pt\/wp-json\/wp\/v2\/media?parent=57494"}],"wp:term":[{"taxonomy":"product_brand","embeddable":true,"href":"https:\/\/www.m-stickers.com\/pt\/wp-json\/wp\/v2\/product_brand?post=57494"},{"taxonomy":"product_cat","embeddable":true,"href":"https:\/\/www.m-stickers.com\/pt\/wp-json\/wp\/v2\/product_cat?post=57494"},{"taxonomy":"product_tag","embeddable":true,"href":"https:\/\/www.m-stickers.com\/pt\/wp-json\/wp\/v2\/product_tag?post=57494"}],"curies":[{"name":"Pneu","href":"https:\/\/api.w.org\/{rel}","templated":true}]}}