{"id":57538,"date":"2024-07-18T16:08:23","date_gmt":"2024-07-18T14:08:23","guid":{"rendered":"https:\/\/www.m-stickers.com\/?post_type=product&#038;p=57538"},"modified":"2026-01-23T18:08:31","modified_gmt":"2026-01-23T17:08:31","slug":"etiquetas-para-rodas-honda-cb-650r-brancas-retro-refletivas-liquidacao","status":"publish","type":"product","link":"https:\/\/www.m-stickers.com\/pt\/produit\/stickers-jantes-honda-cb-650-r-blanc-retroreflechissant-destockage\/","title":{"rendered":"Autocolantes de jantes Honda CB 650 R \u2013 Descontos"},"content":{"rendered":"<h2><span style=\"color: #ff0000;\">Apuramento<\/span><\/h2>\n<p data-start=\"298\" data-end=\"538\">Traga um toque esportivo e elegante para sua motocicleta com este <strong data-start=\"358\" data-end=\"399\">Conjunto de autocolantes M-Stickers para jantes Honda CB 650 R<\/strong>, projetado especificamente para <strong data-start=\"429\" data-end=\"449\">Rodas 17 polegadas<\/strong>. Ideal para personalizar a sua CB 650 R, mantendo um visual s\u00f3brio e eficaz.<\/p>\n<p data-start=\"540\" data-end=\"574\">Este pacote para 2 jantes inclui:<\/p>\n<ul data-start=\"575\" data-end=\"687\">\n<li data-start=\"575\" data-end=\"617\">\n<p data-start=\"577\" data-end=\"617\">Faixas de aros pr\u00e9-curvadas de 8mm<\/p>\n<\/li>\n<li data-start=\"618\" data-end=\"656\">\n<p data-start=\"620\" data-end=\"656\">8 adesivos pequenos para roda de moto Honda<\/p>\n<\/li>\n<li data-start=\"657\" data-end=\"687\">\n<p data-start=\"659\" data-end=\"687\">8 adesivos pequenos CB 650 R<\/p>\n<\/li>\n<\/ul>\n<p data-start=\"689\" data-end=\"820\">Os adesivos s\u00e3o <strong data-start=\"707\" data-end=\"723\">pr\u00e9-cortadas<\/strong>, resistentes \u00e0s intemp\u00e9ries e f\u00e1ceis de aplicar para um acabamento limpo, dur\u00e1vel e profissional.<\/p>\n<p data-start=\"822\" data-end=\"954\">Aproveite esta <strong data-start=\"840\" data-end=\"863\">oferta em estoque<\/strong> para equipar a sua Honda CB 650 R a pre\u00e7o reduzido e dar-lhe um estilo esportivo e moderno.<\/p>","protected":false},"excerpt":{"rendered":"<h2><span style=\"color: #ff0000;\">Apuramento<\/span><\/h2>\n<p data-start=\"298\" data-end=\"538\">Traga um toque esportivo e elegante para sua motocicleta com este <strong data-start=\"358\" data-end=\"399\">Conjunto de autocolantes M-Stickers para jantes Honda CB 650 R<\/strong>, projetado especificamente para <strong data-start=\"429\" data-end=\"449\">Rodas 17 polegadas<\/strong>. Ideal para personalizar a sua CB 650 R, mantendo um visual s\u00f3brio e eficaz.<\/p>\n<p data-start=\"540\" data-end=\"574\">Este pacote para 2 jantes inclui:<\/p>\n<ul data-start=\"575\" data-end=\"687\">\n<li data-start=\"575\" data-end=\"617\">\n<p data-start=\"577\" data-end=\"617\">Faixas de aros pr\u00e9-curvadas de 8mm<\/p>\n<\/li>\n<li data-start=\"618\" data-end=\"656\">\n<p data-start=\"620\" data-end=\"656\">8 adesivos pequenos para roda de moto Honda<\/p>\n<\/li>\n<li data-start=\"657\" data-end=\"687\">\n<p data-start=\"659\" data-end=\"687\">8 adesivos pequenos CB 650 R<\/p>\n<\/li>\n<\/ul>\n<p data-start=\"689\" data-end=\"820\">Os adesivos s\u00e3o <strong data-start=\"707\" data-end=\"723\">pr\u00e9-cortadas<\/strong>, resistentes \u00e0s intemp\u00e9ries e f\u00e1ceis de aplicar para um acabamento limpo, dur\u00e1vel e profissional.<\/p>\n<p data-start=\"822\" data-end=\"954\">Aproveite esta <strong data-start=\"840\" data-end=\"863\">oferta em estoque<\/strong> para equipar a sua Honda CB 650 R a pre\u00e7o reduzido e dar-lhe um estilo esportivo e moderno.<\/p>","protected":false},"featured_media":57541,"comment_status":"open","ping_status":"closed","template":"","meta":[],"product_brand":[],"product_cat":[929,963],"product_tag":[377,376,378,375,931,374,403,932,935],"class_list":{"0":"post-57538","1":"product","2":"type-product","3":"status-publish","4":"has-post-thumbnail","6":"product_cat-destockage","7":"product_cat-stickers-honda-pas-cher","8":"product_tag-cb-650-r","9":"product_tag-cb-650r","10":"product_tag-cb650-r","11":"product_tag-cb650r","12":"product_tag-destockage","13":"product_tag-honda-cb650r","14":"product_tag-liserets","15":"product_tag-promotion","16":"product_tag-reduction","17":"product_shipping_class-standard","19":"entry","20":"has-media","22":"first","23":"instock","24":"sale","25":"taxable","26":"shipping-taxable","27":"purchasable","28":"product-type-simple","29":"col","30":"span_1_of_5","31":"owp-content-center","32":"item-entry","33":"owp-thumbs-layout-horizontal","34":"owp-btn-big","35":"owp-tabs-layout-horizontal","36":"has-no-thumbnails"},"ase":null,"_links":{"self":[{"href":"https:\/\/www.m-stickers.com\/pt\/wp-json\/wp\/v2\/product\/57538","targetHints":{"allow":["GET"]}}],"collection":[{"href":"https:\/\/www.m-stickers.com\/pt\/wp-json\/wp\/v2\/product"}],"about":[{"href":"https:\/\/www.m-stickers.com\/pt\/wp-json\/wp\/v2\/types\/product"}],"replies":[{"embeddable":true,"href":"https:\/\/www.m-stickers.com\/pt\/wp-json\/wp\/v2\/comments?post=57538"}],"wp:featuredmedia":[{"embeddable":true,"href":"https:\/\/www.m-stickers.com\/pt\/wp-json\/wp\/v2\/media\/57541"}],"wp:attachment":[{"href":"https:\/\/www.m-stickers.com\/pt\/wp-json\/wp\/v2\/media?parent=57538"}],"wp:term":[{"taxonomy":"product_brand","embeddable":true,"href":"https:\/\/www.m-stickers.com\/pt\/wp-json\/wp\/v2\/product_brand?post=57538"},{"taxonomy":"product_cat","embeddable":true,"href":"https:\/\/www.m-stickers.com\/pt\/wp-json\/wp\/v2\/product_cat?post=57538"},{"taxonomy":"product_tag","embeddable":true,"href":"https:\/\/www.m-stickers.com\/pt\/wp-json\/wp\/v2\/product_tag?post=57538"}],"curies":[{"name":"Pneu","href":"https:\/\/api.w.org\/{rel}","templated":true}]}}