{"id":57999,"date":"2024-08-12T13:30:30","date_gmt":"2024-08-12T11:30:30","guid":{"rendered":"https:\/\/www.m-stickers.com\/?post_type=product&#038;p=57999"},"modified":"2026-02-17T16:36:19","modified_gmt":"2026-02-17T15:36:19","slug":"stickers-for-honda-cb750-rims-white-and-red-closeout-sale","status":"publish","type":"product","link":"https:\/\/www.m-stickers.com\/pt\/produit\/stickers-jantes-honda-cb750-blanc-rouge-destockage\/","title":{"rendered":"Adesivos de jantes Honda CB750 Branco &amp; Vermelho \u2013 Liquida\u00e7\u00e3o"},"content":{"rendered":"<h2><span style=\"color: #ff0000;\">Apuramento <\/span><\/h2>\n<p data-start=\"306\" data-end=\"547\">Personalize sua motocicleta com este <strong data-start=\"339\" data-end=\"392\">kit de adesivos para jantes Honda CB750 branco e vermelho<\/strong>, projetado especificamente para <strong data-start=\"422\" data-end=\"442\">Rodas 17 polegadas<\/strong>. Ideal para real\u00e7ar o visual da sua CB750 Hornet, mantendo um acabamento limpo e esportivo.<\/p>\n<p data-start=\"549\" data-end=\"720\">Fabricado em <strong data-start=\"562\" data-end=\"586\">vinil de alta qualidade<\/strong>, estes decalques oferecem excelente resist\u00eancia aos raios UV, \u00e1gua e salpicos da estrada, para uma fixa\u00e7\u00e3o duradoura.<\/p>\n<p data-start=\"722\" data-end=\"764\">Este pacote completo para 2 aros de roda inclui:<\/p>\n<ul data-start=\"765\" data-end=\"1085\">\n<li data-start=\"765\" data-end=\"817\">\n<p data-start=\"767\" data-end=\"817\">20 faixas pr\u00e9-curvadas de 8 mm (branco e vermelho)<\/p>\n<\/li>\n<li data-start=\"818\" data-end=\"839\">\n<p data-start=\"820\" data-end=\"839\">10 faixas de roda Honda<\/p>\n<\/li>\n<li data-start=\"840\" data-end=\"861\">\n<p data-start=\"842\" data-end=\"861\">10 faixas CB750<\/p>\n<\/li>\n<li data-start=\"862\" data-end=\"951\">\n<p data-start=\"864\" data-end=\"951\">4 adesivos internos de aros Honda (2 grandes, 2 pequenos)<\/p>\n<\/li>\n<li data-start=\"952\" data-end=\"1048\">\n<p data-start=\"954\" data-end=\"1048\">4 adesivos internos para aros de roda CB750 Hornet (2 grandes, 2 pequenos)<\/p>\n<\/li>\n<li data-start=\"1049\" data-end=\"1085\">\n<p data-start=\"1051\" data-end=\"1085\">1 logo Honda (formato 17 \u00d7 10 cm)<\/p>\n<\/li>\n<\/ul>\n<p data-start=\"1087\" data-end=\"1175\">Os adesivos s\u00e3o <strong data-start=\"1105\" data-end=\"1121\">pr\u00e9-cortadas<\/strong> for a <strong data-start=\"1131\" data-end=\"1146\">f\u00e1cil aplica\u00e7\u00e3o<\/strong> e um acabamento profissional.<\/p>\n<p data-start=\"1177\" data-end=\"1319\">Aproveite esta <strong data-start=\"1195\" data-end=\"1218\">oferta em estoque<\/strong> para equipar a sua Honda CB750 a pre\u00e7o reduzido e dar-lhe um estilo de corrida elegante e personalizado.<\/p>","protected":false},"excerpt":{"rendered":"<h2><span style=\"color: #ff0000;\">Apuramento <\/span><\/h2>\n<p data-start=\"306\" data-end=\"547\">Personalize sua motocicleta com este <strong data-start=\"339\" data-end=\"392\">kit de adesivos para jantes Honda CB750 branco e vermelho<\/strong>, projetado especificamente para <strong data-start=\"422\" data-end=\"442\">Rodas 17 polegadas<\/strong>. Ideal para real\u00e7ar o visual da sua CB750 Hornet, mantendo um acabamento limpo e esportivo.<\/p>\n<p data-start=\"549\" data-end=\"720\">Fabricado em <strong data-start=\"562\" data-end=\"586\">vinil de alta qualidade<\/strong>, estes decalques oferecem excelente resist\u00eancia aos raios UV, \u00e1gua e salpicos da estrada, para uma fixa\u00e7\u00e3o duradoura.<\/p>\n<p data-start=\"722\" data-end=\"764\">Este pacote completo para 2 aros de roda inclui:<\/p>\n<ul data-start=\"765\" data-end=\"1085\">\n<li data-start=\"765\" data-end=\"817\">\n<p data-start=\"767\" data-end=\"817\">20 faixas pr\u00e9-curvadas de 8 mm (branco e vermelho)<\/p>\n<\/li>\n<li data-start=\"818\" data-end=\"839\">\n<p data-start=\"820\" data-end=\"839\">10 faixas de roda Honda<\/p>\n<\/li>\n<li data-start=\"840\" data-end=\"861\">\n<p data-start=\"842\" data-end=\"861\">10 faixas CB750<\/p>\n<\/li>\n<li data-start=\"862\" data-end=\"951\">\n<p data-start=\"864\" data-end=\"951\">4 adesivos internos de aros Honda (2 grandes, 2 pequenos)<\/p>\n<\/li>\n<li data-start=\"952\" data-end=\"1048\">\n<p data-start=\"954\" data-end=\"1048\">4 adesivos internos para aros de roda CB750 Hornet (2 grandes, 2 pequenos)<\/p>\n<\/li>\n<li data-start=\"1049\" data-end=\"1085\">\n<p data-start=\"1051\" data-end=\"1085\">1 logo Honda (formato 17 \u00d7 10 cm)<\/p>\n<\/li>\n<\/ul>\n<p data-start=\"1087\" data-end=\"1175\">Os adesivos s\u00e3o <strong data-start=\"1105\" data-end=\"1121\">pr\u00e9-cortadas<\/strong> for a <strong data-start=\"1131\" data-end=\"1146\">f\u00e1cil aplica\u00e7\u00e3o<\/strong> e um acabamento profissional.<\/p>\n<p data-start=\"1177\" data-end=\"1319\">Aproveite esta <strong data-start=\"1195\" data-end=\"1218\">oferta em estoque<\/strong> para equipar a sua Honda CB750 a pre\u00e7o reduzido e dar-lhe um estilo de corrida elegante e personalizado.<\/p>","protected":false},"featured_media":58000,"comment_status":"open","ping_status":"closed","template":"","meta":[],"product_brand":[],"product_cat":[929,963],"product_tag":[991,989,931,139,994,993,1102,933,1131,932,935],"class_list":{"0":"post-57999","1":"product","2":"type-product","3":"status-publish","4":"has-post-thumbnail","6":"product_cat-destockage","7":"product_cat-stickers-honda-pas-cher","8":"product_tag-cb750","9":"product_tag-cb750-hornet","10":"product_tag-destockage","11":"product_tag-honda","12":"product_tag-honda-cb750","13":"product_tag-honda-cb750-hornet","14":"product_tag-hornet-cb750","15":"product_tag-promo","16":"product_tag-promos","17":"product_tag-promotion","18":"product_tag-reduction","19":"product_shipping_class-standard","21":"entry","22":"has-media","24":"first","25":"outofstock","26":"sale","27":"taxable","28":"shipping-taxable","29":"purchasable","30":"product-type-simple","31":"col","32":"span_1_of_5","33":"owp-content-center","34":"item-entry","35":"owp-thumbs-layout-horizontal","36":"owp-btn-big","37":"owp-tabs-layout-horizontal","38":"has-no-thumbnails"},"ase":null,"_links":{"self":[{"href":"https:\/\/www.m-stickers.com\/pt\/wp-json\/wp\/v2\/product\/57999","targetHints":{"allow":["GET"]}}],"collection":[{"href":"https:\/\/www.m-stickers.com\/pt\/wp-json\/wp\/v2\/product"}],"about":[{"href":"https:\/\/www.m-stickers.com\/pt\/wp-json\/wp\/v2\/types\/product"}],"replies":[{"embeddable":true,"href":"https:\/\/www.m-stickers.com\/pt\/wp-json\/wp\/v2\/comments?post=57999"}],"wp:featuredmedia":[{"embeddable":true,"href":"https:\/\/www.m-stickers.com\/pt\/wp-json\/wp\/v2\/media\/58000"}],"wp:attachment":[{"href":"https:\/\/www.m-stickers.com\/pt\/wp-json\/wp\/v2\/media?parent=57999"}],"wp:term":[{"taxonomy":"product_brand","embeddable":true,"href":"https:\/\/www.m-stickers.com\/pt\/wp-json\/wp\/v2\/product_brand?post=57999"},{"taxonomy":"product_cat","embeddable":true,"href":"https:\/\/www.m-stickers.com\/pt\/wp-json\/wp\/v2\/product_cat?post=57999"},{"taxonomy":"product_tag","embeddable":true,"href":"https:\/\/www.m-stickers.com\/pt\/wp-json\/wp\/v2\/product_tag?post=57999"}],"curies":[{"name":"Pneu","href":"https:\/\/api.w.org\/{rel}","templated":true}]}}