{"id":58175,"date":"2024-08-12T17:10:55","date_gmt":"2024-08-12T15:10:55","guid":{"rendered":"https:\/\/www.m-stickers.com\/?post_type=product&#038;p=58175"},"modified":"2026-01-23T17:58:29","modified_gmt":"2026-01-23T16:58:29","slug":"decais-de-roda-kawasaki-z1000-retro-reflexivos-em-promocao","status":"publish","type":"product","link":"https:\/\/www.m-stickers.com\/pt\/produit\/stickers-de-jante-kawasaki-z1000-retro-reflechissant-destockage\/","title":{"rendered":"Decalques de roda Kawasaki Z1000 - Liquida\u00e7\u00e3o"},"content":{"rendered":"<h2><span style=\"color: #ff0000;\">Apuramento <\/span><\/h2>\n<p data-start=\"313\" data-end=\"442\">Personalize sua motocicleta com este <strong data-start=\"346\" data-end=\"389\">kit de autocolantes de aros Kawasaki Z1000<\/strong>, projetado especificamente para <strong data-start=\"419\" data-end=\"439\">Rodas 17 polegadas<\/strong>.<\/p>\n<p data-start=\"444\" data-end=\"486\">Este pacote completo para 2 aros de roda inclui:<\/p>\n<ul data-start=\"487\" data-end=\"604\">\n<li data-start=\"487\" data-end=\"522\">\n<p data-start=\"489\" data-end=\"522\">20 faixas pr\u00e9-curvadas de 8 mm<\/p>\n<\/li>\n<li data-start=\"523\" data-end=\"553\">\n<p data-start=\"525\" data-end=\"553\">8 pequenos autocolantes Kawasaki<\/p>\n<\/li>\n<li data-start=\"554\" data-end=\"581\">\n<p data-start=\"556\" data-end=\"581\">8 pequenos autocolantes Z1000<\/p>\n<\/li>\n<li data-start=\"582\" data-end=\"604\">\n<p data-start=\"584\" data-end=\"604\">8 adesivos Eletro<\/p>\n<\/li>\n<\/ul>\n<p data-start=\"606\" data-end=\"731\">Os adesivos s\u00e3o <strong data-start=\"624\" data-end=\"640\">pr\u00e9-cortadas<\/strong>, resistentes \u00e0s intemp\u00e9ries e f\u00e1ceis de aplicar para um acabamento limpo, duradouro e desportivo.<\/p>\n<p data-start=\"733\" data-end=\"880\">Aproveite esta <strong data-start=\"751\" data-end=\"774\">oferta em estoque<\/strong> para equipar a sua Kawasaki Z1000 a pre\u00e7o reduzido e dar-lhe um visual din\u00e2mico, moderno e personalizado.<\/p>","protected":false},"excerpt":{"rendered":"<h2><span style=\"color: #ff0000;\">Apuramento <\/span><\/h2>\n<p data-start=\"313\" data-end=\"442\">Personalize sua motocicleta com este <strong data-start=\"346\" data-end=\"389\">kit de autocolantes de aros Kawasaki Z1000<\/strong>, projetado especificamente para <strong data-start=\"419\" data-end=\"439\">Rodas 17 polegadas<\/strong>.<\/p>\n<p data-start=\"444\" data-end=\"486\">Este pacote completo para 2 aros de roda inclui:<\/p>\n<ul data-start=\"487\" data-end=\"604\">\n<li data-start=\"487\" data-end=\"522\">\n<p data-start=\"489\" data-end=\"522\">20 faixas pr\u00e9-curvadas de 8 mm<\/p>\n<\/li>\n<li data-start=\"523\" data-end=\"553\">\n<p data-start=\"525\" data-end=\"553\">8 pequenos autocolantes Kawasaki<\/p>\n<\/li>\n<li data-start=\"554\" data-end=\"581\">\n<p data-start=\"556\" data-end=\"581\">8 pequenos autocolantes Z1000<\/p>\n<\/li>\n<li data-start=\"582\" data-end=\"604\">\n<p data-start=\"584\" data-end=\"604\">8 adesivos Eletro<\/p>\n<\/li>\n<\/ul>\n<p data-start=\"606\" data-end=\"731\">Os adesivos s\u00e3o <strong data-start=\"624\" data-end=\"640\">pr\u00e9-cortadas<\/strong>, resistentes \u00e0s intemp\u00e9ries e f\u00e1ceis de aplicar para um acabamento limpo, duradouro e desportivo.<\/p>\n<p data-start=\"733\" data-end=\"880\">Aproveite esta <strong data-start=\"751\" data-end=\"774\">oferta em estoque<\/strong> para equipar a sua Kawasaki Z1000 a pre\u00e7o reduzido e dar-lhe um visual din\u00e2mico, moderno e personalizado.<\/p>","protected":false},"featured_media":58176,"comment_status":"open","ping_status":"closed","template":"","meta":[],"product_brand":[],"product_cat":[929,941],"product_tag":[931,1123,204,403,932,935,247,246],"class_list":{"0":"post-58175","1":"product","2":"type-product","3":"status-publish","4":"has-post-thumbnail","6":"product_cat-destockage","7":"product_cat-stickers-kawasaki-pas-cher","8":"product_tag-destockage","9":"product_tag-jantes","10":"product_tag-kawasaki","11":"product_tag-liserets","12":"product_tag-promotion","13":"product_tag-reduction","14":"product_tag-z-1000","15":"product_tag-z1000","16":"product_shipping_class-standard","18":"entry","19":"has-media","21":"first","22":"instock","23":"sale","24":"taxable","25":"shipping-taxable","26":"purchasable","27":"product-type-simple","28":"col","29":"span_1_of_5","30":"owp-content-center","31":"item-entry","32":"owp-thumbs-layout-horizontal","33":"owp-btn-big","34":"owp-tabs-layout-horizontal"},"ase":null,"_links":{"self":[{"href":"https:\/\/www.m-stickers.com\/pt\/wp-json\/wp\/v2\/product\/58175","targetHints":{"allow":["GET"]}}],"collection":[{"href":"https:\/\/www.m-stickers.com\/pt\/wp-json\/wp\/v2\/product"}],"about":[{"href":"https:\/\/www.m-stickers.com\/pt\/wp-json\/wp\/v2\/types\/product"}],"replies":[{"embeddable":true,"href":"https:\/\/www.m-stickers.com\/pt\/wp-json\/wp\/v2\/comments?post=58175"}],"wp:featuredmedia":[{"embeddable":true,"href":"https:\/\/www.m-stickers.com\/pt\/wp-json\/wp\/v2\/media\/58176"}],"wp:attachment":[{"href":"https:\/\/www.m-stickers.com\/pt\/wp-json\/wp\/v2\/media?parent=58175"}],"wp:term":[{"taxonomy":"product_brand","embeddable":true,"href":"https:\/\/www.m-stickers.com\/pt\/wp-json\/wp\/v2\/product_brand?post=58175"},{"taxonomy":"product_cat","embeddable":true,"href":"https:\/\/www.m-stickers.com\/pt\/wp-json\/wp\/v2\/product_cat?post=58175"},{"taxonomy":"product_tag","embeddable":true,"href":"https:\/\/www.m-stickers.com\/pt\/wp-json\/wp\/v2\/product_tag?post=58175"}],"curies":[{"name":"Pneu","href":"https:\/\/api.w.org\/{rel}","templated":true}]}}