{"id":58300,"date":"2024-08-13T15:21:28","date_gmt":"2024-08-13T13:21:28","guid":{"rendered":"https:\/\/www.m-stickers.com\/?post_type=product&#038;p=58300"},"modified":"2026-01-23T17:54:00","modified_gmt":"2026-01-23T16:54:00","slug":"aro-de-roda-honda-hornet-retro-reflectante-liquidacao","status":"publish","type":"product","link":"https:\/\/www.m-stickers.com\/pt\/produit\/liseret-de-jante-honda-hornet-retro-reflechissant-destockage\/","title":{"rendered":"Faixas de aro Honda Hornet Retrorrefletivas \u2013 Liquida\u00e7\u00e3o"},"content":{"rendered":"<h2><strong><span style=\"color: #ff0000;\">Apuramento<\/span><\/strong><\/h2>\n<p data-start=\"345\" data-end=\"508\">Melhore o estilo e a visibilidade da sua moto com este <strong data-start=\"403\" data-end=\"465\">kit de faixas de roda de motocicleta refletivas Honda Hornet<\/strong>, projetado para equipar <strong data-start=\"486\" data-end=\"505\">as duas jantes<\/strong>.<\/p>\n<p data-start=\"510\" data-end=\"530\">Este pack inclui:<\/p>\n<ul data-start=\"531\" data-end=\"709\">\n<li data-start=\"531\" data-end=\"598\">\n<p data-start=\"533\" data-end=\"598\">10 faixas de aro personalizadas com a inscri\u00e7\u00e3o <strong data-start=\"587\" data-end=\"596\">Honda<\/strong><\/p>\n<\/li>\n<li data-start=\"599\" data-end=\"667\">\n<p data-start=\"601\" data-end=\"667\">10 faixas de aro personalizadas com a inscri\u00e7\u00e3o <strong data-start=\"655\" data-end=\"665\">Hornet<\/strong><\/p>\n<\/li>\n<li data-start=\"668\" data-end=\"709\">\n<p data-start=\"670\" data-end=\"709\">20 faixas para jantes Design 11 branco<\/p>\n<\/li>\n<\/ul>\n<p data-start=\"711\" data-end=\"884\">Gra\u00e7as ao seu acabamento <strong data-start=\"733\" data-end=\"757\">retrorrefletor<\/strong>, estas faixas oferecem melhor visibilidade \u00e0 noite e, ao mesmo tempo, proporcionam um <strong data-start=\"834\" data-end=\"860\">visual de corrida e elegante<\/strong> para a sua Honda Hornet.<\/p>\n<p data-start=\"886\" data-end=\"1030\">F\u00e1ceis de instalar, resistentes \u00e0s intemp\u00e9ries e concebidos para uma fixa\u00e7\u00e3o duradoura, s\u00e3o ideais para personalizar a sua moto com toda a seguran\u00e7a.<\/p>\n<p data-start=\"1032\" data-end=\"1160\">Aproveite esta <strong data-start=\"1050\" data-end=\"1073\">oferta em estoque<\/strong> para equipar a sua Honda Hornet a pre\u00e7o reduzido com um estilo distinto e funcional.<\/p>","protected":false},"excerpt":{"rendered":"<h2><strong><span style=\"color: #ff0000;\">Apuramento<\/span><\/strong><\/h2>\n<p data-start=\"345\" data-end=\"508\">Melhore o estilo e a visibilidade da sua moto com este <strong data-start=\"403\" data-end=\"465\">kit de faixas de roda de motocicleta refletivas Honda Hornet<\/strong>, projetado para equipar <strong data-start=\"486\" data-end=\"505\">as duas jantes<\/strong>.<\/p>\n<p data-start=\"510\" data-end=\"530\">Este pack inclui:<\/p>\n<ul data-start=\"531\" data-end=\"709\">\n<li data-start=\"531\" data-end=\"598\">\n<p data-start=\"533\" data-end=\"598\">10 faixas de aro personalizadas com a inscri\u00e7\u00e3o <strong data-start=\"587\" data-end=\"596\">Honda<\/strong><\/p>\n<\/li>\n<li data-start=\"599\" data-end=\"667\">\n<p data-start=\"601\" data-end=\"667\">10 faixas de aro personalizadas com a inscri\u00e7\u00e3o <strong data-start=\"655\" data-end=\"665\">Hornet<\/strong><\/p>\n<\/li>\n<li data-start=\"668\" data-end=\"709\">\n<p data-start=\"670\" data-end=\"709\">20 faixas para jantes Design 11 branco<\/p>\n<\/li>\n<\/ul>\n<p data-start=\"711\" data-end=\"884\">Gra\u00e7as ao seu acabamento <strong data-start=\"733\" data-end=\"757\">retrorrefletor<\/strong>, estas faixas oferecem melhor visibilidade \u00e0 noite e, ao mesmo tempo, proporcionam um <strong data-start=\"834\" data-end=\"860\">visual de corrida e elegante<\/strong> para a sua Honda Hornet.<\/p>\n<p data-start=\"886\" data-end=\"1030\">F\u00e1ceis de instalar, resistentes \u00e0s intemp\u00e9ries e concebidos para uma fixa\u00e7\u00e3o duradoura, s\u00e3o ideais para personalizar a sua moto com toda a seguran\u00e7a.<\/p>\n<p data-start=\"1032\" data-end=\"1160\">Aproveite esta <strong data-start=\"1050\" data-end=\"1073\">oferta em estoque<\/strong> para equipar a sua Honda Hornet a pre\u00e7o reduzido com um estilo distinto e funcional.<\/p>","protected":false},"featured_media":58303,"comment_status":"open","ping_status":"closed","template":"","meta":[],"product_brand":[],"product_cat":[929,963],"product_tag":[931,139,370,371,401,933,932,934,935],"class_list":{"0":"post-58300","1":"product","2":"type-product","3":"status-publish","4":"has-post-thumbnail","6":"product_cat-destockage","7":"product_cat-stickers-honda-pas-cher","8":"product_tag-destockage","9":"product_tag-honda","10":"product_tag-hornet","11":"product_tag-hornet-600","12":"product_tag-liseret","13":"product_tag-promo","14":"product_tag-promotion","15":"product_tag-promotions","16":"product_tag-reduction","17":"product_shipping_class-standard","19":"entry","20":"has-media","22":"first","23":"instock","24":"sale","25":"taxable","26":"shipping-taxable","27":"purchasable","28":"product-type-simple","29":"col","30":"span_1_of_5","31":"owp-content-center","32":"item-entry","33":"owp-thumbs-layout-horizontal","34":"owp-btn-big","35":"owp-tabs-layout-horizontal","36":"has-no-thumbnails"},"ase":null,"_links":{"self":[{"href":"https:\/\/www.m-stickers.com\/pt\/wp-json\/wp\/v2\/product\/58300","targetHints":{"allow":["GET"]}}],"collection":[{"href":"https:\/\/www.m-stickers.com\/pt\/wp-json\/wp\/v2\/product"}],"about":[{"href":"https:\/\/www.m-stickers.com\/pt\/wp-json\/wp\/v2\/types\/product"}],"replies":[{"embeddable":true,"href":"https:\/\/www.m-stickers.com\/pt\/wp-json\/wp\/v2\/comments?post=58300"}],"wp:featuredmedia":[{"embeddable":true,"href":"https:\/\/www.m-stickers.com\/pt\/wp-json\/wp\/v2\/media\/58303"}],"wp:attachment":[{"href":"https:\/\/www.m-stickers.com\/pt\/wp-json\/wp\/v2\/media?parent=58300"}],"wp:term":[{"taxonomy":"product_brand","embeddable":true,"href":"https:\/\/www.m-stickers.com\/pt\/wp-json\/wp\/v2\/product_brand?post=58300"},{"taxonomy":"product_cat","embeddable":true,"href":"https:\/\/www.m-stickers.com\/pt\/wp-json\/wp\/v2\/product_cat?post=58300"},{"taxonomy":"product_tag","embeddable":true,"href":"https:\/\/www.m-stickers.com\/pt\/wp-json\/wp\/v2\/product_tag?post=58300"}],"curies":[{"name":"Pneu","href":"https:\/\/api.w.org\/{rel}","templated":true}]}}