{"id":58555,"date":"2024-08-15T15:50:53","date_gmt":"2024-08-15T13:50:53","guid":{"rendered":"https:\/\/www.m-stickers.com\/?post_type=product&#038;p=58555"},"modified":"2025-02-25T16:37:38","modified_gmt":"2025-02-25T15:37:38","slug":"etiquetas-de-jante-kawasaki-gpz-900r-pretas-liquidacao","status":"publish","type":"product","link":"https:\/\/www.m-stickers.com\/pt\/produit\/stickers-jante-kawazaki-gpz-900-r-noir-destockage\/","title":{"rendered":"Stickers de roda Kawasaki GPZ 900 R \u2013 Preto (Liquida\u00e7\u00e3o)"},"content":{"rendered":"<h2><span style=\"color: #ff0000\">Desestoque <\/span><\/h2>\n<h2>Calotas de roda Kawasaki GPZ 900 R (kit para 2 rodas)<\/h2>\n<p>O kit de decora\u00e7\u00e3o de rodas de moto de 17 polegadas Kawazaki GPZ 900 R para as 2 rodas inclui:<\/p>\n<ul>\n<li>Bordas pr\u00e9-curvadas de 8mm com 8 adesivos para roda GPZ 900 R, para as 2 rodas.<\/li>\n<li>4 Adesivos internos de roda GPZ 900 R<\/li>\n<li>1. Logotipos Suzuki<\/li>\n<li>Qualidade profissional com postura permanente*<\/li>\n<\/ul>\n<p>Autocolantes com cola monom\u00e9rica 100%, que proporciona uma fixa\u00e7\u00e3o permanente e resist\u00eancia a respingos de \u00e1gua e aos raios UV.<br \/>\nNossos Vinis de alta qualidade s\u00e3o projetados e fabricados na Fran\u00e7a.<\/p>\n<hr \/>\n<h3>Etiquetas de rodas moto Kawazaki GPZ 900 R \u2013 como coloc\u00e1-las?<\/h3>\n<p>O kit de **autocolantes** para **jantes** de moto Kawasaki GPZ 900 R \u00e9 f\u00e1cil de aplicar, independentemente do tamanho ou da superf\u00edcie da **jante**, o processo permanece o mesmo. Abaixo, encontrar\u00e1 um tutorial para o ajudar a aplicar corretamente o seu kit de **autocolantes** para **jantes** GPZ 900 R. <span style=\"color: #ff0000\">Antes de mais nada, aqui est\u00e3o as precau\u00e7\u00f5es a tomar:<\/span><\/p>\n<ul>\n<li>Verificar se o aro deve estar perfeitamente liso.<\/li>\n<li>Limpe bem, remova a graxa da roda com \u00e1gua e sab\u00e3o\/\u00e1lcool. <span style=\"color: #ff0000\">N\u00e3o usar WD40 ou outros produtos \u00e0 base de silicone.\u00a0<\/span>O aro deve estar perfeitamente limpo.<\/li>\n<li>N\u00e3o manipular os adesivos pelo lado adesivo.<\/li>\n<li>Se os adesivos n\u00e3o forem colados imediatamente, guarde-os em local seco e protegido do sol.<\/li>\n<li>\u00a0No momento da aplica\u00e7\u00e3o, escolha uma pe\u00e7a com temperatura de, no m\u00ednimo, 15\u00b0C, protegida do vento e do p\u00f3. Tamb\u00e9m \u00e9 poss\u00edvel aquecer a pe\u00e7a antes de aplicar os adesivos para garantir uma boa fixa\u00e7\u00e3o dos mesmos. Uma temperatura muito fria n\u00e3o permitir\u00e1 uma ades\u00e3o ideal dos adesivos.<\/li>\n<li>Adicione nosso <a href=\"https:\/\/www.m-stickers.com\/pt\/product\/placas-de-revestimento\/\">Placa de queijo raclette autoadesiva<\/a> ao seu pedido para n\u00e3o perder a aplica\u00e7\u00e3o dos seus autocolantes de aro de roda de moto<\/li>\n<li>Ap\u00f3s a aplica\u00e7\u00e3o, evite o contato com frio e umidade para garantir uma boa fixa\u00e7\u00e3o dos adesivos.<\/li>\n<\/ul>\n<p><strong><a href=\"https:\/\/www.m-stickers.com\/pt\/tutorial-como-colocar-adesivos-de-rodas-de-moto\/\">TUTORIAIS completo para instalar seu Kit de decora\u00e7\u00e3o de rodas: <\/a><a href=\"https:\/\/www.m-stickers.com\/pt\/tutorial-como-colocar-adesivos-de-rodas-de-moto\/\"><img decoding=\"async\" class=\"alignnone wp-image-6382\" src=\"https:\/\/www.m-stickers.com\/wp-content\/uploads\/2021\/01\/bouton-tuto-300x74.png\" alt=\"\" width=\"150\" height=\"37\" srcset=\"https:\/\/www.m-stickers.com\/wp-content\/uploads\/2021\/01\/bouton-tuto-300x74.png 300w, https:\/\/www.m-stickers.com\/wp-content\/uploads\/2021\/01\/bouton-tuto.png 413w\" sizes=\"(max-width: 150px) 100vw, 150px\" \/><\/a><\/strong><\/p>","protected":false},"excerpt":{"rendered":"<h2><span style=\"color: #ff0000\">Desestoque<\/span><\/h2>\n<h2>Etiquetas para rodas de moto Kawasaki GPZ 900 R (para 2 rodas).<\/h2>\n<p>O kit de decora\u00e7\u00e3o de rodas de moto de 17 polegadas Kawazaki GPZ 900 R para as 2 rodas inclui:<\/p>\n<ul>\n<li>Bordas pr\u00e9-curvadas de 8mm com 8 adesivos para roda GPZ 900 R, para as 2 rodas.<\/li>\n<li>4 Adesivos internos de roda GPZ 900 R<\/li>\n<li>1. Logotipos Suzuki<\/li>\n<\/ul>","protected":false},"featured_media":58552,"comment_status":"open","ping_status":"closed","template":"","meta":[],"product_brand":[],"product_cat":[929,941],"product_tag":[931,728,729,730,204,732,727,932,935,138,127],"class_list":{"0":"post-58555","1":"product","2":"type-product","3":"status-publish","4":"has-post-thumbnail","6":"product_cat-destockage","7":"product_cat-stickers-kawasaki-pas-cher","8":"product_tag-destockage","9":"product_tag-gpz","10":"product_tag-gpz-900","11":"product_tag-gpz-900r","12":"product_tag-kawasaki","13":"product_tag-kawasaki-gpz","14":"product_tag-kawasaki-gpz-900-r","15":"product_tag-promotion","16":"product_tag-reduction","17":"product_tag-stickers","18":"product_tag-stickers-jantes","19":"product_shipping_class-standard","21":"entry","22":"has-media","24":"first","25":"instock","26":"sale","27":"taxable","28":"shipping-taxable","29":"purchasable","30":"product-type-simple","31":"col","32":"span_1_of_5","33":"owp-content-center","34":"item-entry","35":"owp-thumbs-layout-horizontal","36":"owp-btn-big","37":"owp-tabs-layout-horizontal","38":"has-no-thumbnails"},"ase":null,"_links":{"self":[{"href":"https:\/\/www.m-stickers.com\/pt\/wp-json\/wp\/v2\/product\/58555","targetHints":{"allow":["GET"]}}],"collection":[{"href":"https:\/\/www.m-stickers.com\/pt\/wp-json\/wp\/v2\/product"}],"about":[{"href":"https:\/\/www.m-stickers.com\/pt\/wp-json\/wp\/v2\/types\/product"}],"replies":[{"embeddable":true,"href":"https:\/\/www.m-stickers.com\/pt\/wp-json\/wp\/v2\/comments?post=58555"}],"wp:featuredmedia":[{"embeddable":true,"href":"https:\/\/www.m-stickers.com\/pt\/wp-json\/wp\/v2\/media\/58552"}],"wp:attachment":[{"href":"https:\/\/www.m-stickers.com\/pt\/wp-json\/wp\/v2\/media?parent=58555"}],"wp:term":[{"taxonomy":"product_brand","embeddable":true,"href":"https:\/\/www.m-stickers.com\/pt\/wp-json\/wp\/v2\/product_brand?post=58555"},{"taxonomy":"product_cat","embeddable":true,"href":"https:\/\/www.m-stickers.com\/pt\/wp-json\/wp\/v2\/product_cat?post=58555"},{"taxonomy":"product_tag","embeddable":true,"href":"https:\/\/www.m-stickers.com\/pt\/wp-json\/wp\/v2\/product_tag?post=58555"}],"curies":[{"name":"Pneu","href":"https:\/\/api.w.org\/{rel}","templated":true}]}}