{"id":58560,"date":"2024-08-15T16:44:22","date_gmt":"2024-08-15T14:44:22","guid":{"rendered":"https:\/\/www.m-stickers.com\/?post_type=product&#038;p=58560"},"modified":"2025-09-14T16:13:04","modified_gmt":"2025-09-14T14:13:04","slug":"decais-honda-cb-750-hornet-estoque","status":"publish","type":"product","link":"https:\/\/www.m-stickers.com\/pt\/produit\/stickers-dorigine-honda-cb-750-hornet-destockage\/","title":{"rendered":"Stickers originais - Honda CB 750 Hornet (Liquida\u00e7\u00e3o)"},"content":{"rendered":"<h2><strong><span style=\"color: #ff0000;\">Apuramento<\/span><\/strong><\/h2>\n<h2>Stickers originais \u2013 Honda CB 750 Hornet:<\/h2>\n<p>Stickers originais para Honda CB750 Hornet para personaliza\u00e7\u00e3o. Nosso kit inclui:<\/p>\n<ul>\n<li>2 Logos Honda para tanque<\/li>\n<li>2 Etiquetas Hornet para rede<\/li>\n<li>2 Adesivos 750 para capa traseira<\/li>\n<li>Qualidade profissional com postura permanente*<\/li>\n<\/ul>\n<p>Autocolantes com cola monom\u00e9rica 100%, que proporciona uma fixa\u00e7\u00e3o permanente e resist\u00eancia a respingos de \u00e1gua e aos raios UV.<br \/>\nNossos Vinis de alta qualidade s\u00e3o projetados e fabricados na Fran\u00e7a.<\/p>\n<hr \/>\n<h3>Stickers originais \u2013 Honda CB 750 Hornet \u2013 como coloc\u00e1-los?<\/h3>\n<p>O kit de autocolantes original da Honda Hornet CB750 \u00e9 f\u00e1cil de aplicar, independentemente do tamanho ou da superf\u00edcie da jante, o processo continua o mesmo. Abaixo encontrar\u00e1 um tutorial para o ajudar a aplicar corretamente o seu kit de autocolantes original. <span style=\"color: #ff0000;\">Antes de mais nada, aqui est\u00e3o as precau\u00e7\u00f5es a tomar:<\/span><\/p>\n<ul>\n<li>Verificar se o aro deve estar perfeitamente liso.<\/li>\n<li>Limpe bem, remova a graxa da roda com \u00e1gua e sab\u00e3o\/\u00e1lcool. <span style=\"color: #ff0000;\">N\u00e3o usar WD40 ou outros produtos \u00e0 base de silicone.\u00a0<\/span>O aro deve estar perfeitamente limpo.<\/li>\n<li>N\u00e3o manipular os adesivos pelo lado adesivo.<\/li>\n<li>Se os adesivos n\u00e3o forem colados imediatamente, guarde-os em local seco e protegido do sol.<\/li>\n<li>\u00a0No momento da aplica\u00e7\u00e3o, escolha uma pe\u00e7a com temperatura de, no m\u00ednimo, 15\u00b0C, protegida do vento e do p\u00f3. Tamb\u00e9m \u00e9 poss\u00edvel aquecer a pe\u00e7a antes de aplicar os adesivos para garantir uma boa fixa\u00e7\u00e3o dos mesmos. Uma temperatura muito fria n\u00e3o permitir\u00e1 uma ades\u00e3o ideal dos adesivos.<\/li>\n<li>Adicione nosso <a href=\"https:\/\/www.m-stickers.com\/pt\/product\/placas-de-revestimento\/\">Placa de queijo raclette autoadesiva<\/a> ao seu pedido para n\u00e3o perder a aplica\u00e7\u00e3o dos seus autocolantes de aro de roda de moto<\/li>\n<li>Ap\u00f3s a aplica\u00e7\u00e3o, evite o contato com frio e umidade para garantir uma boa fixa\u00e7\u00e3o dos adesivos.<\/li>\n<\/ul>","protected":false},"excerpt":{"rendered":"<h2><strong><span style=\"color: #ff0000;\" data-mce-style=\"color: #ff0000;\">Apuramento<\/span><\/strong><\/h2>\n<h2>Stickers originais \u2013 Honda CB 750 Hornet:<\/h2>\n<p>Stickers originais para Honda CB750 Hornet para personaliza\u00e7\u00e3o. Nosso kit inclui:<\/p>\n<ul>\n<li>2 Logos Honda para tanque<\/li>\n<li>2 Etiquetas Hornet para rede<\/li>\n<li>2 Adesivos 750 para capa traseira<\/li>\n<\/ul>","protected":false},"featured_media":58590,"comment_status":"open","ping_status":"closed","template":"","meta":[],"product_brand":[],"product_cat":[929,963],"product_tag":[990,991,931,139,994,993,933,932,934,935,1250,1057],"class_list":{"0":"post-58560","1":"product","2":"type-product","3":"status-publish","4":"has-post-thumbnail","6":"product_cat-destockage","7":"product_cat-stickers-honda-pas-cher","8":"product_tag-cb-750-hornet","9":"product_tag-cb750","10":"product_tag-destockage","11":"product_tag-honda","12":"product_tag-honda-cb750","13":"product_tag-honda-cb750-hornet","14":"product_tag-promo","15":"product_tag-promotion","16":"product_tag-promotions","17":"product_tag-reduction","18":"product_tag-sticker-dorigine","19":"product_tag-stickers-dorigine-honda-hornet-cb-750","20":"product_shipping_class-standard","22":"entry","23":"has-media","25":"first","26":"instock","27":"taxable","28":"shipping-taxable","29":"product-type-variable","30":"col","31":"span_1_of_5","32":"owp-content-center","33":"item-entry","34":"owp-thumbs-layout-horizontal","35":"owp-btn-big","36":"owp-tabs-layout-horizontal","37":"has-no-thumbnails"},"ase":null,"_links":{"self":[{"href":"https:\/\/www.m-stickers.com\/pt\/wp-json\/wp\/v2\/product\/58560","targetHints":{"allow":["GET"]}}],"collection":[{"href":"https:\/\/www.m-stickers.com\/pt\/wp-json\/wp\/v2\/product"}],"about":[{"href":"https:\/\/www.m-stickers.com\/pt\/wp-json\/wp\/v2\/types\/product"}],"replies":[{"embeddable":true,"href":"https:\/\/www.m-stickers.com\/pt\/wp-json\/wp\/v2\/comments?post=58560"}],"wp:featuredmedia":[{"embeddable":true,"href":"https:\/\/www.m-stickers.com\/pt\/wp-json\/wp\/v2\/media\/58590"}],"wp:attachment":[{"href":"https:\/\/www.m-stickers.com\/pt\/wp-json\/wp\/v2\/media?parent=58560"}],"wp:term":[{"taxonomy":"product_brand","embeddable":true,"href":"https:\/\/www.m-stickers.com\/pt\/wp-json\/wp\/v2\/product_brand?post=58560"},{"taxonomy":"product_cat","embeddable":true,"href":"https:\/\/www.m-stickers.com\/pt\/wp-json\/wp\/v2\/product_cat?post=58560"},{"taxonomy":"product_tag","embeddable":true,"href":"https:\/\/www.m-stickers.com\/pt\/wp-json\/wp\/v2\/product_tag?post=58560"}],"curies":[{"name":"Pneu","href":"https:\/\/api.w.org\/{rel}","templated":true}]}}