{"id":58632,"date":"2024-08-20T16:17:10","date_gmt":"2024-08-20T14:17:10","guid":{"rendered":"https:\/\/www.m-stickers.com\/?post_type=product&#038;p=58632"},"modified":"2025-02-25T16:37:40","modified_gmt":"2025-02-25T15:37:40","slug":"kit-de-decoracao-para-ron-light-bee-exadestockage","status":"publish","type":"product","link":"https:\/\/www.m-stickers.com\/pt\/produit\/kit-deco-sur-ron-light-bee-exadestockage\/","title":{"rendered":"Kit de decora\u00e7\u00e3o SUR-RON LIGHT-BEE \u2013 Exa (Liquida\u00e7\u00e3o)"},"content":{"rendered":"<h2><span style=\"color: #ff0000\">Apuramento <\/span><\/h2>\n<h1>Kit de decora\u00e7\u00e3o SUR-RON LIGHT-BEE \u2013 Exa:<\/h1>\n<p>Nosso kit de decora\u00e7\u00e3o completo para SUR-RON LIGHT-BEE a partir de 2021 inclui adesivos para:<\/p>\n<ul>\n<li>Frame<\/li>\n<li>Bateria<\/li>\n<li>Placa de farol<\/li>\n<li>O para-lama dianteiro e todas as pe\u00e7as adicionais (em alguns modelos)<\/li>\n<\/ul>\n<p>O kit inclui 29 adesivos!<\/p>\n<p>Stickers espessos para uma aplica\u00e7\u00e3o mais f\u00e1cil e durabilidade prolongada, protegendo os pain\u00e9is de choques e lascas.<\/p>\n<p>Autocolantes com cola monom\u00e9rica 100% que proporciona fixa\u00e7\u00e3o permanente, bem como resist\u00eancia a respingos de \u00e1gua e aos raios UV. Adesivos termoform\u00e1veis para melhor cobertura dos carenagens. Nossos Vin\u00edlicos de alta qualidade s\u00e3o projetados e fabricados na Fran\u00e7a.<\/p>\n<hr \/>\n<h2>Kit de decora\u00e7\u00e3o SUR-RON LIGHT-BEE \u2013 Como coloc\u00e1-los?<\/h2>\n<p>Nos **adesivos decorativos** SUR-RON LIGHT-BEE s\u00e3o f\u00e1ceis de aplicar. Independentemente do tamanho ou superf\u00edcie do fairing, o processo permanece o mesmo. Abaixo, voc\u00ea encontrar\u00e1 um tutorial para ajud\u00e1-lo(a) a aplicar corretamente seus **adesivos** Suzuki. Antes de mais nada, aqui est\u00e3o as precau\u00e7\u00f5es a serem tomadas:<\/p>\n<ul>\n<li>Verifique se as suas carenagens est\u00e3o perfeitamente lisas.<\/li>\n<li>Limpe e desengraxe bem os carenagens com \u00e1gua e sab\u00e3o\/\u00e1lcool. N\u00e3o utilize WD-40 ou outros produtos com silicone. Os pl\u00e1sticos devem ficar perfeitamente limpos.<\/li>\n<li>Se os adesivos n\u00e3o forem aplicados imediatamente, guarde-os em local seco e ao abrigo do sol.<\/li>\n<li>\u00a0No momento da aplica\u00e7\u00e3o, escolha uma pe\u00e7a com temperatura de, no m\u00ednimo, 15\u00b0C, protegida de vento e poeira. Tamb\u00e9m \u00e9 poss\u00edvel aquecer as carenagens antes de aplicar as etiquetas adesivas para garantir uma boa fixa\u00e7\u00e3o dos adesivos. Uma temperatura muito fria n\u00e3o permitir\u00e1 uma ader\u00eancia ideal das etiquetas.<\/li>\n<li>Adicione nosso\u00a0<a href=\"https:\/\/www.m-stickers.com\/pt\/product\/placas-de-revestimento\/\">Placa de queijo raclette autoadesiva<\/a>\u00a0ao seu pedido para n\u00e3o perder a aplica\u00e7\u00e3o dos seus autocolantes de aro da moto.<\/li>\n<li>Ap\u00f3s a aplica\u00e7\u00e3o, evite o contato com o frio e a umidade para garantir uma boa fixa\u00e7\u00e3o dos adesivos.<\/li>\n<\/ul>","protected":false},"excerpt":{"rendered":"<h2><span style=\"color: #ff0000\">Apuramento <\/span><\/h2>\n<h1>Kit de decora\u00e7\u00e3o SUR-RON LIGHT-BEE \u2013 Exa:<\/h1>\n<ul>\n<li style=\"list-style-type: none\">\n<ul>\n<li>20 lisereis pr\u00e9-curvados de 8mm. Nosso kit de decora\u00e7\u00e3o completo para SUR-RON LIGHT-BEE a partir de 2021 inclui adesivos para:\n<ul>\n<li>Frame<\/li>\n<li>Bateria<\/li>\n<li>Placa de farol<\/li>\n<li>O para-lama dianteiro e todas as pe\u00e7as adicionais (em alguns modelos)<\/li>\n<\/ul>\n<p>O kit inclui 29 adesivos!<\/li>\n<\/ul>\n<\/li>\n<\/ul>","protected":false},"featured_media":58640,"comment_status":"open","ping_status":"closed","template":"","meta":[],"product_brand":[],"product_cat":[929,1378],"product_tag":[931,139,204,933,1131,932,935,1238,1239,1237],"class_list":{"0":"post-58632","1":"product","2":"type-product","3":"status-publish","4":"has-post-thumbnail","6":"product_cat-destockage","7":"product_cat-sur-ron-destockage","8":"product_tag-destockage","9":"product_tag-honda","10":"product_tag-kawasaki","11":"product_tag-promo","12":"product_tag-promos","13":"product_tag-promotion","14":"product_tag-reduction","15":"product_tag-sur-ron","16":"product_tag-sur-ron-light-bee","17":"product_tag-surron","18":"product_shipping_class-standard","20":"entry","21":"has-media","23":"first","24":"instock","25":"sale","26":"taxable","27":"shipping-taxable","28":"purchasable","29":"product-type-variable","30":"col","31":"span_1_of_5","32":"owp-content-center","33":"item-entry","34":"owp-thumbs-layout-horizontal","35":"owp-btn-big","36":"owp-tabs-layout-horizontal","37":"has-no-thumbnails"},"ase":null,"_links":{"self":[{"href":"https:\/\/www.m-stickers.com\/pt\/wp-json\/wp\/v2\/product\/58632","targetHints":{"allow":["GET"]}}],"collection":[{"href":"https:\/\/www.m-stickers.com\/pt\/wp-json\/wp\/v2\/product"}],"about":[{"href":"https:\/\/www.m-stickers.com\/pt\/wp-json\/wp\/v2\/types\/product"}],"replies":[{"embeddable":true,"href":"https:\/\/www.m-stickers.com\/pt\/wp-json\/wp\/v2\/comments?post=58632"}],"wp:featuredmedia":[{"embeddable":true,"href":"https:\/\/www.m-stickers.com\/pt\/wp-json\/wp\/v2\/media\/58640"}],"wp:attachment":[{"href":"https:\/\/www.m-stickers.com\/pt\/wp-json\/wp\/v2\/media?parent=58632"}],"wp:term":[{"taxonomy":"product_brand","embeddable":true,"href":"https:\/\/www.m-stickers.com\/pt\/wp-json\/wp\/v2\/product_brand?post=58632"},{"taxonomy":"product_cat","embeddable":true,"href":"https:\/\/www.m-stickers.com\/pt\/wp-json\/wp\/v2\/product_cat?post=58632"},{"taxonomy":"product_tag","embeddable":true,"href":"https:\/\/www.m-stickers.com\/pt\/wp-json\/wp\/v2\/product_tag?post=58632"}],"curies":[{"name":"Pneu","href":"https:\/\/api.w.org\/{rel}","templated":true}]}}