{"id":60025,"date":"2024-10-02T16:40:58","date_gmt":"2024-10-02T14:40:58","guid":{"rendered":"https:\/\/www.m-stickers.com\/?post_type=product&#038;p=60025"},"modified":"2025-06-11T10:30:33","modified_gmt":"2025-06-11T08:30:33","slug":"kit-de-frisos-para-aros-express","status":"publish","type":"product","link":"https:\/\/www.m-stickers.com\/pt\/produit\/liserets-de-jantes-kit-express\/","title":{"rendered":"Kit de Faixas para Jantes EXPRESS - Entrega em 3 dias"},"content":{"rendered":"<h2>Kit<\/h2>\n<p><strong>Transforme a apar\u00eancia da sua moto com as nossas Faixas para Rodas baratas, projetadas para as duas jantes pretas de 17 polegadas. Este kit inclui tudo o que voc\u00ea precisa para uma personaliza\u00e7\u00e3o de qualidade. Fabricado na Fran\u00e7a com vinis de alta qualidade, este kit est\u00e1 dispon\u00edvel numa variedade de cores para combinar com o seu estilo.<\/strong><\/p>\n<ul>\n<li>20 Jantes pr\u00e9-curvas de 8mm<\/li>\n<li>8 Decais de jantes interiores da marca escolhida (branco) \u2013 4 grandes e 4 pequenos (tamanho adaptado \u00e0s jantes do modelo)<\/li>\n<\/ul>\n<p>Autocolantes com cola monom\u00e9rica de 100\u03bc, que proporciona uma fixa\u00e7\u00e3o permanente, bem como resist\u00eancia a jatos d'\u00e1gua e aos raios UV.<br \/>\nNossos Vinis de alta qualidade s\u00e3o projetados e fabricados na Fran\u00e7a.<\/p>\n<hr \/>\n<h3>Jantes Moto, faixas de aro, acess\u00edveis, como aplicar?<\/h3>\n<p>O Kit de tiras de jante EXPRESS M-Stickers \u00e9 f\u00e1cil de aplicar. Independentemente do tamanho ou da superf\u00edcie da jante, o processo continua o mesmo. Encontrar\u00e1 abaixo um tutorial para o ajudar a aplicar corretamente os seus autocolantes<br \/>\n<span style=\"color: #ff0000;\">Antes de mais nada, aqui est\u00e3o as precau\u00e7\u00f5es a tomar:<\/span><\/p>\n<ul>\n<li>Verificar se o aro deve estar perfeitamente liso.<\/li>\n<li>Limpar bem, desengordurar o aro com nosso produto. <a href=\"https:\/\/www.m-stickers.com\/pt\/product\/limpador-de-rodas-de-moto-adesivos-especiais-100ml\/\"><span style=\"color: #ff0000;\"><strong>Limpador de para-lamas para adesivos.<\/strong><\/span><\/a>. Ou com \u00e1gua e sab\u00e3o (Pode n\u00e3o ser suficiente para remover todos os res\u00edduos de gordura). Ou \u00e1lcool. <span style=\"color: #ff0000;\">N\u00e3o usar WD40 ou outros produtos \u00e0 base de silicone. <\/span>O aro deve estar perfeitamente limpo.<\/li>\n<li>N\u00e3o manipular os adesivos pelo lado adesivo.<\/li>\n<li>Se os adesivos n\u00e3o forem colados imediatamente, guarde-os em local seco e protegido do sol.<\/li>\n<li>No momento da aplica\u00e7\u00e3o, escolha uma pe\u00e7a com temperatura de, no m\u00ednimo, 15\u00b0C, protegida do vento e do p\u00f3. Tamb\u00e9m \u00e9 poss\u00edvel aquecer a pe\u00e7a antes de aplicar os adesivos para garantir uma boa fixa\u00e7\u00e3o dos mesmos. Uma temperatura muito fria n\u00e3o permitir\u00e1 uma ades\u00e3o ideal dos adesivos.<\/li>\n<li>Adicione nosso <a href=\"https:\/\/www.m-stickers.com\/pt\/product\/placas-de-revestimento\/\">Placa de queijo raclette autoadesiva<\/a> ao seu pedido para n\u00e3o perder a aplica\u00e7\u00e3o dos seus autocolantes de aro de roda de moto<\/li>\n<li>Ap\u00f3s a aplica\u00e7\u00e3o, evite o contato com o frio e a umidade para garantir uma boa fixa\u00e7\u00e3o dos adesivos.<\/li>\n<\/ul>\n<p><strong><a href=\"https:\/\/www.m-stickers.com\/pt\/tutorial-como-colocar-adesivos-de-rodas-de-moto\/\">TUTORIAIS completo para instalar seu Kit de decora\u00e7\u00e3o de rodas <\/a><a href=\"https:\/\/www.m-stickers.com\/pt\/tutorial-como-colocar-adesivos-de-rodas-de-moto\/\"><img decoding=\"async\" class=\"alignnone wp-image-6382\" src=\"https:\/\/www.m-stickers.com\/wp-content\/uploads\/2021\/01\/bouton-tuto-300x74.png\" alt=\"\" width=\"150\" height=\"37\" srcset=\"https:\/\/www.m-stickers.com\/wp-content\/uploads\/2021\/01\/bouton-tuto-300x74.png 300w, https:\/\/www.m-stickers.com\/wp-content\/uploads\/2021\/01\/bouton-tuto.png 413w\" sizes=\"(max-width: 150px) 100vw, 150px\" \/><\/a><\/strong><\/p>\n<h4>V\u00eddeo tutorial completo de instala\u00e7\u00e3o do kit de decora\u00e7\u00e3o de rodas:<\/h4>\n<p><iframe title=\"Player de v\u00eddeo do YouTube\" src=\"https:\/\/www.youtube.com\/embed\/1AJhkFaZIsk\" width=\"1120\" height=\"630\" frameborder=\"0\" allowfullscreen=\"allowfullscreen\" data-mce-fragment=\"1\"><\/iframe><\/p>\n<hr \/>\n<h3>Kit de frisos para aros, Kit EXPRESS, quais as cores poss\u00edveis?<\/h3>\n<ul>\n<li>Os nossos kits decorativos de jantes de moto est\u00e3o dispon\u00edveis, por padr\u00e3o, nas seguintes cores: Branco\/Vermelho\/Laranja\/Amarelo\/Verde\/Azul.<\/li>\n<\/ul>\n<hr \/>\n<h4>Uma pergunta sobre o kit decorativo de aros? Um pedido de personaliza\u00e7\u00e3o? N\u00e3o hesite em contactar-nos atrav\u00e9s da p\u00e1gina de contacto: <a href=\"https:\/\/www.m-stickers.com\/pt\/contato\/\"><img decoding=\"async\" class=\"alignnone wp-image-6381\" src=\"https:\/\/www.m-stickers.com\/wp-content\/uploads\/2021\/01\/bouton-contact-300x74.png\" alt=\"\" width=\"150\" height=\"37\" srcset=\"https:\/\/www.m-stickers.com\/wp-content\/uploads\/2021\/01\/bouton-contact-300x74.png 300w, https:\/\/www.m-stickers.com\/wp-content\/uploads\/2021\/01\/bouton-contact.png 413w\" sizes=\"(max-width: 150px) 100vw, 150px\" \/><\/a><\/h4>\n<p><span style=\"color: #999999;\"><strong>Palavras-chave:<\/strong> Decais moto, decalques para raios, kit decorativo moto, decalques para raios, kit decora\u00e7\u00e3o moto, adesivos para raios, Kit EXPRESS, personaliza\u00e7\u00e3o de motos, vinis de alta qualidade, tutorial de aplica\u00e7\u00e3o de adesivos, personaliza\u00e7\u00e3o de raios, efeitos de decalques, cores personalizadas.<\/span><\/p>","protected":false},"excerpt":{"rendered":"<h2 style=\"text-align: left;\"><span style=\"color: #ff0000;\"><strong>Kit EXPRESS ADESIVOS M-STICKERS<\/strong><\/span><\/h2>\n<ul>\n<li><strong><span style=\"color: #ffffff;\">Personaliza\u00e7\u00e3o r\u00e1pida com o log\u00f3tipo da sua marca de moto.<\/span><\/strong><\/li>\n<li><strong><span style=\"color: #ffffff;\">Escolha de cores para as faixas de jantes<\/span><\/strong><\/li>\n<li><strong><span style=\"color: #ffffff;\">Encomenda simples, entrega r\u00e1pida<\/span><\/strong><\/li>\n<li><strong><span style=\"color: #ffffff;\">Qualidade M-Stickers garantida<\/span><\/strong><\/li>\n<\/ul>","protected":false},"featured_media":60084,"comment_status":"open","ping_status":"closed","template":"","meta":[],"product_brand":[],"product_cat":[1231],"product_tag":[1418,1415,204,213,1417,138,137,192,1416,250],"class_list":{"0":"post-60025","1":"product","2":"type-product","3":"status-publish","4":"has-post-thumbnail","6":"product_cat-nettoyant-jante","7":"product_tag-exrpress","8":"product_tag-kawa","9":"product_tag-kawasaki","10":"product_tag-ktm","11":"product_tag-rapide","12":"product_tag-stickers","13":"product_tag-suzuki","14":"product_tag-triumph","15":"product_tag-yam","16":"product_tag-yamaha","17":"product_shipping_class-standard","19":"entry","20":"has-media","22":"first","23":"instock","24":"taxable","25":"shipping-taxable","26":"purchasable","27":"product-type-simple","28":"col","29":"span_1_of_5","30":"owp-content-center","31":"item-entry","32":"owp-thumbs-layout-horizontal","33":"owp-btn-big","34":"owp-tabs-layout-horizontal","35":"has-no-thumbnails"},"ase":null,"_links":{"self":[{"href":"https:\/\/www.m-stickers.com\/pt\/wp-json\/wp\/v2\/product\/60025","targetHints":{"allow":["GET"]}}],"collection":[{"href":"https:\/\/www.m-stickers.com\/pt\/wp-json\/wp\/v2\/product"}],"about":[{"href":"https:\/\/www.m-stickers.com\/pt\/wp-json\/wp\/v2\/types\/product"}],"replies":[{"embeddable":true,"href":"https:\/\/www.m-stickers.com\/pt\/wp-json\/wp\/v2\/comments?post=60025"}],"wp:featuredmedia":[{"embeddable":true,"href":"https:\/\/www.m-stickers.com\/pt\/wp-json\/wp\/v2\/media\/60084"}],"wp:attachment":[{"href":"https:\/\/www.m-stickers.com\/pt\/wp-json\/wp\/v2\/media?parent=60025"}],"wp:term":[{"taxonomy":"product_brand","embeddable":true,"href":"https:\/\/www.m-stickers.com\/pt\/wp-json\/wp\/v2\/product_brand?post=60025"},{"taxonomy":"product_cat","embeddable":true,"href":"https:\/\/www.m-stickers.com\/pt\/wp-json\/wp\/v2\/product_cat?post=60025"},{"taxonomy":"product_tag","embeddable":true,"href":"https:\/\/www.m-stickers.com\/pt\/wp-json\/wp\/v2\/product_tag?post=60025"}],"curies":[{"name":"Pneu","href":"https:\/\/api.w.org\/{rel}","templated":true}]}}