{"id":60211,"date":"2024-10-17T14:31:57","date_gmt":"2024-10-17T12:31:57","guid":{"rendered":"https:\/\/www.m-stickers.com\/?post_type=product&#038;p=60211"},"modified":"2026-03-15T20:14:50","modified_gmt":"2026-03-15T19:14:50","slug":"rodas-de-jantes-honda-vfr-800-liquidacao","status":"publish","type":"product","link":"https:\/\/www.m-stickers.com\/pt\/produit\/liserets-de-jantes-honda-vfr-800-destockage-copie\/","title":{"rendered":"Faixas para Aros de Roda Honda VFR 800 Vermelho e Branco \u2013 Liquida\u00e7\u00e3o"},"content":{"rendered":"<h2><span style=\"color: #ff0000;\">Desestoque\u00a0<\/span><\/h2>\n<p data-start=\"513\" data-end=\"691\">D\u00ea um toque de corrida e elegante \u00e0 sua moto com este <strong data-start=\"573\" data-end=\"631\">kit de liserets de jantes Honda VFR 800 vermelho e branco<\/strong>, projetado especificamente para <strong data-start=\"661\" data-end=\"688\">jantes 17 polegadas pretas<\/strong>.<\/p>\n<p data-start=\"693\" data-end=\"735\">Este pacote completo para 2 aros de roda inclui:<\/p>\n<ul data-start=\"736\" data-end=\"1013\">\n<li data-start=\"736\" data-end=\"788\">\n<p data-start=\"738\" data-end=\"788\">20 faixas pr\u00e9-curvadas de 8 mm \u2013 Design 1 vermelho<\/p>\n<\/li>\n<li data-start=\"789\" data-end=\"817\">\n<p data-start=\"791\" data-end=\"817\">10 faixas de roda Honda brancas<\/p>\n<\/li>\n<li data-start=\"818\" data-end=\"848\">\n<p data-start=\"820\" data-end=\"848\">10 faixas para aros VFR 800 brancas<\/p>\n<\/li>\n<li data-start=\"849\" data-end=\"918\">\n<p data-start=\"851\" data-end=\"918\">4 adesivos internos para aros de roda Honda brancos (2 grandes, 2 pequenos)<\/p>\n<\/li>\n<li data-start=\"919\" data-end=\"990\">\n<p data-start=\"921\" data-end=\"990\">4 **adesivos** internos para **aros** VFR 800 brancos (2 grandes, 2 pequenos)<\/p>\n<\/li>\n<li data-start=\"991\" data-end=\"1013\">\n<p data-start=\"993\" data-end=\"1013\">1 logo Honda vermelho<\/p>\n<\/li>\n<\/ul>\n<p data-start=\"1015\" data-end=\"1162\">Os adesivos s\u00e3o <strong data-start=\"1033\" data-end=\"1049\">pr\u00e9-cortadas<\/strong>, resistentes \u00e0s intemp\u00e9ries e projetados para uma <strong data-start=\"1097\" data-end=\"1112\">f\u00e1cil aplica\u00e7\u00e3o<\/strong> com um acabamento limpo, duradouro e profissional.<\/p>\n<p data-start=\"1164\" data-end=\"1308\">Aproveite esta <strong data-start=\"1182\" data-end=\"1205\">oferta em estoque<\/strong> para equipar sua Honda VFR 800 a pre\u00e7o reduzido e oferecer-lhe um visual esportivo, moderno e personalizado.<\/p>","protected":false},"excerpt":{"rendered":"<h2><span style=\"color: #ff0000;\">Desestoque\u00a0<\/span><\/h2>\n<p data-start=\"513\" data-end=\"691\">D\u00ea um toque de corrida e elegante \u00e0 sua moto com este <strong data-start=\"573\" data-end=\"631\">kit de liserets de jantes Honda VFR 800 vermelho e branco<\/strong>, projetado especificamente para <strong data-start=\"661\" data-end=\"688\">jantes 17 polegadas pretas<\/strong>.<\/p>\n<p data-start=\"693\" data-end=\"735\">Este pacote completo para 2 aros de roda inclui:<\/p>\n<ul data-start=\"736\" data-end=\"1013\">\n<li data-start=\"736\" data-end=\"788\">\n<p data-start=\"738\" data-end=\"788\">20 faixas pr\u00e9-curvadas de 8 mm \u2013 Design 1 vermelho<\/p>\n<\/li>\n<li data-start=\"789\" data-end=\"817\">\n<p data-start=\"791\" data-end=\"817\">10 faixas de roda Honda brancas<\/p>\n<\/li>\n<li data-start=\"818\" data-end=\"848\">\n<p data-start=\"820\" data-end=\"848\">10 faixas para aros VFR 800 brancas<\/p>\n<\/li>\n<li data-start=\"849\" data-end=\"918\">\n<p data-start=\"851\" data-end=\"918\">4 adesivos internos para aros de roda Honda brancos (2 grandes, 2 pequenos)<\/p>\n<\/li>\n<li data-start=\"919\" data-end=\"990\">\n<p data-start=\"921\" data-end=\"990\">4 **adesivos** internos para **aros** VFR 800 brancos (2 grandes, 2 pequenos)<\/p>\n<\/li>\n<li data-start=\"991\" data-end=\"1013\">\n<p data-start=\"993\" data-end=\"1013\">1 logo Honda vermelho<\/p>\n<\/li>\n<\/ul>\n<p data-start=\"1015\" data-end=\"1162\">Os adesivos s\u00e3o <strong data-start=\"1033\" data-end=\"1049\">pr\u00e9-cortadas<\/strong>, resistentes \u00e0s intemp\u00e9ries e projetados para uma <strong data-start=\"1097\" data-end=\"1112\">f\u00e1cil aplica\u00e7\u00e3o<\/strong> com um acabamento limpo, duradouro e profissional.<\/p>\n<p data-start=\"1164\" data-end=\"1308\">Aproveite esta <strong data-start=\"1182\" data-end=\"1205\">oferta em estoque<\/strong> para equipar sua Honda VFR 800 a pre\u00e7o reduzido e oferecer-lhe um visual esportivo, moderno e personalizado.<\/p>","protected":false},"featured_media":60212,"comment_status":"open","ping_status":"closed","template":"","meta":[],"product_brand":[],"product_cat":[929,963],"product_tag":[931,139,496,403,933,934,935,140,494,495],"class_list":{"0":"post-60211","1":"product","2":"type-product","3":"status-publish","4":"has-post-thumbnail","6":"product_cat-destockage","7":"product_cat-stickers-honda-pas-cher","8":"product_tag-destockage","9":"product_tag-honda","10":"product_tag-honda-vfr-800","11":"product_tag-liserets","12":"product_tag-promo","13":"product_tag-promotions","14":"product_tag-reduction","15":"product_tag-vfr","16":"product_tag-vfr-800","17":"product_tag-vfr800","18":"product_shipping_class-standard","20":"entry","21":"has-media","23":"first","24":"outofstock","25":"sale","26":"taxable","27":"shipping-taxable","28":"purchasable","29":"product-type-simple","30":"col","31":"span_1_of_5","32":"owp-content-center","33":"item-entry","34":"owp-thumbs-layout-horizontal","35":"owp-btn-big","36":"owp-tabs-layout-horizontal","37":"has-no-thumbnails"},"ase":null,"_links":{"self":[{"href":"https:\/\/www.m-stickers.com\/pt\/wp-json\/wp\/v2\/product\/60211","targetHints":{"allow":["GET"]}}],"collection":[{"href":"https:\/\/www.m-stickers.com\/pt\/wp-json\/wp\/v2\/product"}],"about":[{"href":"https:\/\/www.m-stickers.com\/pt\/wp-json\/wp\/v2\/types\/product"}],"replies":[{"embeddable":true,"href":"https:\/\/www.m-stickers.com\/pt\/wp-json\/wp\/v2\/comments?post=60211"}],"wp:featuredmedia":[{"embeddable":true,"href":"https:\/\/www.m-stickers.com\/pt\/wp-json\/wp\/v2\/media\/60212"}],"wp:attachment":[{"href":"https:\/\/www.m-stickers.com\/pt\/wp-json\/wp\/v2\/media?parent=60211"}],"wp:term":[{"taxonomy":"product_brand","embeddable":true,"href":"https:\/\/www.m-stickers.com\/pt\/wp-json\/wp\/v2\/product_brand?post=60211"},{"taxonomy":"product_cat","embeddable":true,"href":"https:\/\/www.m-stickers.com\/pt\/wp-json\/wp\/v2\/product_cat?post=60211"},{"taxonomy":"product_tag","embeddable":true,"href":"https:\/\/www.m-stickers.com\/pt\/wp-json\/wp\/v2\/product_tag?post=60211"}],"curies":[{"name":"Pneu","href":"https:\/\/api.w.org\/{rel}","templated":true}]}}