{"id":63254,"date":"2025-10-01T17:28:02","date_gmt":"2025-10-01T15:28:02","guid":{"rendered":"https:\/\/www.m-stickers.com\/?post_type=product&#038;p=63254"},"modified":"2026-01-16T19:19:30","modified_gmt":"2026-01-16T18:19:30","slug":"adesivos-honda-hornet-600-holografico-liquidacao","status":"publish","type":"product","link":"https:\/\/www.m-stickers.com\/pt\/produit\/stickers-honda-hornet-600-holographique-destockage\/","title":{"rendered":"Adesivos de aros de roda Honda Hornet 600 Hologr\u00e1fico \u2013 Liquida\u00e7\u00e3o"},"content":{"rendered":"<h2><strong><span style=\"color: #ff0000;\">Apuramento<\/span><\/strong><\/h2>\n<p data-start=\"540\" data-end=\"713\">Ofere\u00e7a um visual original e moderno \u00e0 sua moto com este <strong data-start=\"596\" data-end=\"653\">Conjunto de adesivos de aros Honda Hornet 600 hologr\u00e1fico<\/strong>, projetado especificamente para <strong data-start=\"683\" data-end=\"710\">jantes 17 polegadas pretas<\/strong>.<\/p>\n<p data-start=\"715\" data-end=\"873\">Gra\u00e7as ao seu efeito hologr\u00e1fico, este kit oferece um acabamento brilhante e um estilo \u00fanico que chama a aten\u00e7\u00e3o, sem comprometer a qualidade ou a durabilidade.<\/p>\n<p data-start=\"875\" data-end=\"917\">Este pacote completo para 2 aros de roda inclui:<\/p>\n<ul data-start=\"918\" data-end=\"1145\">\n<li data-start=\"918\" data-end=\"958\">\n<p data-start=\"920\" data-end=\"958\">8 faixas pr\u00e9-curvadas de 8 mm Honda<\/p>\n<\/li>\n<li data-start=\"959\" data-end=\"1004\">\n<p data-start=\"961\" data-end=\"1004\">8 frisos de roda pr\u00e9-curvados de 8 mm Hornet 600<\/p>\n<\/li>\n<li data-start=\"1005\" data-end=\"1029\">\n<p data-start=\"1007\" data-end=\"1029\">20 faixas para jantes Design 5<\/p>\n<\/li>\n<li data-start=\"1030\" data-end=\"1071\">\n<p data-start=\"1032\" data-end=\"1071\">4 autocolantes interiores de aros Honda<\/p>\n<\/li>\n<li data-start=\"1072\" data-end=\"1114\">\n<p data-start=\"1074\" data-end=\"1114\">4 autocolantes interiores para aros de roda Hornet<\/p>\n<\/li>\n<li data-start=\"1115\" data-end=\"1145\">\n<p data-start=\"1117\" data-end=\"1145\">8 stickers adicionais<\/p>\n<\/li>\n<\/ul>\n<p data-start=\"1147\" data-end=\"1279\">Os adesivos s\u00e3o <strong data-start=\"1165\" data-end=\"1181\">pr\u00e9-cortadas<\/strong>, resistentes \u00e0s intemp\u00e9ries e projetados para uma <strong data-start=\"1229\" data-end=\"1244\">f\u00e1cil aplica\u00e7\u00e3o<\/strong> com um resultado limpo e dur\u00e1vel.<\/p>\n<p data-start=\"1281\" data-end=\"1424\">Aproveite esta <strong data-start=\"1299\" data-end=\"1322\">oferta em estoque<\/strong> para dar um novo visual \u00e0 sua Honda Hornet 600 a um pre\u00e7o baixo e dar a ela um estilo \u00fanico, brilhante e esportivo.<\/p>","protected":false},"excerpt":{"rendered":"<h2><strong><span style=\"color: #ff0000;\">Apuramento<\/span><\/strong><\/h2>\n<p data-start=\"540\" data-end=\"713\">Ofere\u00e7a um visual original e moderno \u00e0 sua moto com este <strong data-start=\"596\" data-end=\"653\">Conjunto de adesivos de aros Honda Hornet 600 hologr\u00e1fico<\/strong>, projetado especificamente para <strong data-start=\"683\" data-end=\"710\">jantes 17 polegadas pretas<\/strong>.<\/p>\n<p data-start=\"715\" data-end=\"873\">Gra\u00e7as ao seu efeito hologr\u00e1fico, este kit oferece um acabamento brilhante e um estilo \u00fanico que chama a aten\u00e7\u00e3o, sem comprometer a qualidade ou a durabilidade.<\/p>\n<p data-start=\"875\" data-end=\"917\">Este pacote completo para 2 aros de roda inclui:<\/p>\n<ul data-start=\"918\" data-end=\"1145\">\n<li data-start=\"918\" data-end=\"958\">\n<p data-start=\"920\" data-end=\"958\">8 faixas pr\u00e9-curvadas de 8 mm Honda<\/p>\n<\/li>\n<li data-start=\"959\" data-end=\"1004\">\n<p data-start=\"961\" data-end=\"1004\">8 frisos de roda pr\u00e9-curvados de 8 mm Hornet 600<\/p>\n<\/li>\n<li data-start=\"1005\" data-end=\"1029\">\n<p data-start=\"1007\" data-end=\"1029\">20 faixas para jantes Design 5<\/p>\n<\/li>\n<li data-start=\"1030\" data-end=\"1071\">\n<p data-start=\"1032\" data-end=\"1071\">4 autocolantes interiores de aros Honda<\/p>\n<\/li>\n<li data-start=\"1072\" data-end=\"1114\">\n<p data-start=\"1074\" data-end=\"1114\">4 autocolantes interiores para aros de roda Hornet<\/p>\n<\/li>\n<li data-start=\"1115\" data-end=\"1145\">\n<p data-start=\"1117\" data-end=\"1145\">8 stickers adicionais<\/p>\n<\/li>\n<\/ul>\n<p data-start=\"1147\" data-end=\"1279\">Os adesivos s\u00e3o <strong data-start=\"1165\" data-end=\"1181\">pr\u00e9-cortadas<\/strong>, resistentes \u00e0s intemp\u00e9ries e projetados para uma <strong data-start=\"1229\" data-end=\"1244\">f\u00e1cil aplica\u00e7\u00e3o<\/strong> com um resultado limpo e dur\u00e1vel.<\/p>\n<p data-start=\"1281\" data-end=\"1424\">Aproveite esta <strong data-start=\"1299\" data-end=\"1322\">oferta em estoque<\/strong> para dar um novo visual \u00e0 sua Honda Hornet 600 a um pre\u00e7o baixo e dar a ela um estilo \u00fanico, brilhante e esportivo.<\/p>","protected":false},"featured_media":63255,"comment_status":"open","ping_status":"closed","template":"","meta":[],"product_brand":[],"product_cat":[929,963],"product_tag":[931,373,370,371,933,932,934,935,832],"class_list":{"0":"post-63254","1":"product","2":"type-product","3":"status-publish","4":"has-post-thumbnail","6":"product_cat-destockage","7":"product_cat-stickers-honda-pas-cher","8":"product_tag-destockage","9":"product_tag-honda-hornet-600","10":"product_tag-hornet","11":"product_tag-hornet-600","12":"product_tag-promo","13":"product_tag-promotion","14":"product_tag-promotions","15":"product_tag-reduction","16":"product_tag-stickers-jantes-honda-hornet","17":"product_shipping_class-standard","19":"entry","20":"has-media","22":"first","23":"instock","24":"sale","25":"taxable","26":"shipping-taxable","27":"purchasable","28":"product-type-simple","29":"col","30":"span_1_of_5","31":"owp-content-center","32":"item-entry","33":"owp-thumbs-layout-horizontal","34":"owp-btn-big","35":"owp-tabs-layout-horizontal","36":"has-no-thumbnails"},"ase":null,"_links":{"self":[{"href":"https:\/\/www.m-stickers.com\/pt\/wp-json\/wp\/v2\/product\/63254","targetHints":{"allow":["GET"]}}],"collection":[{"href":"https:\/\/www.m-stickers.com\/pt\/wp-json\/wp\/v2\/product"}],"about":[{"href":"https:\/\/www.m-stickers.com\/pt\/wp-json\/wp\/v2\/types\/product"}],"replies":[{"embeddable":true,"href":"https:\/\/www.m-stickers.com\/pt\/wp-json\/wp\/v2\/comments?post=63254"}],"wp:featuredmedia":[{"embeddable":true,"href":"https:\/\/www.m-stickers.com\/pt\/wp-json\/wp\/v2\/media\/63255"}],"wp:attachment":[{"href":"https:\/\/www.m-stickers.com\/pt\/wp-json\/wp\/v2\/media?parent=63254"}],"wp:term":[{"taxonomy":"product_brand","embeddable":true,"href":"https:\/\/www.m-stickers.com\/pt\/wp-json\/wp\/v2\/product_brand?post=63254"},{"taxonomy":"product_cat","embeddable":true,"href":"https:\/\/www.m-stickers.com\/pt\/wp-json\/wp\/v2\/product_cat?post=63254"},{"taxonomy":"product_tag","embeddable":true,"href":"https:\/\/www.m-stickers.com\/pt\/wp-json\/wp\/v2\/product_tag?post=63254"}],"curies":[{"name":"Pneu","href":"https:\/\/api.w.org\/{rel}","templated":true}]}}