{"id":63256,"date":"2025-10-01T17:45:34","date_gmt":"2025-10-01T15:45:34","guid":{"rendered":"https:\/\/www.m-stickers.com\/?post_type=product&#038;p=63256"},"modified":"2026-01-16T19:14:42","modified_gmt":"2026-01-16T18:14:42","slug":"adesivos-aros-triumph-tiger-1200-gt-cinza-e-vermelho-destoque","status":"publish","type":"product","link":"https:\/\/www.m-stickers.com\/pt\/produit\/stickers-jantes-triumph-tiger-1200-gt-gris-et-rouge-destockage\/","title":{"rendered":"Decalques para jantes Triumph Tiger 1200 GT Cinza &amp; Vermelho \u2013 Saldos"},"content":{"rendered":"<h2><span style=\"color: #ff0000;\"><strong>Apuramento<\/strong><\/span><\/h2>\n<p data-start=\"524\" data-end=\"709\">D\u00ea um toque din\u00e2mico e elegante \u00e0 sua moto com este <strong data-start=\"587\" data-end=\"649\">Kit de autocolantes de jante Triumph Tiger 1200 GT cinza e vermelho<\/strong>, projetado especificamente para <strong data-start=\"679\" data-end=\"706\">jantes 17 polegadas pretas<\/strong>.<\/p>\n<p data-start=\"711\" data-end=\"753\">Este pacote completo para 2 aros de roda inclui:<\/p>\n<ul data-start=\"754\" data-end=\"974\">\n<li data-start=\"754\" data-end=\"796\">\n<p data-start=\"756\" data-end=\"796\">8 faixas pr\u00e9-curvadas de 8 mm para Triumph<\/p>\n<\/li>\n<li data-start=\"797\" data-end=\"840\">\n<p data-start=\"799\" data-end=\"840\">4 adesivos internos para aros de roda Triumph<\/p>\n<\/li>\n<li data-start=\"841\" data-end=\"882\">\n<p data-start=\"843\" data-end=\"882\">4 adesivos internos de aros Tiger<\/p>\n<\/li>\n<li data-start=\"883\" data-end=\"914\">\n<p data-start=\"885\" data-end=\"914\">10 faixas decorativas Design 1 vermelhas<\/p>\n<\/li>\n<li data-start=\"915\" data-end=\"947\">\n<p data-start=\"917\" data-end=\"947\">10 faixas decorativas Design 10 vermelhas<\/p>\n<\/li>\n<li data-start=\"948\" data-end=\"974\">\n<p data-start=\"950\" data-end=\"974\">2 logotipos Triumph vermelhos<\/p>\n<\/li>\n<\/ul>\n<p data-start=\"976\" data-end=\"1193\">Os adesivos s\u00e3o <strong data-start=\"994\" data-end=\"1010\">pr\u00e9-cortadas<\/strong>, resistentes \u00e0s intemp\u00e9ries e f\u00e1ceis de aplicar para um acabamento limpo, dur\u00e1vel e profissional. A combina\u00e7\u00e3o de cinza e vermelho confere um visual esportivo e aventureiro \u00e0 sua Tiger 1200 GT.<\/p>\n<p data-start=\"1195\" data-end=\"1339\">Aproveite esta <strong data-start=\"1213\" data-end=\"1236\">oferta em estoque<\/strong> para personalizar a sua Triumph a um pre\u00e7o reduzido e dar-lhe um estilo moderno, potente e distinto.<\/p>","protected":false},"excerpt":{"rendered":"<h2><span style=\"color: #ff0000;\"><strong>Apuramento<\/strong><\/span><\/h2>\n<p data-start=\"524\" data-end=\"709\">D\u00ea um toque din\u00e2mico e elegante \u00e0 sua moto com este <strong data-start=\"587\" data-end=\"649\">Kit de autocolantes de jante Triumph Tiger 1200 GT cinza e vermelho<\/strong>, projetado especificamente para <strong data-start=\"679\" data-end=\"706\">jantes 17 polegadas pretas<\/strong>.<\/p>\n<p data-start=\"711\" data-end=\"753\">Este pacote completo para 2 aros de roda inclui:<\/p>\n<ul data-start=\"754\" data-end=\"974\">\n<li data-start=\"754\" data-end=\"796\">\n<p data-start=\"756\" data-end=\"796\">8 faixas pr\u00e9-curvadas de 8 mm para Triumph<\/p>\n<\/li>\n<li data-start=\"797\" data-end=\"840\">\n<p data-start=\"799\" data-end=\"840\">4 adesivos internos para aros de roda Triumph<\/p>\n<\/li>\n<li data-start=\"841\" data-end=\"882\">\n<p data-start=\"843\" data-end=\"882\">4 adesivos internos de aros Tiger<\/p>\n<\/li>\n<li data-start=\"883\" data-end=\"914\">\n<p data-start=\"885\" data-end=\"914\">10 faixas decorativas Design 1 vermelhas<\/p>\n<\/li>\n<li data-start=\"915\" data-end=\"947\">\n<p data-start=\"917\" data-end=\"947\">10 faixas decorativas Design 10 vermelhas<\/p>\n<\/li>\n<li data-start=\"948\" data-end=\"974\">\n<p data-start=\"950\" data-end=\"974\">2 logotipos Triumph vermelhos<\/p>\n<\/li>\n<\/ul>\n<p data-start=\"976\" data-end=\"1193\">Os adesivos s\u00e3o <strong data-start=\"994\" data-end=\"1010\">pr\u00e9-cortadas<\/strong>, resistentes \u00e0s intemp\u00e9ries e f\u00e1ceis de aplicar para um acabamento limpo, dur\u00e1vel e profissional. A combina\u00e7\u00e3o de cinza e vermelho confere um visual esportivo e aventureiro \u00e0 sua Tiger 1200 GT.<\/p>\n<p data-start=\"1195\" data-end=\"1339\">Aproveite esta <strong data-start=\"1213\" data-end=\"1236\">oferta em estoque<\/strong> para personalizar a sua Triumph a um pre\u00e7o reduzido e dar-lhe um estilo moderno, potente e distinto.<\/p>","protected":false},"featured_media":63257,"comment_status":"open","ping_status":"closed","template":"","meta":[],"product_brand":[],"product_cat":[929,948],"product_tag":[1016,931,1017,933,1568,935,1018,1015,1014,192],"class_list":{"0":"post-63256","1":"product","2":"type-product","3":"status-publish","4":"has-post-thumbnail","6":"product_cat-destockage","7":"product_cat-triumph","8":"product_tag-1200gt-explorer","9":"product_tag-destockage","10":"product_tag-explorer","11":"product_tag-promo","12":"product_tag-ptomo","13":"product_tag-reduction","14":"product_tag-tiger-1200","15":"product_tag-tiger-1200-gt","16":"product_tag-tiger-1200-gt-explorer","17":"product_tag-triumph","18":"product_shipping_class-standard","20":"entry","21":"has-media","23":"first","24":"instock","25":"sale","26":"taxable","27":"shipping-taxable","28":"purchasable","29":"product-type-simple","30":"col","31":"span_1_of_5","32":"owp-content-center","33":"item-entry","34":"owp-thumbs-layout-horizontal","35":"owp-btn-big","36":"owp-tabs-layout-horizontal","37":"has-no-thumbnails"},"ase":null,"_links":{"self":[{"href":"https:\/\/www.m-stickers.com\/pt\/wp-json\/wp\/v2\/product\/63256","targetHints":{"allow":["GET"]}}],"collection":[{"href":"https:\/\/www.m-stickers.com\/pt\/wp-json\/wp\/v2\/product"}],"about":[{"href":"https:\/\/www.m-stickers.com\/pt\/wp-json\/wp\/v2\/types\/product"}],"replies":[{"embeddable":true,"href":"https:\/\/www.m-stickers.com\/pt\/wp-json\/wp\/v2\/comments?post=63256"}],"wp:featuredmedia":[{"embeddable":true,"href":"https:\/\/www.m-stickers.com\/pt\/wp-json\/wp\/v2\/media\/63257"}],"wp:attachment":[{"href":"https:\/\/www.m-stickers.com\/pt\/wp-json\/wp\/v2\/media?parent=63256"}],"wp:term":[{"taxonomy":"product_brand","embeddable":true,"href":"https:\/\/www.m-stickers.com\/pt\/wp-json\/wp\/v2\/product_brand?post=63256"},{"taxonomy":"product_cat","embeddable":true,"href":"https:\/\/www.m-stickers.com\/pt\/wp-json\/wp\/v2\/product_cat?post=63256"},{"taxonomy":"product_tag","embeddable":true,"href":"https:\/\/www.m-stickers.com\/pt\/wp-json\/wp\/v2\/product_tag?post=63256"}],"curies":[{"name":"Pneu","href":"https:\/\/api.w.org\/{rel}","templated":true}]}}