{"id":63259,"date":"2025-10-01T18:08:20","date_gmt":"2025-10-01T16:08:20","guid":{"rendered":"https:\/\/www.m-stickers.com\/?post_type=product&#038;p=63259"},"modified":"2026-01-16T19:01:07","modified_gmt":"2026-01-16T18:01:07","slug":"adesivos-de-aros-honda-cb750-verde-liquidacao","status":"publish","type":"product","link":"https:\/\/www.m-stickers.com\/pt\/produit\/stickers-jantes-honda-cb750-vert-destockage\/","title":{"rendered":"Autocolantes para jantes Honda CB750 Vert \u2013 Liquida\u00e7\u00e3o"},"content":{"rendered":"<h2><span style=\"color: #ff0000;\">Apuramento <\/span><\/h2>\n<p data-start=\"490\" data-end=\"656\">Traga um toque desportivo e original \u00e0 sua moto com esta <strong data-start=\"553\" data-end=\"603\">Kit de adesivos para jantes Honda CB750 Hornet verde<\/strong>, projetado especificamente para <strong data-start=\"633\" data-end=\"653\">Rodas 17 polegadas<\/strong>.<\/p>\n<p data-start=\"658\" data-end=\"700\">Este pacote completo para 2 aros de roda inclui:<\/p>\n<ul data-start=\"701\" data-end=\"853\">\n<li data-start=\"701\" data-end=\"753\">\n<p data-start=\"703\" data-end=\"753\">20 faixas pr\u00e9-curvadas de 8 mm \u2013 Design 4 verdes<\/p>\n<\/li>\n<li data-start=\"754\" data-end=\"781\">\n<p data-start=\"756\" data-end=\"781\">10 faixas verdes Honda<\/p>\n<\/li>\n<li data-start=\"782\" data-end=\"809\">\n<p data-start=\"784\" data-end=\"809\">10 faixas CB750 verdes<\/p>\n<\/li>\n<li data-start=\"810\" data-end=\"853\">\n<p data-start=\"812\" data-end=\"853\">8 **autocolantes** \u201cRace\u201d adicionais verdes<\/p>\n<\/li>\n<\/ul>\n<p data-start=\"855\" data-end=\"1060\">Os adesivos s\u00e3o <strong data-start=\"873\" data-end=\"889\">pr\u00e9-cortadas<\/strong>, resistentes \u00e0s intemp\u00e9ries e f\u00e1ceis de aplicar para um acabamento limpo, dur\u00e1vel e profissional. A cor verde confere um estilo din\u00e2mico e racing \u00e0 sua CB750 Hornet.<\/p>\n<p data-start=\"1062\" data-end=\"1205\">Aproveite esta <strong data-start=\"1080\" data-end=\"1103\">oferta em estoque<\/strong> para personalizar sua Honda CB750 a um pre\u00e7o reduzido e dar-lhe um visual \u00fanico, moderno e agressivo.<\/p>","protected":false},"excerpt":{"rendered":"<h2><span style=\"color: #ff0000;\">Apuramento <\/span><\/h2>\n<p data-start=\"490\" data-end=\"656\">Traga um toque desportivo e original \u00e0 sua moto com esta <strong data-start=\"553\" data-end=\"603\">Kit de adesivos para jantes Honda CB750 Hornet verde<\/strong>, projetado especificamente para <strong data-start=\"633\" data-end=\"653\">Rodas 17 polegadas<\/strong>.<\/p>\n<p data-start=\"658\" data-end=\"700\">Este pacote completo para 2 aros de roda inclui:<\/p>\n<ul data-start=\"701\" data-end=\"853\">\n<li data-start=\"701\" data-end=\"753\">\n<p data-start=\"703\" data-end=\"753\">20 faixas pr\u00e9-curvadas de 8 mm \u2013 Design 4 verdes<\/p>\n<\/li>\n<li data-start=\"754\" data-end=\"781\">\n<p data-start=\"756\" data-end=\"781\">10 faixas verdes Honda<\/p>\n<\/li>\n<li data-start=\"782\" data-end=\"809\">\n<p data-start=\"784\" data-end=\"809\">10 faixas CB750 verdes<\/p>\n<\/li>\n<li data-start=\"810\" data-end=\"853\">\n<p data-start=\"812\" data-end=\"853\">8 **autocolantes** \u201cRace\u201d adicionais verdes<\/p>\n<\/li>\n<\/ul>\n<p data-start=\"855\" data-end=\"1060\">Os adesivos s\u00e3o <strong data-start=\"873\" data-end=\"889\">pr\u00e9-cortadas<\/strong>, resistentes \u00e0s intemp\u00e9ries e f\u00e1ceis de aplicar para um acabamento limpo, dur\u00e1vel e profissional. A cor verde confere um estilo din\u00e2mico e racing \u00e0 sua CB750 Hornet.<\/p>\n<p data-start=\"1062\" data-end=\"1205\">Aproveite esta <strong data-start=\"1080\" data-end=\"1103\">oferta em estoque<\/strong> para personalizar sua Honda CB750 a um pre\u00e7o reduzido e dar-lhe um visual \u00fanico, moderno e agressivo.<\/p>","protected":false},"featured_media":63260,"comment_status":"open","ping_status":"closed","template":"","meta":[],"product_brand":[],"product_cat":[929,963],"product_tag":[991,989,931,139,994,993,1102,933,1131,932,935],"class_list":{"0":"post-63259","1":"product","2":"type-product","3":"status-publish","4":"has-post-thumbnail","6":"product_cat-destockage","7":"product_cat-stickers-honda-pas-cher","8":"product_tag-cb750","9":"product_tag-cb750-hornet","10":"product_tag-destockage","11":"product_tag-honda","12":"product_tag-honda-cb750","13":"product_tag-honda-cb750-hornet","14":"product_tag-hornet-cb750","15":"product_tag-promo","16":"product_tag-promos","17":"product_tag-promotion","18":"product_tag-reduction","19":"product_shipping_class-standard","21":"entry","22":"has-media","24":"first","25":"instock","26":"sale","27":"taxable","28":"shipping-taxable","29":"purchasable","30":"product-type-simple","31":"col","32":"span_1_of_5","33":"owp-content-center","34":"item-entry","35":"owp-thumbs-layout-horizontal","36":"owp-btn-big","37":"owp-tabs-layout-horizontal","38":"has-no-thumbnails"},"ase":null,"_links":{"self":[{"href":"https:\/\/www.m-stickers.com\/pt\/wp-json\/wp\/v2\/product\/63259","targetHints":{"allow":["GET"]}}],"collection":[{"href":"https:\/\/www.m-stickers.com\/pt\/wp-json\/wp\/v2\/product"}],"about":[{"href":"https:\/\/www.m-stickers.com\/pt\/wp-json\/wp\/v2\/types\/product"}],"replies":[{"embeddable":true,"href":"https:\/\/www.m-stickers.com\/pt\/wp-json\/wp\/v2\/comments?post=63259"}],"wp:featuredmedia":[{"embeddable":true,"href":"https:\/\/www.m-stickers.com\/pt\/wp-json\/wp\/v2\/media\/63260"}],"wp:attachment":[{"href":"https:\/\/www.m-stickers.com\/pt\/wp-json\/wp\/v2\/media?parent=63259"}],"wp:term":[{"taxonomy":"product_brand","embeddable":true,"href":"https:\/\/www.m-stickers.com\/pt\/wp-json\/wp\/v2\/product_brand?post=63259"},{"taxonomy":"product_cat","embeddable":true,"href":"https:\/\/www.m-stickers.com\/pt\/wp-json\/wp\/v2\/product_cat?post=63259"},{"taxonomy":"product_tag","embeddable":true,"href":"https:\/\/www.m-stickers.com\/pt\/wp-json\/wp\/v2\/product_tag?post=63259"}],"curies":[{"name":"Pneu","href":"https:\/\/api.w.org\/{rel}","templated":true}]}}