{"id":63274,"date":"2025-10-01T22:11:07","date_gmt":"2025-10-01T20:11:07","guid":{"rendered":"https:\/\/www.m-stickers.com\/?post_type=product&#038;p=63274"},"modified":"2026-01-16T18:50:09","modified_gmt":"2026-01-16T17:50:09","slug":"autocolantes-jantes-aprilia-dorsoduro-900-branco-e-vermelho-liquidacao","status":"publish","type":"product","link":"https:\/\/www.m-stickers.com\/pt\/produit\/stickers-jantes-aprilia-dorsoduro-900-blanc-et-rouge-destockage\/","title":{"rendered":"Decal de rodas Aprilia Dorsoduro 900 \u2013 Branco e Vermelho \u2013 Liquida\u00e7\u00e3o"},"content":{"rendered":"<h2><strong><span style=\"color: #ff0000;\">Apuramento<\/span><\/strong><\/h2>\n<p data-start=\"528\" data-end=\"711\">D\u00ea um toque de corrida e elegante \u00e0 sua moto com este <strong data-start=\"588\" data-end=\"651\">kit de autocolantes para jantes Aprilia Dorsoduro 900 branco e vermelho<\/strong>, projetado especificamente para <strong data-start=\"681\" data-end=\"708\">jantes 17 polegadas pretas<\/strong>.<\/p>\n<p data-start=\"713\" data-end=\"755\">Este pacote completo para 2 aros de roda inclui:<\/p>\n<ul data-start=\"756\" data-end=\"987\">\n<li data-start=\"756\" data-end=\"808\">\n<p data-start=\"758\" data-end=\"808\">20 faixas pr\u00e9-curvadas de 8 mm \u2013 Design 1 vermelho<\/p>\n<\/li>\n<li data-start=\"809\" data-end=\"848\">\n<p data-start=\"811\" data-end=\"848\">10 autocolantes faixas jantes Aprilia brancos<\/p>\n<\/li>\n<li data-start=\"849\" data-end=\"890\">\n<p data-start=\"851\" data-end=\"890\">10 **autocolantes** para **jantes** Dorsoduro brancos<\/p>\n<\/li>\n<li data-start=\"891\" data-end=\"962\">\n<p data-start=\"893\" data-end=\"962\">4 **stickers** internos de aros Aprilia brancos (2 pequenos, 2 grandes)<\/p>\n<\/li>\n<li data-start=\"963\" data-end=\"987\">\n<p data-start=\"965\" data-end=\"987\">1 logotipo Aprilia vermelho<\/p>\n<\/li>\n<\/ul>\n<p data-start=\"989\" data-end=\"1136\">Os adesivos s\u00e3o <strong data-start=\"1007\" data-end=\"1023\">pr\u00e9-cortadas<\/strong>, resistentes \u00e0s intemp\u00e9ries e projetados para uma <strong data-start=\"1071\" data-end=\"1086\">f\u00e1cil aplica\u00e7\u00e3o<\/strong> com um acabamento limpo, duradouro e profissional.<\/p>\n<p data-start=\"1138\" data-end=\"1294\">Aproveite esta <strong data-start=\"1156\" data-end=\"1179\">oferta em estoque<\/strong> para personalizar a sua Aprilia Dorsoduro 900 a pre\u00e7o reduzido e dar-lhe um visual desportivo, moderno e distinto.<\/p>","protected":false},"excerpt":{"rendered":"<h2><strong><span style=\"color: #ff0000;\">Apuramento<\/span><\/strong><\/h2>\n<p data-start=\"528\" data-end=\"711\">D\u00ea um toque de corrida e elegante \u00e0 sua moto com este <strong data-start=\"588\" data-end=\"651\">kit de autocolantes para jantes Aprilia Dorsoduro 900 branco e vermelho<\/strong>, projetado especificamente para <strong data-start=\"681\" data-end=\"708\">jantes 17 polegadas pretas<\/strong>.<\/p>\n<p data-start=\"713\" data-end=\"755\">Este pacote completo para 2 aros de roda inclui:<\/p>\n<ul data-start=\"756\" data-end=\"987\">\n<li data-start=\"756\" data-end=\"808\">\n<p data-start=\"758\" data-end=\"808\">20 faixas pr\u00e9-curvadas de 8 mm \u2013 Design 1 vermelho<\/p>\n<\/li>\n<li data-start=\"809\" data-end=\"848\">\n<p data-start=\"811\" data-end=\"848\">10 autocolantes faixas jantes Aprilia brancos<\/p>\n<\/li>\n<li data-start=\"849\" data-end=\"890\">\n<p data-start=\"851\" data-end=\"890\">10 **autocolantes** para **jantes** Dorsoduro brancos<\/p>\n<\/li>\n<li data-start=\"891\" data-end=\"962\">\n<p data-start=\"893\" data-end=\"962\">4 **stickers** internos de aros Aprilia brancos (2 pequenos, 2 grandes)<\/p>\n<\/li>\n<li data-start=\"963\" data-end=\"987\">\n<p data-start=\"965\" data-end=\"987\">1 logotipo Aprilia vermelho<\/p>\n<\/li>\n<\/ul>\n<p data-start=\"989\" data-end=\"1136\">Os adesivos s\u00e3o <strong data-start=\"1007\" data-end=\"1023\">pr\u00e9-cortadas<\/strong>, resistentes \u00e0s intemp\u00e9ries e projetados para uma <strong data-start=\"1071\" data-end=\"1086\">f\u00e1cil aplica\u00e7\u00e3o<\/strong> com um acabamento limpo, duradouro e profissional.<\/p>\n<p data-start=\"1138\" data-end=\"1294\">Aproveite esta <strong data-start=\"1156\" data-end=\"1179\">oferta em estoque<\/strong> para personalizar a sua Aprilia Dorsoduro 900 a pre\u00e7o reduzido e dar-lhe um visual desportivo, moderno e distinto.<\/p>","protected":false},"featured_media":63276,"comment_status":"open","ping_status":"closed","template":"","meta":[],"product_brand":[],"product_cat":[939,929],"product_tag":[176,1069,931,1068,933,932,934,935],"class_list":{"0":"post-63274","1":"product","2":"type-product","3":"status-publish","4":"has-post-thumbnail","6":"product_cat-stickers-aprilia-pas-cher","7":"product_cat-destockage","8":"product_tag-aprilia","9":"product_tag-aprilia-dorsoduro","10":"product_tag-destockage","11":"product_tag-dorsoduro","12":"product_tag-promo","13":"product_tag-promotion","14":"product_tag-promotions","15":"product_tag-reduction","16":"product_shipping_class-standard","18":"entry","19":"has-media","21":"first","22":"instock","23":"sale","24":"taxable","25":"shipping-taxable","26":"purchasable","27":"product-type-simple","28":"col","29":"span_1_of_5","30":"owp-content-center","31":"item-entry","32":"owp-thumbs-layout-horizontal","33":"owp-btn-big","34":"owp-tabs-layout-horizontal","35":"has-no-thumbnails"},"ase":null,"_links":{"self":[{"href":"https:\/\/www.m-stickers.com\/pt\/wp-json\/wp\/v2\/product\/63274","targetHints":{"allow":["GET"]}}],"collection":[{"href":"https:\/\/www.m-stickers.com\/pt\/wp-json\/wp\/v2\/product"}],"about":[{"href":"https:\/\/www.m-stickers.com\/pt\/wp-json\/wp\/v2\/types\/product"}],"replies":[{"embeddable":true,"href":"https:\/\/www.m-stickers.com\/pt\/wp-json\/wp\/v2\/comments?post=63274"}],"wp:featuredmedia":[{"embeddable":true,"href":"https:\/\/www.m-stickers.com\/pt\/wp-json\/wp\/v2\/media\/63276"}],"wp:attachment":[{"href":"https:\/\/www.m-stickers.com\/pt\/wp-json\/wp\/v2\/media?parent=63274"}],"wp:term":[{"taxonomy":"product_brand","embeddable":true,"href":"https:\/\/www.m-stickers.com\/pt\/wp-json\/wp\/v2\/product_brand?post=63274"},{"taxonomy":"product_cat","embeddable":true,"href":"https:\/\/www.m-stickers.com\/pt\/wp-json\/wp\/v2\/product_cat?post=63274"},{"taxonomy":"product_tag","embeddable":true,"href":"https:\/\/www.m-stickers.com\/pt\/wp-json\/wp\/v2\/product_tag?post=63274"}],"curies":[{"name":"Pneu","href":"https:\/\/api.w.org\/{rel}","templated":true}]}}