{"id":63875,"date":"2026-01-07T19:02:17","date_gmt":"2026-01-07T18:02:17","guid":{"rendered":"https:\/\/www.m-stickers.com\/?post_type=product&#038;p=63875"},"modified":"2026-01-16T19:29:16","modified_gmt":"2026-01-16T18:29:16","slug":"adesivos-de-aros-kawasaki-er6n-ou-liquidacao","status":"publish","type":"product","link":"https:\/\/www.m-stickers.com\/pt\/produit\/stickers-jante-kawasaki-er6-n-or-destockage\/","title":{"rendered":"Autocolantes para jantes Kawasaki ER6-N \u2013 Dourado \u2013 Liquida\u00e7\u00e3o"},"content":{"rendered":"<h2><strong><span style=\"color: #ff0000;\">Apuramento<\/span><\/strong><\/h2>\n<p data-start=\"503\" data-end=\"669\">D\u00ea um toque elegante e esportivo \u00e0 sua moto com este <strong data-start=\"565\" data-end=\"616\">kit de adesivos de roda Kawasaki ER6-N cor ouro<\/strong>, projetado especificamente para <strong data-start=\"646\" data-end=\"666\">Rodas 17 polegadas<\/strong>.<\/p>\n<p data-start=\"671\" data-end=\"713\">Este pacote completo para 2 aros de roda inclui:<\/p>\n<ul data-start=\"714\" data-end=\"1088\">\n<li data-start=\"714\" data-end=\"771\">\n<p data-start=\"716\" data-end=\"771\">10 faixas pr\u00e9-curvadas de 8mm \u2013 Design 1 cor ouro<\/p>\n<\/li>\n<li data-start=\"772\" data-end=\"829\">\n<p data-start=\"774\" data-end=\"829\">10 faixas pr\u00e9-curvadas de 8 mm \u2013 Design 5 cor ouro<\/p>\n<\/li>\n<li data-start=\"830\" data-end=\"865\">\n<p data-start=\"832\" data-end=\"865\">10 faixas de aro douradas Kawasaki<\/p>\n<\/li>\n<li data-start=\"866\" data-end=\"898\">\n<p data-start=\"868\" data-end=\"898\">10 faixas de roda douradas ER-6n<\/p>\n<\/li>\n<li data-start=\"899\" data-end=\"975\">\n<p data-start=\"901\" data-end=\"975\">4 adesivos interiores de aros de jante Kawasaki cor dourada (2 pequenos, 2 grandes)<\/p>\n<\/li>\n<li data-start=\"976\" data-end=\"1039\">\n<p data-start=\"978\" data-end=\"1039\">4 **autocolantes** internas ER-6n cor dourada (2 pequenos, 2 grandes)<\/p>\n<\/li>\n<li data-start=\"1040\" data-end=\"1088\">\n<p data-start=\"1042\" data-end=\"1088\">8 autocolantes adicionais \u201cRace\u201d cor dourada<\/p>\n<\/li>\n<\/ul>\n<p data-start=\"1090\" data-end=\"1226\">Os adesivos s\u00e3o <strong data-start=\"1108\" data-end=\"1124\">pr\u00e9-cortadas<\/strong>, resistentes \u00e0s intemp\u00e9ries e projetados para uma <strong data-start=\"1172\" data-end=\"1187\">f\u00e1cil aplica\u00e7\u00e3o<\/strong> com um acabamento limpo e duradouro.<\/p>\n<p data-start=\"1228\" data-end=\"1423\">Aproveite esta <strong data-start=\"1246\" data-end=\"1269\">oferta em estoque<\/strong> para personalizar sua Kawasaki ER6-N a um pre\u00e7o reduzido. Uma \u00f3tima escolha para motociclistas que querem combinar <strong data-start=\"1380\" data-end=\"1422\">estilo premium, qualidade e or\u00e7amento pequeno<\/strong>.<\/p>","protected":false},"excerpt":{"rendered":"<h2><strong><span style=\"color: #ff0000;\">Apuramento<\/span><\/strong><\/h2>\n<h2>Decais para jantes Kawasaki ER6-N (kit para 2 jantes)<\/h2>\n<p>O kit decorativo de aros de moto de 17 polegadas Kawasaki ER6-n para ambos os aros inclui:<\/p>\n<ul>\n<li>10 faixas de aro pr\u00e9-curvadas de 8mm Design 1 cor Dourado<\/li>\n<li>10 faixas de aro pr\u00e9-curvadas de 8mm Design 5 cor Ouro<\/li>\n<li>10 faixas de aro Kawasaki cor ouro<\/li>\n<li>10 faixas de roda ER-6n cor Dourada<\/li>\n<li>4 Forros internos da jante Kawasaki dourados (2 pequenos e 2 grandes)<\/li>\n<li>4 adesivos internos para jantes ER-6n cor ouro (2 pequenos e 2 grandes)<\/li>\n<li>8 adesivos adicionais \u00abRace\u00bb cor Dourada<\/li>\n<\/ul>","protected":false},"featured_media":63877,"comment_status":"open","ping_status":"closed","template":"","meta":[],"product_brand":[],"product_cat":[929,941],"product_tag":[931,163,1576,204,1575,933,932,934,935],"class_list":{"0":"post-63875","1":"product","2":"type-product","3":"status-publish","4":"has-post-thumbnail","6":"product_cat-destockage","7":"product_cat-stickers-kawasaki-pas-cher","8":"product_tag-destockage","9":"product_tag-er6n","10":"product_tag-jantesnoires","11":"product_tag-kawasaki","12":"product_tag-or","13":"product_tag-promo","14":"product_tag-promotion","15":"product_tag-promotions","16":"product_tag-reduction","17":"product_shipping_class-standard","19":"entry","20":"has-media","22":"first","23":"instock","24":"sale","25":"taxable","26":"shipping-taxable","27":"purchasable","28":"product-type-simple","29":"col","30":"span_1_of_5","31":"owp-content-center","32":"item-entry","33":"owp-thumbs-layout-horizontal","34":"owp-btn-big","35":"owp-tabs-layout-horizontal","36":"has-no-thumbnails"},"ase":null,"_links":{"self":[{"href":"https:\/\/www.m-stickers.com\/pt\/wp-json\/wp\/v2\/product\/63875","targetHints":{"allow":["GET"]}}],"collection":[{"href":"https:\/\/www.m-stickers.com\/pt\/wp-json\/wp\/v2\/product"}],"about":[{"href":"https:\/\/www.m-stickers.com\/pt\/wp-json\/wp\/v2\/types\/product"}],"replies":[{"embeddable":true,"href":"https:\/\/www.m-stickers.com\/pt\/wp-json\/wp\/v2\/comments?post=63875"}],"wp:featuredmedia":[{"embeddable":true,"href":"https:\/\/www.m-stickers.com\/pt\/wp-json\/wp\/v2\/media\/63877"}],"wp:attachment":[{"href":"https:\/\/www.m-stickers.com\/pt\/wp-json\/wp\/v2\/media?parent=63875"}],"wp:term":[{"taxonomy":"product_brand","embeddable":true,"href":"https:\/\/www.m-stickers.com\/pt\/wp-json\/wp\/v2\/product_brand?post=63875"},{"taxonomy":"product_cat","embeddable":true,"href":"https:\/\/www.m-stickers.com\/pt\/wp-json\/wp\/v2\/product_cat?post=63875"},{"taxonomy":"product_tag","embeddable":true,"href":"https:\/\/www.m-stickers.com\/pt\/wp-json\/wp\/v2\/product_tag?post=63875"}],"curies":[{"name":"Pneu","href":"https:\/\/api.w.org\/{rel}","templated":true}]}}