{"id":64065,"date":"2026-01-23T18:28:03","date_gmt":"2026-01-23T17:28:03","guid":{"rendered":"https:\/\/www.m-stickers.com\/?post_type=product&#038;p=64065"},"modified":"2026-02-11T15:01:16","modified_gmt":"2026-02-11T14:01:16","slug":"adesivos-de-aros-honda-branco-holografico-em-liquidacao","status":"publish","type":"product","link":"https:\/\/www.m-stickers.com\/pt\/produit\/stickers-jantes-honda-blanc-holographique-destockage\/","title":{"rendered":"Autocolantes de aros Honda Branco Hologr\u00e1fico \u2013 Liquida\u00e7\u00e3o"},"content":{"rendered":"<h2><span style=\"color: #ff0000;\">Apuramento <\/span><\/h2>\n<p data-start=\"314\" data-end=\"577\">D\u00ea um estilo \u00fanico e luminoso \u00e0 sua moto com este <strong data-start=\"370\" data-end=\"422\">Kit de adesivos de aros de roda Honda branco hologr\u00e1fico<\/strong>, projetado para real\u00e7ar <strong data-start=\"448\" data-end=\"468\">Rodas 17 polegadas<\/strong>. O efeito hologr\u00e1fico proporciona um aspeto de corrida elegante, vis\u00edvel sob diferentes \u00e2ngulos e sob a luz.<\/p>\n<p data-start=\"579\" data-end=\"607\">Este pacote completo inclui:<\/p>\n<ul data-start=\"608\" data-end=\"799\">\n<li data-start=\"608\" data-end=\"674\">\n<p data-start=\"610\" data-end=\"674\">20 faixas pr\u00e9-curvadas de 8 mm \u2013 Design 1 branco hologr\u00e1fico<\/p>\n<\/li>\n<li data-start=\"675\" data-end=\"716\">\n<p data-start=\"677\" data-end=\"716\">20 faixas refletivas Honda brancas hologr\u00e1ficas cheias<\/p>\n<\/li>\n<li data-start=\"717\" data-end=\"799\">\n<p data-start=\"719\" data-end=\"799\">8 adesivos internos para aros de jante de Honda branco hologr\u00e1fico (4 grandes, 4 pequenos)<\/p>\n<\/li>\n<\/ul>\n<p data-start=\"801\" data-end=\"946\">Os adesivos s\u00e3o <strong data-start=\"819\" data-end=\"835\">pr\u00e9-cortadas<\/strong>, resistente a UV, \u00e1gua e proje\u00e7\u00f5es, para uma <strong data-start=\"893\" data-end=\"908\">f\u00e1cil aplica\u00e7\u00e3o<\/strong> e uma durabilidade a longo prazo.<\/p>\n<p data-start=\"948\" data-end=\"1083\">Aproveite esta <strong data-start=\"966\" data-end=\"989\">oferta em estoque<\/strong> Para personalizar a sua motocicleta a um pre\u00e7o reduzido com um estilo premium, moderno e ultra-original.<\/p>","protected":false},"excerpt":{"rendered":"<h2><span style=\"color: #ff0000;\">Apuramento <\/span><\/h2>\n<p data-start=\"314\" data-end=\"577\">D\u00ea um estilo \u00fanico e luminoso \u00e0 sua moto com este <strong data-start=\"370\" data-end=\"422\">Kit de adesivos de aros de roda Honda branco hologr\u00e1fico<\/strong>, projetado para real\u00e7ar <strong data-start=\"448\" data-end=\"468\">Rodas 17 polegadas<\/strong>. O efeito hologr\u00e1fico proporciona um aspeto de corrida elegante, vis\u00edvel sob diferentes \u00e2ngulos e sob a luz.<\/p>\n<p data-start=\"579\" data-end=\"607\">Este pacote completo inclui:<\/p>\n<ul data-start=\"608\" data-end=\"799\">\n<li data-start=\"608\" data-end=\"674\">\n<p data-start=\"610\" data-end=\"674\">20 faixas pr\u00e9-curvadas de 8 mm \u2013 Design 1 branco hologr\u00e1fico<\/p>\n<\/li>\n<li data-start=\"675\" data-end=\"716\">\n<p data-start=\"677\" data-end=\"716\">20 faixas refletivas Honda brancas hologr\u00e1ficas cheias<\/p>\n<\/li>\n<li data-start=\"717\" data-end=\"799\">\n<p data-start=\"719\" data-end=\"799\">8 adesivos internos para aros de jante de Honda branco hologr\u00e1fico (4 grandes, 4 pequenos)<\/p>\n<\/li>\n<\/ul>\n<p data-start=\"801\" data-end=\"946\">Os adesivos s\u00e3o <strong data-start=\"819\" data-end=\"835\">pr\u00e9-cortadas<\/strong>, resistente a UV, \u00e1gua e proje\u00e7\u00f5es, para uma <strong data-start=\"893\" data-end=\"908\">f\u00e1cil aplica\u00e7\u00e3o<\/strong> e uma durabilidade a longo prazo.<\/p>\n<p data-start=\"948\" data-end=\"1083\">Aproveite esta <strong data-start=\"966\" data-end=\"989\">oferta em estoque<\/strong> Para personalizar a sua motocicleta a um pre\u00e7o reduzido com um estilo premium, moderno e ultra-original.<\/p>","protected":false},"featured_media":64066,"comment_status":"open","ping_status":"closed","template":"","meta":[],"product_brand":[],"product_cat":[929,963],"product_tag":[991,989,931,139,994,993,1102,933,1131,932,935],"class_list":{"0":"post-64065","1":"product","2":"type-product","3":"status-publish","4":"has-post-thumbnail","6":"product_cat-destockage","7":"product_cat-stickers-honda-pas-cher","8":"product_tag-cb750","9":"product_tag-cb750-hornet","10":"product_tag-destockage","11":"product_tag-honda","12":"product_tag-honda-cb750","13":"product_tag-honda-cb750-hornet","14":"product_tag-hornet-cb750","15":"product_tag-promo","16":"product_tag-promos","17":"product_tag-promotion","18":"product_tag-reduction","19":"product_shipping_class-standard","21":"entry","22":"has-media","24":"first","25":"instock","26":"sale","27":"taxable","28":"shipping-taxable","29":"purchasable","30":"product-type-simple","31":"col","32":"span_1_of_5","33":"owp-content-center","34":"item-entry","35":"owp-thumbs-layout-horizontal","36":"owp-btn-big","37":"owp-tabs-layout-horizontal","38":"has-no-thumbnails"},"ase":null,"_links":{"self":[{"href":"https:\/\/www.m-stickers.com\/pt\/wp-json\/wp\/v2\/product\/64065","targetHints":{"allow":["GET"]}}],"collection":[{"href":"https:\/\/www.m-stickers.com\/pt\/wp-json\/wp\/v2\/product"}],"about":[{"href":"https:\/\/www.m-stickers.com\/pt\/wp-json\/wp\/v2\/types\/product"}],"replies":[{"embeddable":true,"href":"https:\/\/www.m-stickers.com\/pt\/wp-json\/wp\/v2\/comments?post=64065"}],"wp:featuredmedia":[{"embeddable":true,"href":"https:\/\/www.m-stickers.com\/pt\/wp-json\/wp\/v2\/media\/64066"}],"wp:attachment":[{"href":"https:\/\/www.m-stickers.com\/pt\/wp-json\/wp\/v2\/media?parent=64065"}],"wp:term":[{"taxonomy":"product_brand","embeddable":true,"href":"https:\/\/www.m-stickers.com\/pt\/wp-json\/wp\/v2\/product_brand?post=64065"},{"taxonomy":"product_cat","embeddable":true,"href":"https:\/\/www.m-stickers.com\/pt\/wp-json\/wp\/v2\/product_cat?post=64065"},{"taxonomy":"product_tag","embeddable":true,"href":"https:\/\/www.m-stickers.com\/pt\/wp-json\/wp\/v2\/product_tag?post=64065"}],"curies":[{"name":"Pneu","href":"https:\/\/api.w.org\/{rel}","templated":true}]}}