{"id":6562,"date":"2021-01-22T20:41:43","date_gmt":"2021-01-22T19:41:43","guid":{"rendered":"https:\/\/www.m-stickers.com\/?post_type=product&#038;p=6562"},"modified":"2025-03-19T08:26:05","modified_gmt":"2025-03-19T07:26:05","slug":"kit-de-adesivos-de-rodas-red-bull","status":"publish","type":"product","link":"https:\/\/www.m-stickers.com\/pt\/produit\/kit-stickers-de-jantes-redbull\/","title":{"rendered":"Stickers de Jantes Red Bull"},"content":{"rendered":"<h2>Stickers Red Bull para raios \u2013 Kit completo:<\/h2>\n<p>Eleve a sua moto a um n\u00edvel GP com o nosso kit de adesivos Redbull para raios de moto.<\/p>\n<p>O kit completo de adesivos Red Bull inclui:<\/p>\n<ul>\n<li style=\"font-weight: 400;\"><span style=\"font-weight: 400;\">16 Liser\u00e9s pr\u00e9-curvados de 8mm Redbull,\u00a0<\/span><\/li>\n<li style=\"font-weight: 400;\"><span style=\"font-weight: 400;\">4 Grandes Adesivos de Jantes Interiores Redbull<\/span><\/li>\n<li style=\"font-weight: 400;\"><span style=\"font-weight: 400;\">4 Pequenos Adesivos para Interior de Jantes Redbull<\/span><\/li>\n<li style=\"font-weight: 400;\"><span style=\"font-weight: 400;\">1 Logo Red Bull<\/span><\/li>\n<\/ul>\n<p><b>Os mais <\/b><span style=\"font-weight: 400;\">Qualidade profissional, durabilidade permanente, resistentes \u00e0 \u00e1gua e aos raios UV, 100% personaliz\u00e1veis, f\u00e1ceis de aplicar, <\/span><span style=\"font-weight: 400; color: #ff0000;\">Projetados e fabricados na Fran\u00e7a por motociclistas.\u00a0<\/span><\/p>\n<p><b>Materiais<\/b><span style=\"font-weight: 400;\"> Vin\u00e9is de alta qualidade, adesivos com cola mon\u00f4mera 100% (fixa\u00e7\u00e3o permanente), acabamento brilhante.<\/span><\/p>\n<p>Nossos adesivos s\u00e3o projetados para durar.<\/p>\n<p>E se quiser personalizar sua moto completamente para se sentir como Miguel Oliveira, \u00e9 por aqui<a href=\"https:\/\/www.m-stickers.com\/pt\/contato\/\"> <span style=\"font-weight: 400;\">aqui<\/span><\/a><span style=\"font-weight: 400;\"> !<\/span><\/p>\n<hr \/>\n<h2><b>Personalizar meu kit de adesivos Redbull para raios<\/b><\/h2>\n<p><span style=\"font-weight: 400;\">Al\u00e9m da cor cl\u00e1ssica Redbull, voc\u00ea pode escolher uma das cores propostas para o seu kit: <\/span><i><span style=\"font-weight: 400;\">Branco \/ Preto \/ Vermelho \/ Laranja \/ Amarelo \/ Verde \/ Ciano \/ Azul \/ Rosa<br \/>\n<\/span><\/i>T-shirt M-STICKERS  \n- 100 % algod\u00e3o semi-cardado Ringspun (190 g\/m\u00b2)  \n- Gola de malha canelada com costura dupla  \n- Corte moderno  \n- Tamanhos: S, M, L, XL, XXL, 3XL.<\/p>\n<p><span style=\"font-weight: 400;\">Tamb\u00e9m \u00e9 poss\u00edvel <strong>Personalizar<\/strong> O kit de adesivos Redbull na nossa<\/span><a href=\"https:\/\/www.m-stickers.com\/pt\/configurador\/configurar\/6555\/\"> <span style=\"font-weight: 400;\">Configurador<\/span><\/a> se voc\u00ea quiser mistur\u00e1-lo com a marca ou o modelo da sua moto.<span style=\"font-weight: 400;\"><br \/>\n<\/span><\/p>\n<p><strong><a href=\"https:\/\/www.m-stickers.com\/pt\/configurador\/configurar\/6555\/\"><img decoding=\"async\" class=\"aligncenter wp-image-6380\" src=\"https:\/\/www.m-stickers.com\/wp-content\/uploads\/2021\/01\/bouton-configurator-3-300x74.png\" alt=\"Configurador de adesivos para rodas Kawasaki Z750\" width=\"150\" height=\"37\" srcset=\"https:\/\/www.m-stickers.com\/wp-content\/uploads\/2021\/01\/bouton-configurator-3-300x74.png 300w, https:\/\/www.m-stickers.com\/wp-content\/uploads\/2021\/01\/bouton-configurator-3.png 413w\" sizes=\"(max-width: 150px) 100vw, 150px\" \/><\/a><\/strong><\/p>\n<p><span style=\"font-weight: 400;\">Escolha o design e a cor de cada autocolante um por um.<br \/>\nAdicione faixas de jante e adesivos adicionais.<br \/>\nAcrescente efeitos para completar o estilo: Hologr\u00e1fico \/ Fotoluminescente \/ Retrorrefletor \/ Fluorescente \/ Brilhante \/ Mate.<\/span><\/p>\n<p><a href=\"https:\/\/www.m-stickers.com\/pt\/nossos-adesivos\/\"><b>Visite nosso site para saber mais sobre os efeitos dos adesivos!<\/b><\/a><\/p>\n<hr \/>\n<h3><b>Colocar seus adesivos Redbull\u00a0\u00a0<\/b><\/h3>\n<p><span style=\"font-weight: 400;\">\u00c9 f\u00e1cil aplicar os adesivos, mas \u00e9 preciso rigor na prepara\u00e7\u00e3o das suas rodas e tamb\u00e9m no material.<br \/>\nAqui est\u00e3o algumas dicas para a aplica\u00e7\u00e3o dos seus adesivos.<\/span><\/p>\n<ul>\n<li style=\"font-weight: 400;\"><span style=\"font-weight: 400;\">Aplique os adesivos em local protegido do vento e poeira, em temperatura moderada (entre 15 e 25\u00b0C),<\/span><\/li>\n<li style=\"font-weight: 400;\"><span style=\"color: #ff0000;\"><b>N\u00e3o utilizar WD40 ou outros produtos \u00e0 base de silicone para a limpeza das jantes.<\/b><\/span><\/li>\n<li style=\"font-weight: 400;\"><span style=\"font-weight: 400;\">As jantes devem estar limpas e lisas,<\/span><\/li>\n<li style=\"font-weight: 400;\"><span style=\"font-weight: 400;\">Se os adesivos n\u00e3o forem usados imediatamente, guarde-os em local seco e protegido do sol.<\/span><\/li>\n<li style=\"font-weight: 400;\"><span style=\"font-weight: 400;\">Poder\u00e1 utilizar o nosso<\/span><a href=\"https:\/\/www.m-stickers.com\/pt\/product\/placas-de-revestimento\/\"> <span style=\"font-weight: 400;\">Etiquetas adesivas para raclette<\/span><\/a><span style=\"font-weight: 400;\"> para acabamentos limpos, remover vincos e otimizar a longevidade do seu kit,<\/span><\/li>\n<li style=\"font-weight: 400;\"><span style=\"font-weight: 400;\">Prefira um tempo de repouso ap\u00f3s a aplica\u00e7\u00e3o de 24-48H para uma fixa\u00e7\u00e3o ideal.<\/span><\/li>\n<\/ul>\n<p><span style=\"font-weight: 400;\">Voc\u00ea pode seguir nosso tutorial em v\u00eddeo ou nosso<\/span><a href=\"https:\/\/www.m-stickers.com\/pt\/tutorial-como-colocar-adesivos-de-rodas-de-moto\/\"> <span style=\"font-weight: 400;\">artigo<\/span><\/a><span style=\"font-weight: 400;\"> Para conhecer todas as etapas.<br \/>\n<\/span><\/p>\n<p><strong><a href=\"https:\/\/www.m-stickers.com\/pt\/tutorial-como-colocar-adesivos-de-rodas-de-moto\/\"><img decoding=\"async\" class=\"wp-image-6382 aligncenter\" src=\"https:\/\/www.m-stickers.com\/wp-content\/uploads\/2021\/01\/bouton-tuto-300x74.png\" alt=\"\" width=\"150\" height=\"37\" srcset=\"https:\/\/www.m-stickers.com\/wp-content\/uploads\/2021\/01\/bouton-tuto-300x74.png 300w, https:\/\/www.m-stickers.com\/wp-content\/uploads\/2021\/01\/bouton-tuto.png 413w\" sizes=\"(max-width: 150px) 100vw, 150px\" \/><\/a><\/strong><\/p>\n<p><b>Cole seus **adesivos** conosco!<\/b><\/p>\n<hr \/>\n<h2><b>Avalia\u00e7\u00f5es de Clientes<\/b><\/h2>\n<p>Junte-se \u00e0 nossa lista de clientes satisfeitos. Voc\u00ea pode ver os kits instalados em nossos <a href=\"https:\/\/www.instagram.com\/m.stickers.officiel\/?hl=fr\">redes<\/a><\/p>\n<blockquote><p><span style=\"font-weight: 400;\">No problem!\n\n\u00d3tima!\u00a0<\/span><\/p>\n<p>Super impulso para minha venda!<\/p>\n<p><span style=\"font-weight: 400;\">Obrigado M-Stickers por esta qualidade!\u00a0<\/span><\/p>\n<p><span style=\"font-weight: 400;\">\u00c9 B\u00f4\u00a0<\/span><\/p>\n<p><span style=\"font-weight: 400;\">Stickers personalizados e de alta qualidade para a sua m\u00e1quina!\u00a0<\/span><\/p><\/blockquote>\n<p><b>Envie de nos perguntar sobre os autocolantes, ou qualquer pedido de personaliza\u00e7\u00e3o? :<\/b><\/p>\n<h4><a href=\"https:\/\/www.m-stickers.com\/pt\/contato\/\"><img decoding=\"async\" class=\"alignnone wp-image-6381\" src=\"https:\/\/www.m-stickers.com\/wp-content\/uploads\/2021\/01\/bouton-contact-300x74.png\" alt=\"Stickers para rodas Kawasaki Z750 contato\" width=\"150\" height=\"37\" srcset=\"https:\/\/www.m-stickers.com\/wp-content\/uploads\/2021\/01\/bouton-contact-300x74.png 300w, https:\/\/www.m-stickers.com\/wp-content\/uploads\/2021\/01\/bouton-contact.png 413w\" sizes=\"(max-width: 150px) 100vw, 150px\" \/><\/a><\/h4>\n<p>&nbsp;<\/p>","protected":false},"excerpt":{"rendered":"<h2>Stickers Red Bull para raios:<\/h2>\n<p>O kit de decora\u00e7\u00e3o de rodas de moto de 17 polegadas Redbull inclui:<\/p>\n<ul>\n<li style=\"font-weight: 400;\"><span style=\"font-weight: 400;\">16 Liser\u00e9s pr\u00e9-curvados de 8mm Redbull,\u00a0<\/span><\/li>\n<li style=\"font-weight: 400;\"><span style=\"font-weight: 400;\">4 Grandes Adesivos de Jantes Interiores Redbull<\/span><\/li>\n<li style=\"font-weight: 400;\"><span style=\"font-weight: 400;\">4 Pequenos Adesivos para Interior de Jantes Redbull<\/span><\/li>\n<li style=\"font-weight: 400;\">1 Logotipo Red Bull.<\/li>\n<\/ul>\n<p>Alta qualidade, durabilidade permanente, resistentes \u00e0s intemp\u00e9ries e aos raios UV, 100% para franceses e motociclistas.<\/p>\n<p>Cor de sua escolha e para ir mais longe, <strong><a href=\"https:\/\/www.m-stickers.com\/pt\/configurador\/configurar\/6555\/\">Personalize o seu kit decorativo de jante atrav\u00e9s do nosso configurador online! <\/a><a href=\"https:\/\/www.m-stickers.com\/pt\/configurador\/configurar\/6555\/\"><img loading=\"lazy\" decoding=\"async\" class=\"alignnone wp-image-6380\" src=\"https:\/\/www.m-stickers.com\/wp-content\/uploads\/2021\/01\/bouton-configurator-3-300x74.png\" alt=\"\" width=\"150\" height=\"37\" srcset=\"https:\/\/www.m-stickers.com\/wp-content\/uploads\/2021\/01\/bouton-configurator-3-300x74.png 300w, https:\/\/www.m-stickers.com\/wp-content\/uploads\/2021\/01\/bouton-configurator-3.png 413w\" sizes=\"(max-width: 150px) 100vw, 150px\" \/><\/a><\/strong><\/p>","protected":false},"featured_media":6566,"comment_status":"open","ping_status":"closed","template":"","meta":[],"product_brand":[],"product_cat":[15,70],"product_tag":[353,352],"class_list":{"0":"post-6562","1":"product","2":"type-product","3":"status-publish","4":"has-post-thumbnail","6":"product_cat-kits-stickers-jantes-moto-complet","7":"product_cat-kit-deco-jantes-monster-energy","8":"product_tag-red-bull","9":"product_tag-redbull","10":"product_shipping_class-standard","12":"entry","13":"has-media","15":"first","16":"instock","17":"taxable","18":"shipping-taxable","19":"purchasable","20":"product-type-variable","21":"has-default-attributes","22":"col","23":"span_1_of_5","24":"owp-content-center","25":"item-entry","26":"owp-thumbs-layout-horizontal","27":"owp-btn-big","28":"owp-tabs-layout-horizontal"},"ase":null,"_links":{"self":[{"href":"https:\/\/www.m-stickers.com\/pt\/wp-json\/wp\/v2\/product\/6562","targetHints":{"allow":["GET"]}}],"collection":[{"href":"https:\/\/www.m-stickers.com\/pt\/wp-json\/wp\/v2\/product"}],"about":[{"href":"https:\/\/www.m-stickers.com\/pt\/wp-json\/wp\/v2\/types\/product"}],"replies":[{"embeddable":true,"href":"https:\/\/www.m-stickers.com\/pt\/wp-json\/wp\/v2\/comments?post=6562"}],"wp:featuredmedia":[{"embeddable":true,"href":"https:\/\/www.m-stickers.com\/pt\/wp-json\/wp\/v2\/media\/6566"}],"wp:attachment":[{"href":"https:\/\/www.m-stickers.com\/pt\/wp-json\/wp\/v2\/media?parent=6562"}],"wp:term":[{"taxonomy":"product_brand","embeddable":true,"href":"https:\/\/www.m-stickers.com\/pt\/wp-json\/wp\/v2\/product_brand?post=6562"},{"taxonomy":"product_cat","embeddable":true,"href":"https:\/\/www.m-stickers.com\/pt\/wp-json\/wp\/v2\/product_cat?post=6562"},{"taxonomy":"product_tag","embeddable":true,"href":"https:\/\/www.m-stickers.com\/pt\/wp-json\/wp\/v2\/product_tag?post=6562"}],"curies":[{"name":"Pneu","href":"https:\/\/api.w.org\/{rel}","templated":true}]}}