{"id":6629,"date":"2021-01-26T15:38:50","date_gmt":"2021-01-26T14:38:50","guid":{"rendered":"https:\/\/www.m-stickers.com\/?post_type=product&#038;p=6629"},"modified":"2025-12-09T17:00:33","modified_gmt":"2025-12-09T16:00:33","slug":"a-moto-nao-esta-referenciada","status":"publish","type":"product","link":"https:\/\/www.m-stickers.com\/pt\/produit\/ta-moto-nest-pas-referencee\/","title":{"rendered":"Sua moto n\u00e3o foi encontrada?"},"content":{"rendered":"<p>Sua moto ainda n\u00e3o est\u00e1 listada na M-Stickers, mas voc\u00ea n\u00e3o consegue mais esperar?<\/p>\n<p>Ce kit comprend <strong>4 stickers<\/strong> da marca em branco, <strong>4 stickers<\/strong> do modelo em branco, <strong>8 liserets<\/strong> de la marque et <strong>8 liserets<\/strong> do modelo em branco. <strong>16 liserets<\/strong> design 1 et <strong>1 logo<\/strong> da marca da cor escolhida.<\/p>\n<p>N\u00e3o entre em p\u00e2nico! Fa\u00e7a a sua encomenda aqui e indique a marca e o modelo da sua mota. <strong>Um visual do kit ser\u00e1 enviado a voc\u00ea antes da valida\u00e7\u00e3o!<\/strong><\/p>\n<p><strong>Avec cet article, un kit d\u00e9co jante classique sera cr\u00e9\u00e9.\u00a0<\/strong><br \/>\nPara encomendar um conjunto decorativo de aros de jante n\u00e3o referenciado e personalizado, visite um <a href=\"https:\/\/www.m-stickers.com\/pt\/categorie-configurator\/\">Configurador<\/a> de um modelo similar e ao que voc\u00ea procura, a op\u00e7\u00e3o de personaliza\u00e7\u00e3o de texto \u00abmodelo\u00bb ou \u00abmarca\u00bb permitir\u00e1 que voc\u00ea crie o kit que deseja.<\/p>\n<hr \/>\n<p>Podemos criar kits decorativos para:<\/p>\n<ul>\n<li><strong>APRILIA\u00a0<\/strong>AF1 Amico, Caponord, Climber, Colibri, Daniela, e Europa, Falco, Filo, MX, MXV, Partner, Pegaso, RC, Redrose, RS, RST, RSV, RSV4, RX, SR, SX, RXV, SL, SMV, ST, STX, SXV, TL, Tuareg, Tuono, TX, Under<\/li>\n<li><strong>BENELLI\u00a0<\/strong>Pepe LX Velvet Tornado TNT TRE BX 2UE BN Leoncino TRK<\/li>\n<li><strong>BETA <\/strong>RR 2T 4T Racing XTrainer EVO Alp Motard Minitrial El\u00e9trico<\/li>\n<li><strong>BIMOTA\u00a0<\/strong>TESI V DUE CORSA EVOLUTION RACING<\/li>\n<li><strong>BMW\u00a0<\/strong>c f g h k r s f900r<\/li>\n<li><strong>BRAMMO\u00a0<\/strong>Enertia TTXGP Empulse Plus R<\/li>\n<li><strong>BRIXTON\u00a0<\/strong>cromwell sunray felberg rayburn crossfire<\/li>\n<li><strong>BROUGH SUPERIOR\u00a0<\/strong>SS Pendine Sand Racer AMB<\/li>\n<li><strong>BUELL\u00a0<\/strong>battlewin westwind s xb9 xb12<\/li>\n<li><strong>BULLIT\u00a0<\/strong>v bob bluroc hero spirit heritage hunt s<\/li>\n<li><strong>CAGIVA\u00a0<\/strong>Aletta Rossa Alazzurra Canyon Elefant Navigator Raptor River Roadster SST SX T4 W Mito<\/li>\n<li><strong>CF MOTO\u00a0<\/strong>GT NK MT<\/li>\n<li><strong>DAELIM\u00a0<\/strong>Daystar Roadwin Roadsport VT Evolution Besbi B Bone Delfino S1 S2 S3 S4<\/li>\n<li><strong>DERBI\u00a0<\/strong>Senda X Race X Trem DRD Pro Racing Evo Nude GP1 Cross City Dirt Boy Scooter Quad DXR GP Max Mulhac\u00e9n<\/li>\n<li><strong>DUCATI\u00a0<\/strong>Monster Hypermotard Multistrada Diavel Carbon Streetfighter Hypersport Scrambler Panigale S Superleggera Enduro WDiavel V4 S Supersport Cafe Racer<\/li>\n<li><strong>ENERGICA\u00a0<\/strong>ego eva ribelle esse esse9<\/li>\n<li><strong>FANTIC\u00a0<\/strong>enduro motard cc<\/li>\n<li><strong>GAS GAS\u00a0<\/strong>ec trial enduro motocross mc txt gp e f<\/li>\n<li><strong>GENERIC \/ KSR MOTO\u00a0<\/strong>Pandora RS Sirion Dem\u00f4nio Cruzer Quip Classic TTX TR Vionis Code GRs Gunmetal TW TR<\/li>\n<li><strong>GILERA\u00a0<\/strong>smt rcr drifting<\/li>\n<li><strong>HARLEY-DAVIDSON\u00a0<\/strong>LiveWire Cruiser Softail Street Bob Softail Slim Low Rider Sport Glide Fat Boy Breakout<\/li>\n<li><strong>HM-MOSER\u00a0<\/strong>HM Moser Derrapage FJ R Baja<\/li>\n<li><strong>HONDA\u00a0<\/strong>Fireblade SP R GT GL Gold Wing VFR F Twin Adventure Africa X ADV NC DCT CB CRF CMW Fazer Fazer Hornet F900R<\/li>\n<li><strong>HUSQVARNA\u00a0<\/strong>ee tc fc te fe fs 701 vitpilen svartpilen<\/li>\n<li><strong>HYOSUNG <\/strong>Bobber GV S<\/li>\n<li><strong>INDIAN\u00a0<\/strong>FTR Scout Cruiser Bogger Challenger Touring<\/li>\n<li><strong>KAWASAKI\u00a0<\/strong>Ninja H2 H2R ZX-R Z W RS Versys Vulcan<\/li>\n<li><strong>KTM\u00a0<\/strong>Super Duke R SMC EXC SX Supermoto SMR Adventure F<\/li>\n<li><strong>KYMCO\u00a0<\/strong>visar i<\/li>\n<li><strong>MALAGUTI\u00a0<\/strong>RST Monte Pro Street XTM XSM Dune Madison<\/li>\n<li><strong>MONTESA\u00a0<\/strong>4rt repsol 301tt 4ride standard<\/li>\n<li><strong>MOTO GUZZI\u00a0<\/strong>V85 TT my21 V9 my21 V85 V7 MDX 21 California<\/li>\n<li><strong>MOTO MORINI\u00a0<\/strong>Cors\u00e1rio ZZ ZT Mil\u00e3o x Cape One Off<\/li>\n<li><strong>MV AGUSTA\u00a0<\/strong>Brutal Turismo Veloce F3 Superveloce Rush<\/li>\n<li><strong>NORTON\u00a0<\/strong>v4ss atlas v4rr<\/li>\n<li><strong>ORCAL\u00a0<\/strong>SK 01 03<\/li>\n<li><strong>RIEJU\u00a0<\/strong>Straga GT MR Racing MRT SM Trophy Tango Pro<\/li>\n<li><strong>ROYAL ENFIELD\u00a0<\/strong>Interceptador meteor continental GT himalaia cl\u00e1ssico bala trial<\/li>\n<li><strong>SHERCO\u00a0<\/strong>F\u00c1BRICA SEF SE ST<\/li>\n<li><strong>SKYTEAM\u00a0<\/strong>Dax<\/li>\n<li><strong>SUTER\u00a0<\/strong>MMX V4<\/li>\n<li><strong>SUZUKI\u00a0<\/strong>V-Strom GSX-R RR Katana SV Bandit GSE vs GSXS GSX-S<\/li>\n<li><strong>SWM\u00a0<\/strong>Varez \u00c1s de Espadas Outlaw Grand Turismo SM RS R SUAL<\/li>\n<li><strong>TM\u00a0<\/strong>em mx smx<\/li>\n<li><strong>TRIUMPH\u00a0<\/strong>Speed Triple RS Tiger Trident Street Rocket Thruxton RS<\/li>\n<li><strong>VALENTI RACING <\/strong>RME SM S01 N01<\/li>\n<li><strong>VOXAN\u00a0<\/strong>Wattman<\/li>\n<li><strong>YAMAHA\u00a0<\/strong>R1M R1 R6 R3 R R125 MT SP XSR XV SCR FJR AE FJR AS NIKEN GT TRACER<\/li>\n<li><strong>MOTOS ZERO<\/strong><\/li>\n<li><strong>ZONTES<\/strong><\/li>\n<li>YZF<\/li>\n<li>yzf<\/li>\n<li>Hayabusa<\/li>\n<li>E muitas outras!<\/li>\n<\/ul>\n<p>Para cilindradas: 5 \/ 10 \/ 20 \/ 30 \/ 40 \/ 50 \/ 60 \/ 65 \/ 70 \/ 80 \/ 85 \/ 90 \/ 100 \/ 125 \/ 250 \/ 280 \/ 300 \/ 302 \/ 350 \/ 390 \/ 400 \/ 430 \/ 480 \/ 500 \/ 502 \/ 600 \/ 636 \/ 650 \/ 659 \/ 696 \/ 750 \/ 796 \/ 797 \/ 821 \/ 848 \/ 850 \/ 899 \/ 939 \/ 950 \/ 959 \/ 1000 \/ 1100 \/ 1150 \/ 1130 \/ 1200 \/ 1260 \/ 1250 \/ 1299 \/ 1300<\/p>","protected":false},"excerpt":{"rendered":"<p>Sua moto n\u00e3o est\u00e1 listada? N\u00e3o entre em p\u00e2nico! Descreva o que voc\u00ea procura.<br \/>\n<strong>Avec cet article, un kit d\u00e9co jante classique sera cr\u00e9\u00e9.\u00a0<\/strong><\/p>\n<p><strong>Maintenant disponible !<\/strong> Aceda ao nosso configurador e introduza diretamente o modelo da sua mota ao fazer a sua encomenda,<br \/>\nN\u00f3s cuidamos ent\u00e3o da cria\u00e7\u00e3o dos autocolantes \u00fanicos para a sua mota e envi\u00e1mo-los para que os valide antes da impress\u00e3o.<\/p>\n<h3><strong><a href=\"https:\/\/www.m-stickers.com\/pt\/configurador\/configurar\/52592\/\">Personalize o seu kit decorativo de jante atrav\u00e9s do nosso configurador online! <\/a><a href=\"https:\/\/www.m-stickers.com\/pt\/configurador\/configurar\/52592\/\"><img decoding=\"async\" class=\"alignnone wp-image-6380\" src=\"https:\/\/www.m-stickers.com\/wp-content\/uploads\/2021\/01\/bouton-configurator-3-300x74.png\" alt=\"\" width=\"150\" height=\"37\" srcset=\"https:\/\/www.m-stickers.com\/wp-content\/uploads\/2021\/01\/bouton-configurator-3-300x74.png 300w, https:\/\/www.m-stickers.com\/wp-content\/uploads\/2021\/01\/bouton-configurator-3.png 413w\" sizes=\"(max-width: 150px) 100vw, 150px\" \/><\/a><\/strong><\/h3>","protected":false},"featured_media":52605,"comment_status":"open","ping_status":"closed","template":"","meta":[],"product_brand":[],"product_cat":[23,431,432,71,72,107,109,433,108,110,15,132,113,112,413,701,70,111,487,36,664,57,59,126,408,58,125,115,40,663],"product_tag":[1190,1191],"class_list":{"0":"post-6629","1":"product","2":"type-product","3":"status-publish","4":"has-post-thumbnail","6":"product_cat-liserets-jantes-moto","7":"product_cat-liserets-de-jante-aorilia","8":"product_cat-liseret-de-jante-bmw","9":"product_cat-liserets-jantes-honda","10":"product_cat-liserets-jantes-kawasaki","11":"product_cat-liserets-de-jantes-ktm","12":"product_cat-liserets-jantes-suzuki","13":"product_cat-liseret-de-jante-triumph","14":"product_cat-liserets-jantes-yamaha","15":"product_cat-liserets-jantes-customs","16":"product_cat-kits-stickers-jantes-moto-complet","17":"product_cat-kits-full","18":"product_cat-kit-deco-jantes-aprilia","19":"product_cat-stickers-jante-moto-bmw","20":"product_cat-buell","21":"product_cat-cf-moto","22":"product_cat-kit-deco-jantes-monster-energy","23":"product_cat-kit-deco-jantes-ducati","24":"product_cat-harley-davidson","25":"product_cat-honda-kits-stickers-jante-moto-complet","26":"product_cat-stickers-jante-indian","27":"product_cat-kit-deco-jantes-complet-kawasaki","28":"product_cat-kit-deco-jantes-ktm","29":"product_cat-stickers-jantes-mv-agusta","30":"product_cat-stickers-jante-orcal","31":"product_cat-kits-deco-jantes-suzuki","32":"product_cat-kit-deco-jantes-swm","33":"product_cat-kit-deco-jantes-triumph","34":"product_cat-kit-deco-jantes-yamaha","35":"product_cat-stickers-jante-zontes","36":"product_tag-config","37":"product_tag-configurateur","38":"product_shipping_class-standard","40":"entry","41":"has-media","43":"first","44":"instock","45":"taxable","46":"shipping-taxable","47":"purchasable","48":"product-type-variable","49":"col","50":"span_1_of_5","51":"owp-content-center","52":"item-entry","53":"owp-thumbs-layout-horizontal","54":"owp-btn-big","55":"owp-tabs-layout-horizontal","56":"has-no-thumbnails"},"ase":null,"_links":{"self":[{"href":"https:\/\/www.m-stickers.com\/pt\/wp-json\/wp\/v2\/product\/6629","targetHints":{"allow":["GET"]}}],"collection":[{"href":"https:\/\/www.m-stickers.com\/pt\/wp-json\/wp\/v2\/product"}],"about":[{"href":"https:\/\/www.m-stickers.com\/pt\/wp-json\/wp\/v2\/types\/product"}],"replies":[{"embeddable":true,"href":"https:\/\/www.m-stickers.com\/pt\/wp-json\/wp\/v2\/comments?post=6629"}],"wp:featuredmedia":[{"embeddable":true,"href":"https:\/\/www.m-stickers.com\/pt\/wp-json\/wp\/v2\/media\/52605"}],"wp:attachment":[{"href":"https:\/\/www.m-stickers.com\/pt\/wp-json\/wp\/v2\/media?parent=6629"}],"wp:term":[{"taxonomy":"product_brand","embeddable":true,"href":"https:\/\/www.m-stickers.com\/pt\/wp-json\/wp\/v2\/product_brand?post=6629"},{"taxonomy":"product_cat","embeddable":true,"href":"https:\/\/www.m-stickers.com\/pt\/wp-json\/wp\/v2\/product_cat?post=6629"},{"taxonomy":"product_tag","embeddable":true,"href":"https:\/\/www.m-stickers.com\/pt\/wp-json\/wp\/v2\/product_tag?post=6629"}],"curies":[{"name":"Pneu","href":"https:\/\/api.w.org\/{rel}","templated":true}]}}