{"id":7193,"date":"2021-02-03T18:20:52","date_gmt":"2021-02-03T17:20:52","guid":{"rendered":"https:\/\/www.m-stickers.com\/?post_type=product&#038;p=7193"},"modified":"2025-03-19T08:26:05","modified_gmt":"2025-03-19T07:26:05","slug":"kit-de-adesivos-para-rodas-bandit-650","status":"publish","type":"product","link":"https:\/\/www.m-stickers.com\/pt\/produit\/kit-stickers-de-jantes-bandit-650\/","title":{"rendered":"Stickers de jante Suzuki Bandit 650"},"content":{"rendered":"<h2>Calcomanias de rodas Suzuki Bandit 650 (kit para 2 rodas)<\/h2>\n<p><strong>Transforme o visual da sua Suzuki Bandit 650 com o nosso Kit de adesivos para aros de moto, projetado para os dois aros. Este kit inclui tudo o que voc\u00ea precisa para uma personaliza\u00e7\u00e3o \u00fanica e de qualidade. Fabricado na Fran\u00e7a com vinis de alta qualidade, este kit est\u00e1 dispon\u00edvel em uma variedade de cores para combinar com o seu estilo.<\/strong><\/p>\n<p>Etiquetas de rodas Suzuki moto 17 polegadas Bandit 650, para as 2 rodas. Inclui:<\/p>\n<ul>\n<li>20 frisos pr\u00e9-curvados de 8mm<strong> Design 1 <\/strong>(<span style=\"color: #ff0000;\">Da cor dos adesivos selecionados<\/span>)<\/li>\n<li>10 faixas Suzuki e 10 faixas Bandit 650 (brancas)<\/li>\n<li>4 Adesivos internos de roda Suzuki (brancos) \u2013 2 grandes e 2 pequenas (tamanho adaptado \u00e0s rodas do modelo)<\/li>\n<li>4 Adesivos internos para rodas Bandit 650 (brancos) \u2013 2 grandes e 2 pequenos (tamanho adaptado \u00e0s rodas do modelo).<\/li>\n<li>1 Logotipo Suzuki (<span style=\"color: #ff0000;\">Da cor dos adesivos selecionados<\/span>) \u2013 Logotipo de 17x10cm<\/li>\n<\/ul>\n<p>Autocolantes com cola monom\u00e9rica de 100\u03bc, que proporciona uma fixa\u00e7\u00e3o permanente, bem como resist\u00eancia a jatos d'\u00e1gua e aos raios UV.<br \/>\nNossos Vinis de alta qualidade s\u00e3o projetados e fabricados na Fran\u00e7a.<\/p>\n<hr \/>\n<h3>Stickers de rodas de moto Suzuki Bandit 650 \u2013 como coloc\u00e1-los?<\/h3>\n<p>O kit de autocolantes das jantes Suzuki Bandit 650 \u00e9 simples de aplicar, independentemente do tamanho ou da superf\u00edcie da jante, o processo permanece o mesmo. Abaixo encontrar\u00e1 um tutorial para o ajudar a aplicar corretamente o seu kit de autocolantes das jantes Bandit 650. <span style=\"color: #ff0000;\">Antes de mais nada, aqui est\u00e3o as precau\u00e7\u00f5es a tomar:<\/span><\/p>\n<ul>\n<li>Verificar se o aro deve estar perfeitamente liso.<\/li>\n<li>Limpar bem, desengordurar o aro com nosso produto. <a href=\"https:\/\/www.m-stickers.com\/pt\/product\/limpador-de-rodas-de-moto-adesivos-especiais-100ml\/\"><span style=\"color: #ff0000;\"><strong>Limpador de para-lamas para adesivos.<\/strong><\/span><\/a>. Ou com \u00e1gua e sab\u00e3o (Pode n\u00e3o ser suficiente para remover todos os res\u00edduos de gordura). Ou \u00e1lcool. <span style=\"color: #ff0000;\">N\u00e3o usar WD40 ou outros produtos \u00e0 base de silicone. <\/span>O aro deve estar perfeitamente limpo.<\/li>\n<li>N\u00e3o manipular os adesivos pelo lado adesivo.<\/li>\n<li>Se os adesivos n\u00e3o forem colados imediatamente, guarde-os em local seco e protegido do sol.<\/li>\n<li> No momento da aplica\u00e7\u00e3o, escolha uma pe\u00e7a com temperatura de, no m\u00ednimo, 15\u00b0C, protegida do vento e do p\u00f3. Tamb\u00e9m \u00e9 poss\u00edvel aquecer a pe\u00e7a antes de aplicar os adesivos para garantir uma boa fixa\u00e7\u00e3o dos mesmos. Uma temperatura muito fria n\u00e3o permitir\u00e1 uma ades\u00e3o ideal dos adesivos.<\/li>\n<li>Adicione nosso <a href=\"https:\/\/www.m-stickers.com\/pt\/product\/placas-de-revestimento\/\">Placa de queijo raclette autoadesiva<\/a> ao seu pedido para n\u00e3o perder a aplica\u00e7\u00e3o dos seus autocolantes de aro de roda de moto<\/li>\n<li>Ap\u00f3s a aplica\u00e7\u00e3o, evite o contato com o frio e a umidade para garantir uma boa fixa\u00e7\u00e3o dos adesivos.<\/li>\n<\/ul>\n<p><strong><a href=\"https:\/\/www.m-stickers.com\/pt\/tutorial-como-colocar-adesivos-de-rodas-de-moto\/\">TUTORIAIS completo para instalar seu Kit de decora\u00e7\u00e3o de rodas <\/a><a href=\"https:\/\/www.m-stickers.com\/pt\/tutorial-como-colocar-adesivos-de-rodas-de-moto\/\"><img decoding=\"async\" class=\"alignnone wp-image-6382\" src=\"https:\/\/www.m-stickers.com\/wp-content\/uploads\/2021\/01\/bouton-tuto-300x74.png\" alt=\"\" width=\"150\" height=\"37\" srcset=\"https:\/\/www.m-stickers.com\/wp-content\/uploads\/2021\/01\/bouton-tuto-300x74.png 300w, https:\/\/www.m-stickers.com\/wp-content\/uploads\/2021\/01\/bouton-tuto.png 413w\" sizes=\"(max-width: 150px) 100vw, 150px\" \/><\/a><\/strong><\/p>\n<h4>V\u00eddeo tutorial completo de instala\u00e7\u00e3o do kit de decora\u00e7\u00e3o de rodas:<\/h4>\n<p><iframe title=\"Player de v\u00eddeo do YouTube\" src=\"https:\/\/www.youtube.com\/embed\/1AJhkFaZIsk\" width=\"1120\" height=\"630\" frameborder=\"0\" allowfullscreen=\"allowfullscreen\" data-mce-fragment=\"1\"><\/iframe><\/p>\n<hr \/>\n<h2>\u00c9 poss\u00edvel personalizar meus adesivos de rodas Suzuki Bandit 650?<\/h2>\n<ul>\n<li>Personalize seus adesivos de jante de moto com nossos efeitos! Oferecemos os seguintes efeitos para o seu kit decorativo de aros: Hologr\u00e1fico \/ Fotoluminescente \/ Retrorrefletivo \/ Fluorescente \/ Brilhante \/ Fosco \/ Refor\u00e7ado \/ Dourado \/ Prateado. <strong>-&gt; <a href=\"https:\/\/www.m-stickers.com\/pt\/nossos-adesivos\/\">Venha aqui para saber mais sobre nossos adesivos! <\/a><\/strong><\/li>\n<li>Voc\u00ea tamb\u00e9m pode personalizar seu kit de aros decorativos com uma ampla sele\u00e7\u00e3o de designs com nosso<strong> <a href=\"https:\/\/www.m-stickers.com\/pt\/categorie-configurator\/\">Configurador instant\u00e2neo<\/a><a href=\"https:\/\/www.m-stickers.com\/pt\/categorie-configurator\/\"><img decoding=\"async\" class=\"alignnone wp-image-6380\" src=\"https:\/\/www.m-stickers.com\/wp-content\/uploads\/2021\/01\/bouton-configurator-3-300x74.png\" alt=\"\" width=\"150\" height=\"37\" srcset=\"https:\/\/www.m-stickers.com\/wp-content\/uploads\/2021\/01\/bouton-configurator-3-300x74.png 300w, https:\/\/www.m-stickers.com\/wp-content\/uploads\/2021\/01\/bouton-configurator-3.png 413w\" sizes=\"(max-width: 150px) 100vw, 150px\" \/><\/a><\/strong><\/li>\n<\/ul>\n<hr \/>\n<h3>Kit de decora\u00e7\u00e3o de roda Suzuki Bandit 650, quais cores s\u00e3o poss\u00edveis?<\/h3>\n<ul>\n<li>Nossos kits decorativos para aros de moto est\u00e3o dispon\u00edveis por padr\u00e3o nas seguintes cores: Branco \/ Preto \/ Vermelho \/ Laranja \/ Amarelo \/ Verde \/ Ciano \/ Azul \/ Rosa. Voc\u00ea tamb\u00e9m pode escolher a cor que deseja com nossa op\u00e7\u00e3o de cor espec\u00edfica ou acessando nosso configurador<\/li>\n<li>Encontro <a href=\"https:\/\/www.m-stickers.com\/pt\/nuancier-de-adesivos\/\">aqui<\/a> Para encontrar todas as nossas op\u00e7\u00f5es de cor com<a href=\"https:\/\/www.m-stickers.com\/pt\/nuancier-de-adesivos\/\"><strong> O cat\u00e1logo de adesivos M-Stickers.<\/strong><\/a><\/li>\n<\/ul>\n<hr \/>\n<h4>Uma pergunta sobre o kit decorativo de aros? Um pedido de personaliza\u00e7\u00e3o? N\u00e3o hesite em contactar-nos atrav\u00e9s da p\u00e1gina de contacto: <a href=\"https:\/\/www.m-stickers.com\/pt\/contato\/\"><img decoding=\"async\" class=\"alignnone wp-image-6381\" src=\"https:\/\/www.m-stickers.com\/wp-content\/uploads\/2021\/01\/bouton-contact-300x74.png\" alt=\"\" width=\"150\" height=\"37\" srcset=\"https:\/\/www.m-stickers.com\/wp-content\/uploads\/2021\/01\/bouton-contact-300x74.png 300w, https:\/\/www.m-stickers.com\/wp-content\/uploads\/2021\/01\/bouton-contact.png 413w\" sizes=\"(max-width: 150px) 100vw, 150px\" \/><\/a><\/h4>\n<p><span style=\"color: #999999;\"><strong>Palavras-chave:<\/strong> Stickers para motos, adesivos para rodas, kit de decora\u00e7\u00e3o para motos, adesivos para rodas, kit de decora\u00e7\u00e3o para motos, adesivo para roda, Suzuki Bandit 650, personaliza\u00e7\u00e3o de motos, vinis de alta qualidade, tutorial para aplica\u00e7\u00e3o de adesivos, personaliza\u00e7\u00e3o de rodas, efeitos dos adesivos, cores personalizadas.<\/span><\/p>","protected":false},"excerpt":{"rendered":"<h2 style=\"text-align: center;\">Adesivos de rodas Suzuki Bandit 650 (para 2 rodas)<\/h2>\n<hr \/>\n<h2 style=\"text-align: center;\"><span style=\"color: #ff0000;\"><strong>KIT PERSONALIZADO<\/strong><\/span><\/h2>\n<h3 style=\"text-align: justify; text-justify: inter-word;\"><strong><a href=\"https:\/\/www.m-stickers.com\/pt\/configurador\/configurar\/6973\/\">Personalize o seu kit decorativo de jante com mais designs, mais cores e efeitos exclusivos gra\u00e7as ao nosso configurador!<\/a><\/strong><\/h3>\n<h3><strong><a href=\"https:\/\/www.m-stickers.com\/pt\/configurador\/configurar\/6973\/\"><img loading=\"lazy\" decoding=\"async\" class=\"alignnone wp-image-6380 aligncenter\" src=\"https:\/\/www.m-stickers.com\/wp-content\/uploads\/2021\/01\/bouton-configurator-3-300x74.png\" alt=\"\" width=\"150\" height=\"37\" srcset=\"https:\/\/www.m-stickers.com\/wp-content\/uploads\/2021\/01\/bouton-configurator-3-300x74.png 300w, https:\/\/www.m-stickers.com\/wp-content\/uploads\/2021\/01\/bouton-configurator-3.png 413w\" sizes=\"(max-width: 150px) 100vw, 150px\" \/><\/a><\/strong><\/h3>\n<hr \/>\n<h2 style=\"text-align: center;\"><span style=\"color: #ff0000;\"><strong>KIT CL\u00c1SSICO<\/strong><\/span><\/h2>","protected":false},"featured_media":7542,"comment_status":"open","ping_status":"closed","template":"","meta":[],"product_brand":[],"product_cat":[15,58],"product_tag":[187,183,188,137],"class_list":{"0":"post-7193","1":"product","2":"type-product","3":"status-publish","4":"has-post-thumbnail","6":"product_cat-kits-stickers-jantes-moto-complet","7":"product_cat-kits-deco-jantes-suzuki","8":"product_tag-187","9":"product_tag-bandit","10":"product_tag-bandit650","11":"product_tag-suzuki","12":"product_shipping_class-standard","14":"entry","15":"has-media","17":"first","18":"instock","19":"taxable","20":"shipping-taxable","21":"purchasable","22":"product-type-variable","23":"has-default-attributes","24":"col","25":"span_1_of_5","26":"owp-content-center","27":"item-entry","28":"owp-thumbs-layout-horizontal","29":"owp-btn-big","30":"owp-tabs-layout-horizontal"},"ase":null,"_links":{"self":[{"href":"https:\/\/www.m-stickers.com\/pt\/wp-json\/wp\/v2\/product\/7193","targetHints":{"allow":["GET"]}}],"collection":[{"href":"https:\/\/www.m-stickers.com\/pt\/wp-json\/wp\/v2\/product"}],"about":[{"href":"https:\/\/www.m-stickers.com\/pt\/wp-json\/wp\/v2\/types\/product"}],"replies":[{"embeddable":true,"href":"https:\/\/www.m-stickers.com\/pt\/wp-json\/wp\/v2\/comments?post=7193"}],"wp:featuredmedia":[{"embeddable":true,"href":"https:\/\/www.m-stickers.com\/pt\/wp-json\/wp\/v2\/media\/7542"}],"wp:attachment":[{"href":"https:\/\/www.m-stickers.com\/pt\/wp-json\/wp\/v2\/media?parent=7193"}],"wp:term":[{"taxonomy":"product_brand","embeddable":true,"href":"https:\/\/www.m-stickers.com\/pt\/wp-json\/wp\/v2\/product_brand?post=7193"},{"taxonomy":"product_cat","embeddable":true,"href":"https:\/\/www.m-stickers.com\/pt\/wp-json\/wp\/v2\/product_cat?post=7193"},{"taxonomy":"product_tag","embeddable":true,"href":"https:\/\/www.m-stickers.com\/pt\/wp-json\/wp\/v2\/product_tag?post=7193"}],"curies":[{"name":"Pneu","href":"https:\/\/api.w.org\/{rel}","templated":true}]}}