{"id":9129,"date":"2021-03-23T21:14:27","date_gmt":"2021-03-23T20:14:27","guid":{"rendered":"https:\/\/www.m-stickers.com\/?post_type=product&#038;p=9129"},"modified":"2025-06-11T10:34:36","modified_gmt":"2025-06-11T08:34:36","slug":"kit-de-adesivos-para-jantes-yoshimura","status":"publish","type":"product","link":"https:\/\/www.m-stickers.com\/pt\/produit\/kit-stickers-de-jantes-youshimura\/","title":{"rendered":"Stickers de jante Yoshimura"},"content":{"rendered":"<h2>Decais de Jante Yoshimura (kit para 2 jantes)<\/h2>\n<p>O kit decorativo adesivo de jante Yoshimura para as 2 rodas inclui:<\/p>\n<ul>\n<li>Asas pr\u00e9-curvadas de 8mm com 8 pequenos adesivos Yoshimura e 8 pequenos adesivos Yoshimura para as 2 rodas<\/li>\n<li>4 Decais de jantes interiores Yoshimura<\/li>\n<li>4 Decais de jantes interiores Yoshimura<\/li>\n<li>1 Logotipos Yoshimura<\/li>\n<li>Qualidade profissional com postura permanente*<\/li>\n<\/ul>\n<p>Autocolantes com cola monom\u00e9rica 100%, que proporciona uma fixa\u00e7\u00e3o permanente e resist\u00eancia a respingos de \u00e1gua e aos raios UV.<br \/>\nNossos Vinis de alta qualidade s\u00e3o projetados e fabricados na Fran\u00e7a.<\/p>\n<hr \/>\n<h3>Decais Jantes Yoshimura \u2013 Como coloc\u00e1-los?<\/h3>\n<p>O kit decorativo de jante Yoshimura \u00e9 simples de aplicar, independentemente do tamanho ou da superf\u00edcie da jante, o processo \u00e9 o mesmo. Abaixo, voc\u00ea encontrar\u00e1 um tutorial para ajud\u00e1-lo a aplicar corretamente o seu kit de decalques de aros Monster Energy. <span style=\"color: #ff0000;\">Antes de mais nada, aqui est\u00e3o as precau\u00e7\u00f5es a tomar:<\/span><\/p>\n<ul>\n<li>Verificar se o aro deve estar perfeitamente liso.<\/li>\n<li>Limpe bem, remova a graxa da roda com \u00e1gua e sab\u00e3o\/\u00e1lcool. <span style=\"color: #ff0000;\">N\u00e3o usar WD40 ou outros produtos \u00e0 base de silicone.\u00a0<\/span>O aro deve estar perfeitamente limpo.<\/li>\n<li>N\u00e3o manipular os adesivos pelo lado adesivo.<\/li>\n<li>Se os adesivos n\u00e3o forem colados imediatamente, guarde-os em local seco e protegido do sol.<\/li>\n<li>\u00a0No momento da aplica\u00e7\u00e3o, escolha uma pe\u00e7a com temperatura de, no m\u00ednimo, 15\u00b0C, protegida do vento e do p\u00f3. Tamb\u00e9m \u00e9 poss\u00edvel aquecer a pe\u00e7a antes de aplicar os adesivos para garantir uma boa fixa\u00e7\u00e3o dos mesmos. Uma temperatura muito fria n\u00e3o permitir\u00e1 uma ades\u00e3o ideal dos adesivos.<\/li>\n<li>Adicione nosso <a href=\"https:\/\/www.m-stickers.com\/pt\/product\/placas-de-revestimento\/\">Placa de queijo raclette autoadesiva<\/a> ao seu pedido para n\u00e3o perder a aplica\u00e7\u00e3o dos seus autocolantes de aro de roda de moto<\/li>\n<li>Ap\u00f3s a aplica\u00e7\u00e3o, evite o contato com frio e umidade para garantir uma boa fixa\u00e7\u00e3o dos adesivos.<\/li>\n<\/ul>\n<p><strong><a href=\"https:\/\/www.m-stickers.com\/pt\/tutorial-como-colocar-adesivos-de-rodas-de-moto\/\">Guia completo para aplicar o kit decorativo de aros Yoshimura: <\/a><a href=\"https:\/\/www.m-stickers.com\/pt\/tutorial-como-colocar-adesivos-de-rodas-de-moto\/\"><img decoding=\"async\" class=\"alignnone wp-image-6382\" src=\"https:\/\/www.m-stickers.com\/wp-content\/uploads\/2021\/01\/bouton-tuto-300x74.png\" alt=\"\" width=\"150\" height=\"37\" srcset=\"https:\/\/www.m-stickers.com\/wp-content\/uploads\/2021\/01\/bouton-tuto-300x74.png 300w, https:\/\/www.m-stickers.com\/wp-content\/uploads\/2021\/01\/bouton-tuto.png 413w\" sizes=\"(max-width: 150px) 100vw, 150px\" \/><\/a><\/strong><\/p>\n<h4>V\u00eddeo tutorial completo de instala\u00e7\u00e3o do kit de decora\u00e7\u00e3o de rodas:<\/h4>\n<p><iframe title=\"Player de v\u00eddeo do YouTube\" src=\"https:\/\/www.youtube.com\/embed\/1AJhkFaZIsk\" width=\"1120\" height=\"630\" frameborder=\"0\" allowfullscreen=\"allowfullscreen\" data-mce-fragment=\"1\"><\/iframe><\/p>\n<hr \/>\n<h2>\u00c9 poss\u00edvel personalizar o meu kit decorativo Yoshimura?<\/h2>\n<p>Personalize seus autocolantes de jante de moto com nossos efeitos! Oferecemos para seu kit decorativo de jante os efeitos: Hologr\u00e1fico \/ Fotoluminescente \/ Retrorrefletor \/ Fluorescente \/ Brilhante \/ Fosco. <strong>-&gt; <a href=\"https:\/\/www.m-stickers.com\/pt\/nossos-adesivos\/\">Venha aqui para saber mais sobre nossos adesivos!<\/a><\/strong><\/p>\n<p>Voc\u00ea tamb\u00e9m pode personalizar seu pr\u00f3prio kit decorativo de aros de roda com nosso<strong> <a href=\"https:\/\/www.m-stickers.com\/pt\/configurador\/configurar\/19323\/\">Configurador instant\u00e2neo! <\/a><a href=\"https:\/\/www.m-stickers.com\/pt\/categorie-configurator\/\"><img decoding=\"async\" class=\"alignnone wp-image-6380\" src=\"https:\/\/www.m-stickers.com\/wp-content\/uploads\/2021\/01\/bouton-configurator-3-300x74.png\" alt=\"\" width=\"150\" height=\"37\" srcset=\"https:\/\/www.m-stickers.com\/wp-content\/uploads\/2021\/01\/bouton-configurator-3-300x74.png 300w, https:\/\/www.m-stickers.com\/wp-content\/uploads\/2021\/01\/bouton-configurator-3.png 413w\" sizes=\"(max-width: 150px) 100vw, 150px\" \/><\/a><\/strong><\/p>\n<hr \/>\n<h3>Kit decorativo Yoshimura, quais as cores poss\u00edveis?<\/h3>\n<p>Nossos kits decorativos de aros de motocicleta est\u00e3o dispon\u00edveis por padr\u00e3o nas seguintes cores: Branco \/ Preto \/ Vermelho \/ Laranja \/ Amarelo \/ Verde \/ Ciano \/ Azul \/ Rosa. Voc\u00ea tamb\u00e9m pode escolher a cor que deseja com nossa op\u00e7\u00e3o de cor espec\u00edfica ou acessando nosso configurador!<\/p>\n<hr \/>\n<h4>Uma pergunta sobre o kit decorativo de aros? Um pedido de personaliza\u00e7\u00e3o? N\u00e3o hesite em contactar-nos atrav\u00e9s da p\u00e1gina de contacto: <a href=\"https:\/\/www.m-stickers.com\/pt\/contato\/\"><img decoding=\"async\" class=\"alignnone wp-image-6381\" src=\"https:\/\/www.m-stickers.com\/wp-content\/uploads\/2021\/01\/bouton-contact-300x74.png\" alt=\"\" width=\"150\" height=\"37\" srcset=\"https:\/\/www.m-stickers.com\/wp-content\/uploads\/2021\/01\/bouton-contact-300x74.png 300w, https:\/\/www.m-stickers.com\/wp-content\/uploads\/2021\/01\/bouton-contact.png 413w\" sizes=\"(max-width: 150px) 100vw, 150px\" \/><\/a><\/h4>","protected":false},"excerpt":{"rendered":"<h2>Decais de jante Yoshimura (para 2 jantes)<\/h2>\n<p>O kit decorativo de pneus para moto 17 polegadas Yoshimura para as 2 rodas inclui:<\/p>\n<ul>\n<li>Asas pr\u00e9-curvadas de 8mm com 8 pequenos adesivos Yoshimura e 8 pequenos adesivos Yoshimura para as 2 rodas<\/li>\n<li>4 Decais de jantes interiores Yoshimura<\/li>\n<li>4 Decais de jantes interiores Yoshimura<\/li>\n<li>1 Logotipos Yoshimura<\/li>\n<li>Qualidade profissional com postura permanente*<\/li>\n<\/ul>\n<p>Cor de sua escolha<\/p>\n<h3><strong><a href=\"https:\/\/www.m-stickers.com\/pt\/configurador\/configurar\/9105\/\">Personalize o seu kit decorativo de jante atrav\u00e9s do nosso configurador online! <\/a><a href=\"https:\/\/www.m-stickers.com\/pt\/configurador\/configurar\/9105\/\"><img decoding=\"async\" class=\"alignnone wp-image-6380\" src=\"https:\/\/www.m-stickers.com\/wp-content\/uploads\/2021\/01\/bouton-configurator-3-300x74.png\" alt=\"\" width=\"150\" height=\"37\" srcset=\"https:\/\/www.m-stickers.com\/wp-content\/uploads\/2021\/01\/bouton-configurator-3-300x74.png 300w, https:\/\/www.m-stickers.com\/wp-content\/uploads\/2021\/01\/bouton-configurator-3.png 413w\" sizes=\"(max-width: 150px) 100vw, 150px\" \/><\/a><\/strong><\/h3>","protected":false},"featured_media":9124,"comment_status":"open","ping_status":"closed","template":"","meta":[],"product_brand":[],"product_cat":[15,70],"product_tag":[355],"class_list":{"0":"post-9129","1":"product","2":"type-product","3":"status-publish","4":"has-post-thumbnail","6":"product_cat-kits-stickers-jantes-moto-complet","7":"product_cat-kit-deco-jantes-monster-energy","8":"product_tag-yoshimura","9":"product_shipping_class-standard","11":"entry","12":"has-media","14":"first","15":"instock","16":"taxable","17":"shipping-taxable","18":"purchasable","19":"product-type-variable","20":"has-default-attributes","21":"col","22":"span_1_of_5","23":"owp-content-center","24":"item-entry","25":"owp-thumbs-layout-horizontal","26":"owp-btn-big","27":"owp-tabs-layout-horizontal"},"ase":null,"_links":{"self":[{"href":"https:\/\/www.m-stickers.com\/pt\/wp-json\/wp\/v2\/product\/9129","targetHints":{"allow":["GET"]}}],"collection":[{"href":"https:\/\/www.m-stickers.com\/pt\/wp-json\/wp\/v2\/product"}],"about":[{"href":"https:\/\/www.m-stickers.com\/pt\/wp-json\/wp\/v2\/types\/product"}],"replies":[{"embeddable":true,"href":"https:\/\/www.m-stickers.com\/pt\/wp-json\/wp\/v2\/comments?post=9129"}],"wp:featuredmedia":[{"embeddable":true,"href":"https:\/\/www.m-stickers.com\/pt\/wp-json\/wp\/v2\/media\/9124"}],"wp:attachment":[{"href":"https:\/\/www.m-stickers.com\/pt\/wp-json\/wp\/v2\/media?parent=9129"}],"wp:term":[{"taxonomy":"product_brand","embeddable":true,"href":"https:\/\/www.m-stickers.com\/pt\/wp-json\/wp\/v2\/product_brand?post=9129"},{"taxonomy":"product_cat","embeddable":true,"href":"https:\/\/www.m-stickers.com\/pt\/wp-json\/wp\/v2\/product_cat?post=9129"},{"taxonomy":"product_tag","embeddable":true,"href":"https:\/\/www.m-stickers.com\/pt\/wp-json\/wp\/v2\/product_tag?post=9129"}],"curies":[{"name":"Pneu","href":"https:\/\/api.w.org\/{rel}","templated":true}]}}