{"id":9154,"date":"2021-03-26T11:51:07","date_gmt":"2021-03-26T10:51:07","guid":{"rendered":"https:\/\/www.m-stickers.com\/?post_type=product&#038;p=9154"},"modified":"2025-06-11T10:30:33","modified_gmt":"2025-06-11T08:30:33","slug":"placas-de-revestimento","status":"publish","type":"product","link":"https:\/\/www.m-stickers.com\/pt\/produit\/raclette-de-pose\/","title":{"rendered":"Raclette de pose pour vinyle\n\ntranslates to:\n\n**Raspa para aplica\u00e7\u00e3o de vinil**"},"content":{"rendered":"<h2>Raclette de pose pour vinyle \u2013 Jantes et car\u00e9nage\n\ntranslates to:\n\nRaspage para aplica\u00e7\u00e3o de vinil \u2013 Jantes e carenagem<\/h2>\n<p>Voc\u00ea adicionou seu kit decorativo ou seus autocolantes de jantes ao seu carrinho? N\u00e3o se esque\u00e7a de adicionar uma esp\u00e1tula de vinil para aplicar seus autocolantes facilmente! Feita de pl\u00e1stico de alta qualidade, esta esp\u00e1tula permitir\u00e1 que voc\u00ea aplique os autocolantes de jantes e remova as rugas.<\/p>\n<p>Dimens\u00f5es da placa de instala\u00e7\u00e3o: 10cm x 7,3cm<\/p>\n<hr \/>\n<h3>\u00a0Como colocar seus adesivos?<\/h3>\n<p>Colar adesivos corretamente \u00e9 f\u00e1cil, mas essencial para a sua boa durabilidade.<br \/>\nVoc\u00ea pode seguir nosso tutorial em v\u00eddeo ou <a href=\"https:\/\/www.m-stickers.com\/pt\/tutorial-como-colocar-adesivos-de-rodas-de-moto\/\">artigo<\/a> Para conhecer os passos.<\/p>\n<p><strong><a href=\"https:\/\/www.m-stickers.com\/pt\/tutorial-como-colocar-adesivos-de-rodas-de-moto\/\"><img decoding=\"async\" class=\"wp-image-6382 aligncenter\" src=\"https:\/\/www.m-stickers.com\/wp-content\/uploads\/2021\/01\/bouton-tuto-300x74.png\" alt=\"\" width=\"150\" height=\"37\" srcset=\"https:\/\/www.m-stickers.com\/wp-content\/uploads\/2021\/01\/bouton-tuto-300x74.png 300w, https:\/\/www.m-stickers.com\/wp-content\/uploads\/2021\/01\/bouton-tuto.png 413w\" sizes=\"(max-width: 150px) 100vw, 150px\" \/><\/a><\/strong><\/p>\n<p>Aqui est\u00e3o algumas dicas antecipadamente:<\/p>\n<ul>\n<li>Cole os adesivos em local protegido do vento e da poeira e com temperatura moderada (entre 15 e 25\u00b0).<\/li>\n<li><strong><span style=\"color: #ff0000;\">N\u00e3o utilizar WD40 ou outros produtos \u00e0 base de silicone para a limpeza das jantes.<\/span><\/strong><\/li>\n<li>Os aros devem estar perfeitamente limpos.<\/li>\n<li>Se os adesivos n\u00e3o forem aplicados imediatamente, guarde-os em local seco e protegido do sol.<\/li>\n<li>Poder\u00e1 utilizar o nosso <a href=\"https:\/\/www.m-stickers.com\/pt\/product\/placas-de-revestimento\/\">Placa de queijo raclette autoadesiva<\/a> Para acabamentos limpos e otimizar a fixa\u00e7\u00e3o das etiquetas,<\/li>\n<li>D\u00ea prefer\u00eancia a um tempo de repouso ap\u00f3s a instala\u00e7\u00e3o de 24-48H.<\/li>\n<\/ul>\n<hr \/>\n<h3>Como usar a racleta para aplica\u00e7\u00e3o de vinil?<\/h3>\n<p>Para uma fixa\u00e7\u00e3o ideal dos seus autocolantes, pode utilizar a esp\u00e1tula v\u00e1rias vezes.<\/p>\n<ul>\n<li>Cole os seus autocolantes em uma superf\u00edcie plana para garantir que eles adiram bem \u00e0 transfer\u00eancia,<\/li>\n<li>Depois de colar os adesivos na superf\u00edcie, raspe novamente para que grudem bem.<\/li>\n<li>Uma vez que a transfer\u00eancia tenha descolado, raspe e aque\u00e7a os seus autocolantes para remover quaisquer bolhas ou vincos.<\/li>\n<li>Em caso de bolhas teimosas, voc\u00ea pode perfur\u00e1-las com uma agulha de costura fina.<\/li>\n<\/ul>\n<p>Raspar e aquecer os adesivos, bem como as superf\u00edcies, \u00e9 o melhor truque para uma boa aplica\u00e7\u00e3o e melhorar a longevidade.<br \/>\nAl\u00e9m disso, n\u00e3o h\u00e1 risco de quebrar seu cart\u00e3o de cr\u00e9dito ou de fidelidade ao raspar!<\/p>","protected":false},"excerpt":{"rendered":"<h2>Raclette de pose pour vinyle \u2013 Jantes et car\u00e9nage\n\ntranslates to:\n\nRaspage para aplica\u00e7\u00e3o de vinil \u2013 Jantes e carenagem<\/h2>\n<p>Voc\u00ea adicionou seu kit decorativo ou seus autocolantes de jantes ao seu carrinho? N\u00e3o se esque\u00e7a de adicionar uma esp\u00e1tula de vinil para aplicar seus autocolantes facilmente! Feita de pl\u00e1stico de alta qualidade, esta esp\u00e1tula permitir\u00e1 que voc\u00ea aplique os autocolantes de jantes e remova as rugas.<\/p>\n<p>Dimens\u00f5es da placa de instala\u00e7\u00e3o: 10cm x 7,3cm<\/p>","protected":false},"featured_media":57051,"comment_status":"open","ping_status":"closed","template":"","meta":[],"product_brand":[],"product_cat":[1231],"product_tag":[434,435,436],"class_list":{"0":"post-9154","1":"product","2":"type-product","3":"status-publish","4":"has-post-thumbnail","6":"product_cat-nettoyant-jante","7":"product_tag-raclette","8":"product_tag-raclette-de-pose","9":"product_tag-raclette-pose-autocollant","10":"product_shipping_class-standard","12":"entry","13":"has-media","15":"first","16":"instock","17":"taxable","18":"shipping-taxable","19":"purchasable","20":"product-type-simple","21":"col","22":"span_1_of_5","23":"owp-content-center","24":"item-entry","25":"owp-thumbs-layout-horizontal","26":"owp-btn-big","27":"owp-tabs-layout-horizontal"},"ase":null,"_links":{"self":[{"href":"https:\/\/www.m-stickers.com\/pt\/wp-json\/wp\/v2\/product\/9154","targetHints":{"allow":["GET"]}}],"collection":[{"href":"https:\/\/www.m-stickers.com\/pt\/wp-json\/wp\/v2\/product"}],"about":[{"href":"https:\/\/www.m-stickers.com\/pt\/wp-json\/wp\/v2\/types\/product"}],"replies":[{"embeddable":true,"href":"https:\/\/www.m-stickers.com\/pt\/wp-json\/wp\/v2\/comments?post=9154"}],"wp:featuredmedia":[{"embeddable":true,"href":"https:\/\/www.m-stickers.com\/pt\/wp-json\/wp\/v2\/media\/57051"}],"wp:attachment":[{"href":"https:\/\/www.m-stickers.com\/pt\/wp-json\/wp\/v2\/media?parent=9154"}],"wp:term":[{"taxonomy":"product_brand","embeddable":true,"href":"https:\/\/www.m-stickers.com\/pt\/wp-json\/wp\/v2\/product_brand?post=9154"},{"taxonomy":"product_cat","embeddable":true,"href":"https:\/\/www.m-stickers.com\/pt\/wp-json\/wp\/v2\/product_cat?post=9154"},{"taxonomy":"product_tag","embeddable":true,"href":"https:\/\/www.m-stickers.com\/pt\/wp-json\/wp\/v2\/product_tag?post=9154"}],"curies":[{"name":"Pneu","href":"https:\/\/api.w.org\/{rel}","templated":true}]}}